{"id":11835,"date":"2026-03-06T14:05:03","date_gmt":"2026-03-06T13:05:03","guid":{"rendered":"https:\/\/www.esorecycling.it\/esofashion-riciclo-moda\/"},"modified":"2026-04-01T10:09:57","modified_gmt":"2026-04-01T08:09:57","slug":"esofashion-genbrug-mode","status":"publish","type":"page","link":"https:\/\/www.esorecycling.it\/da\/esofashion-genbrug-mode\/","title":{"rendered":"esofashion"},"content":{"rendered":"\n<section id=\"block_24a0c6c932c3a4a6c192923bb3fc5482\" class=\"acf-block acf-block-immagine-principale-occhiello\">\n\n    \n    <div class=\"flex items-center bg-center bg-cover bg-no-repeat min-h-[70vh]\" style=\"background-image: url('https:\/\/www.esorecycling.it\/wp-content\/uploads\/2026\/03\/Inn-EF-e1772804481858.png')\">\n        <div class=\"container py-16\">\n            <div class=\"flex flex-col text-white gap-4 items-center text-center\">\n                <h1 class=\"text-2xl font-black reveal\"><\/h1>\n                <p class=\"reveal\"><\/p>\n                            <\/div>\n        <\/div>\n    <\/div>\n\n<\/section>\n\n\n<div class=\"wp-block-image\">\n<figure class=\"aligncenter size-medium\"><img decoding=\"async\" width=\"300\" height=\"147\" src=\"https:\/\/www.esorecycling.it\/wp-content\/uploads\/2026\/03\/Logo-ef-2-300x147.png\" alt=\"Logo di moda elegante e moderno\" class=\"wp-image-11070\" title=\"\" srcset=\"https:\/\/www.esorecycling.it\/wp-content\/uploads\/2026\/03\/Logo-ef-2-300x147.png 300w, https:\/\/www.esorecycling.it\/wp-content\/uploads\/2026\/03\/Logo-ef-2-768x377.png 768w, https:\/\/www.esorecycling.it\/wp-content\/uploads\/2026\/03\/Logo-ef-2.png 979w\" sizes=\"(max-width: 300px) 100vw, 300px\" \/><\/figure><\/div>\n\n\n<section id=\"block_c11ca7b0e7fed9976685c55bc137034b\" class=\"acf-block acf-block-occhiello-titolo-testo\">\n    <div class=\"container py-8\">\n        <div class=\"flex flex-col gap-4 text-center\">\n            <hgroup class=\"flex flex-col gap-1\">\n                <h2 class=\"uppercase font-medium\">B\u00e6redygtighed f\u00e5r nyt liv<\/h2>\n                <h2 class=\"text-lg lg:text-xl\">ESOFASHION<\/h1>\n            <\/hgroup>\n            <hr class=\"divider mx-auto\" \/>\n            <div class=\"\"><h2 style=\"text-align: left;\">Mode<\/h2>\n<p style=\"text-align: left;\"><strong>ESOFASHION<\/strong> er ESO RECYCLINGs service dedikeret til indsamling, genanvendelse og genbrug af t\u00f8j, sko og accessories fra modeverdenen, med m\u00e5let om at omdanne tekstilaffald til b\u00e6redygtige og v\u00e6rdifulde ressourcer til nye industrielle og samfundsm\u00e6ssige anvendelser.<\/p>\n<p style=\"text-align: left;\">Modeindustrien er en af de mest betydningsfulde sektorer globalt, men er ogs\u00e5 en af dem med st\u00f8rst milj\u00f8p\u00e5virkning. Fremstillingen af bekl\u00e6dningsgenstande kr\u00e6ver store m\u00e6ngder af naturressourcer og energi, hvilket bidrager betydeligt til \u00f8gede tekstilaffaldsm\u00e6ngder, forurening og udledning af drivhusgasser.<\/p>\n<p>&nbsp;<\/p>\n<p style=\"text-align: left;\">Til denne udfordring kommer f\u00e6nomenet <strong>fast fashion<\/strong>, som fremskynder forbrugscyklussen og genererer enorme m\u00e6ngder produkter, der kun bruges i meget korte perioder og derefter kasseres, hvilket yderligere \u00f8ger presset p\u00e5 affaldsh\u00e5ndtering og milj\u00f8et.<\/p>\n<p>&nbsp;<\/p>\n<p style=\"text-align: left;\">Af denne grund er det vigtigt at fremme en model for <strong>cirkul\u00e6r \u00f8konomi<\/strong> inden for mode, hvor tekstilmaterialer indsamles, sorteres, genbruges og genanvendes, s\u00e5 de ikke ender p\u00e5 <strong>deponi<\/strong>, samtidig med at milj\u00f8p\u00e5virkningen reduceres. <strong>ESOFASHION<\/strong> repr\u00e6senterer en konkret l\u00f8sning, der kombinerer teknologisk innovation, b\u00e6redygtighed og socialt ansvar for at omdanne affald til nye ressourcer og st\u00f8tte virksomheder, samfund og milj\u00f8.<\/p>\n<\/div>\n        <\/div>\n    <\/div>\n<\/section>\n\n\n<div class=\"wp-block-image\">\n<figure class=\"aligncenter size-large is-resized\"><img decoding=\"async\" width=\"1024\" height=\"683\" src=\"https:\/\/www.esorecycling.it\/wp-content\/uploads\/2026\/03\/iStock-1179463838-1024x683.jpg\" alt=\"\" class=\"wp-image-11139\" style=\"width:0px\" title=\"\" srcset=\"https:\/\/www.esorecycling.it\/wp-content\/uploads\/2026\/03\/iStock-1179463838-1024x683.jpg 1024w, https:\/\/www.esorecycling.it\/wp-content\/uploads\/2026\/03\/iStock-1179463838-300x200.jpg 300w, https:\/\/www.esorecycling.it\/wp-content\/uploads\/2026\/03\/iStock-1179463838-768x512.jpg 768w, https:\/\/www.esorecycling.it\/wp-content\/uploads\/2026\/03\/iStock-1179463838-1536x1024.jpg 1536w, https:\/\/www.esorecycling.it\/wp-content\/uploads\/2026\/03\/iStock-1179463838-2048x1365.jpg 2048w\" sizes=\"(max-width: 1024px) 100vw, 1024px\" \/><\/figure><\/div>\n\n\n<section id=\"block_7c5c216a345a33e650fd9447e5df441d\" class=\"acf-block acf-block-occhiello-titolo-testo\">\n    <div class=\"container py-8\">\n        <div class=\"flex flex-col gap-4 text-center\">\n            <hgroup class=\"flex flex-col gap-1\">\n                <h2 class=\"uppercase font-medium\">ESO-modellen<\/h2>\n                <h2 class=\"text-lg lg:text-xl\"><\/h1>\n            <\/hgroup>\n            <hr class=\"divider mx-auto\" \/>\n            <div class=\"\"><p style=\"text-align: left;\">Verden af <strong>ESO<\/strong> er et netv\u00e6rk af virksomheder forenet af en f\u00e6lles vision: at omdanne det, der opfattes som affald, til <strong>en ny ressource<\/strong>, ved at v\u00e6rds\u00e6tte materialer, som ellers ville blive kasseret, og skabe b\u00e6redygtige muligheder for virksomheder og samfund.<\/p>\n<p>&nbsp;<\/p>\n<p style=\"text-align: left;\">Takket v\u00e6re over tyve \u00e5rs erfaring inden for affaldsh\u00e5ndtering udvikler vi konkrete l\u00f8sninger inden for <strong>cirkul\u00e6r \u00f8konomi<\/strong>, hvor alle akt\u00f8rer i v\u00e6rdik\u00e6den bidrager til at reducere milj\u00f8p\u00e5virkningen, fremme ansvarlige praksisser og skabe reel v\u00e6rdi for lokalomr\u00e5det, virksomheder og borgere. Vores tilgang integrerer avanceret teknologi, effektive genvindingsprocesser og en klar vision for b\u00e6redygtighed med henblik p\u00e5 en gr\u00f8nnere og mere innovativ fremtid.<\/p>\n<\/div>\n        <\/div>\n    <\/div>\n<\/section>\n\n\n\n<section id=\"block_5fefecf62c5b18677c597ebd9ccdb5d7\" class=\"acf-block acf-block-occhiello-titolo-testo\">\n    <div class=\"container py-8\">\n        <div class=\"flex flex-col gap-4 text-center\">\n            <hgroup class=\"flex flex-col gap-1\">\n                <h2 class=\"uppercase font-medium\">ESOFASHION-tjenesten<\/h2>\n                <h2 class=\"text-lg lg:text-xl\"><\/h1>\n            <\/hgroup>\n            <hr class=\"divider mx-auto\" \/>\n            <div class=\"\"><p style=\"text-align: left;\">Med <strong>ESOFASHION<\/strong> tilbyder vi en komplet service dedikeret til indsamling og genanvendelse af materialer fra modeverdenen, herunder:<\/p>\n<p> &nbsp; <\/p>\n<ul style=\"list-style: disc !important; margin-left: 25px; padding-left: 20px;\">\n<li style=\"display: list-item; text-align: left;\">Bekl\u00e6dning<\/li>\n<li style=\"display: list-item; text-align: left;\">Sko<\/li>\n<li style=\"display: list-item; text-align: left;\">Modeaccessories<\/li>\n<li style=\"display: list-item; text-align: left;\">Pr\u00f8vekollektioner<\/li>\n<li style=\"display: list-item; text-align: left;\">Usolgte produkter<\/li>\n<\/ul>\n<p> &nbsp; <\/p>\n<p style=\"text-align: left;\">Alle materialer kommer fra <strong>virksomheder og detailhandlere inden for fashion-sektoren<\/strong> og bliver n\u00f8je udvalgt for at blive sendt til genvindings- og forarbejdningsprocesser. Takket v\u00e6re disse operationer omdannes affald til <strong>nye sekund\u00e6re r\u00e5materialer<\/strong>, klar til at blive genindf\u00f8rt i produktionsk\u00e6den. P\u00e5 denne m\u00e5de bidrager vi konkret til at reducere tekstilaffald og fremmer en model for <strong>cirkul\u00e6r \u00f8konomi<\/strong>, der kombinerer b\u00e6redygtighed, innovation og milj\u00f8ansvar.<\/p>\n<\/div>\n        <\/div>\n    <\/div>\n<\/section>\n\n\n\n<section id=\"block_e00d1353482ff17df1b3a3932b005eb3\" class=\"acf-block acf-block-occhiello-titolo-testo\">\n    <div class=\"container py-8\">\n        <div class=\"flex flex-col gap-4 text-center\">\n            <hgroup class=\"flex flex-col gap-1\">\n                <h2 class=\"uppercase font-medium\">Fra affald til nye ressourcer<\/h2>\n                <h2 class=\"text-lg lg:text-xl\"><\/h1>\n            <\/hgroup>\n            <hr class=\"divider mx-auto\" \/>\n            <div class=\"\"><p style=\"text-align: left;\">Bekl\u00e6dning, sko og accessories \u2014 b\u00e5de <strong>f\u00f8r- og efter-forbrug<\/strong> \u2014 bliver n\u00f8je genvundet og omdannet til nye materialer og produkter til mange forskellige anvendelser, hvilket hj\u00e6lper med at give nyt liv til det, som ellers ville blive betragtet som affald:<\/p>\n<p> &nbsp; <\/p>\n<ul style=\"list-style: disc !important; margin-left: 25px; padding-left: 20px;\">\n<li style=\"display: list-item; text-align: left;\">Byinventar, s\u00e5som b\u00e6nke, plantekasser og udstyr til offentlige omr\u00e5der<\/li>\n<li style=\"display: list-item; text-align: left;\">Indretning til indend\u00f8rs rum, inklusive m\u00f8bler og l\u00f8sninger til kontorer, skoler og f\u00e6llesskaber<\/li>\n<li style=\"display: list-item; text-align: left;\">Sportsbel\u00e6gninger, herunder gulve og st\u00f8dd\u00e6mpende omr\u00e5der til fitnesscentre og legepladser<\/li>\n<li style=\"display: list-item; text-align: left;\">Nye materialer til f\u00e6llesskabet, designet til innovative og b\u00e6redygtige projekter<\/li>\n<\/ul>\n<p> &nbsp; <\/p>\n<p style=\"text-align: left;\">Denne tilgang reducerer ikke kun behovet for at anvende <strong>nye r\u00e5materialer<\/strong>, men underst\u00f8tter ogs\u00e5 konkret overgangen til en mere b\u00e6redygtig og cirkul\u00e6r produktionsmodel, hvor hvert genvundet materiale bliver en v\u00e6rdifuld ressource for virksomheder, samfund og milj\u00f8.<\/p>\n<\/div>\n        <\/div>\n    <\/div>\n<\/section>\n\n\n<div class=\"wp-block-image\">\n<figure class=\"aligncenter size-large is-resized\"><img decoding=\"async\" width=\"697\" height=\"1024\" src=\"https:\/\/www.esorecycling.it\/wp-content\/uploads\/2026\/03\/Borsa-gialla-697x1024.jpg\" alt=\"\" class=\"wp-image-11156\" style=\"width:350px\" title=\"\" srcset=\"https:\/\/www.esorecycling.it\/wp-content\/uploads\/2026\/03\/Borsa-gialla-697x1024.jpg 697w, https:\/\/www.esorecycling.it\/wp-content\/uploads\/2026\/03\/Borsa-gialla-204x300.jpg 204w, https:\/\/www.esorecycling.it\/wp-content\/uploads\/2026\/03\/Borsa-gialla-768x1129.jpg 768w, https:\/\/www.esorecycling.it\/wp-content\/uploads\/2026\/03\/Borsa-gialla-1045x1536.jpg 1045w, https:\/\/www.esorecycling.it\/wp-content\/uploads\/2026\/03\/Borsa-gialla-1393x2048.jpg 1393w, https:\/\/www.esorecycling.it\/wp-content\/uploads\/2026\/03\/Borsa-gialla-scaled.jpg 1741w\" sizes=\"(max-width: 697px) 100vw, 697px\" \/><\/figure><\/div>\n\n\n<section id=\"block_63c59ec268684f57045d5a81a0efaccc\" class=\"acf-block acf-block-occhiello-titolo-testo\">\n    <div class=\"container py-8\">\n        <div class=\"flex flex-col gap-4 text-center\">\n            <hgroup class=\"flex flex-col gap-1\">\n                <h2 class=\"uppercase font-medium\">Et engagement for b\u00e6redygtig mode<\/h2>\n                <h2 class=\"text-lg lg:text-xl\"><\/h1>\n            <\/hgroup>\n            <hr class=\"divider mx-auto\" \/>\n            <div class=\"\"><p style=\"text-align: left;\">Med <strong>ESOFASHION<\/strong> bidrager ESO RECYCLING aktivt til at reducere spildet af t\u00f8j, sko og accessories, der ellers ville ende som affald, og fremmer samtidig <strong>milj\u00f8m\u00e6ssig b\u00e6redygtighed og socialt ansvar<\/strong> inden for modebranchen. Denne tilgang er ikke kun en l\u00f8sning p\u00e5 den stigende m\u00e6ngde tekstilaffald, men ogs\u00e5 et skridt mod at skabe et mere ansvarligt og cirkul\u00e6rt \u00f8konomisk system, hvor materialerne bliver genanvendt og genbrugt p\u00e5 en m\u00e5de, der gavner b\u00e5de milj\u00f8et og samfundet. ESOFASHION er s\u00e5ledes en vigtig del af den globale indsats for at reducere modeindustriens milj\u00f8p\u00e5virkning og samtidig fremme et mere ansvarligt forbrug og produktion i hele branchen.<\/p>\n<\/div>\n        <\/div>\n    <\/div>\n<\/section>\n\n\n\n<div style=\"height:100px\" aria-hidden=\"true\" class=\"wp-block-spacer\"><\/div>\n\n\n\n<section id=\"block_324ef27f661a4ef1419c5ed7f28ef7eb\" class=\"acf-block acf-block-occhiello-titolo-testo\">\n    <div class=\"container py-8\">\n        <div class=\"flex flex-col gap-4 text-center\">\n            <hgroup class=\"flex flex-col gap-1\">\n                <h2 class=\"uppercase font-medium\">Mode &#038; cirkularitet<\/h2>\n                <h2 class=\"text-lg lg:text-xl\">B\u00e6redygtighed if\u00f8rer sig nyt<\/h1>\n            <\/hgroup>\n            <hr class=\"divider mx-auto\" \/>\n            <div class=\"\"><p>At give materialer nyt liv betyder at gent\u00e6nke fremtiden. Med ESO Recycling bliver b\u00e6redygtighed en reel, m\u00e5lbar og integreret proces i tekstilforsyningsk\u00e6den.<\/p>\n<p><a href=\"https:\/\/heyzine.com\/flip-book\/649e51b3c7.html\" target=\"_blank\" rel=\"noopener\"><strong>Bladr i brochuren<\/strong><\/a><\/p>\n<\/div>\n        <\/div>\n    <\/div>\n<\/section>\n\n\n\n<iframe allowfullscreen=\"allowfullscreen\" allow=\"clipboard-write\" scrolling=\"no\" class=\"fp-iframe\" style=\"border: 1px solid lightgray; width: 100%; height: 600px;\" src=\"https:\/\/heyzine.com\/flip-book\/649e51b3c7.html\"><\/iframe>\n\n\n\n<div style=\"height:100px\" aria-hidden=\"true\" class=\"wp-block-spacer\"><\/div>\n\n\n\n<section id=\"block_4473b45320dfc9aa762edfad2233a010\" class=\"acf-block acf-block-occhiello-titolo-testo\">\n    <div class=\"container py-8\">\n        <div class=\"flex flex-col gap-4 text-center\">\n            <hgroup class=\"flex flex-col gap-1\">\n                <h2 class=\"uppercase font-medium\"><\/h2>\n                <h2 class=\"text-lg lg:text-xl\">Foresp\u00f8rgsel om oplysninger og tilbud<\/h1>\n            <\/hgroup>\n            <hr class=\"divider mx-auto\" \/>\n            <div class=\"\"><\/div>\n        <\/div>\n    <\/div>\n<\/section>\n\n\n<p class=\"wpcf7-contact-form-not-found\"><strong>Error:<\/strong> Contact form not found.<\/p>\n\n\n\n<div style=\"height:100px\" aria-hidden=\"true\" class=\"wp-block-spacer\"><\/div>\n\n\n\n<section id=\"block_ec00e40dc8129fc490874b95083fa9da\" class=\"acf-block acf-block-occhiello-titolo-testo\">\n    <div class=\"container py-8\">\n        <div class=\"flex flex-col gap-4 text-center\">\n            <hgroup class=\"flex flex-col gap-1\">\n                <h2 class=\"uppercase font-medium\">Vores m\u00e6rker<\/h2>\n                <h2 class=\"text-lg lg:text-xl\">Affaldets lykkelige slutning<\/h1>\n            <\/hgroup>\n            <hr class=\"divider mx-auto\" \/>\n            <div class=\"\"><p>Ejede varem\u00e6rker tilh\u00f8rende ESO RECYCLING<\/p>\n<\/div>\n        <\/div>\n    <\/div>\n<\/section>\n\n\n\n<section id=\"block_0e6ae4788f9ccca597e19baad97630b0\" class=\"acf-block acf-block-partners\">\n\n\n    \n        <div class=\"container pb-16 px-8 lg:px-0\" x-data=\"{\n            init() {\n                new Splide(this.$refs.splide, {\n                    perPage: 4,\n                    pagination: 0,\n                    gap: 0,\n                    breakpoints: {\n                        640: {\n                            perPage: 1,\n                        },\n                    },\n                }).mount()\n            },\n        }\">\n\n            <div x-ref=\"splide\" class=\"splide\">\n                <div class=\"splide__track\">\n                    <ul class=\"splide__list items-stretch\">\n\n                                                    \n\n                            <li class=\"splide__slide flex items-stretch\">\n                                                                    <a href=\"https:\/\/www.eso.it\/\" target=\"_self\" class=\"w-full shadow-lg p-4 flex flex-col gap-4 justify-between items-start mx-2 my-4\" rel=\"noopener\">\n                                                                                    <img decoding=\"async\" src=\"https:\/\/www.esorecycling.it\/wp-content\/uploads\/2026\/02\/logo-eso-25-1-scaled.png\" title=\" \" class=\"max-w-[200px] self-center\" alt=\"eso logo\">\n                                                                                                                    <\/a>\n                                                            <\/li>\n\n                                                    \n\n                            <li class=\"splide__slide flex items-stretch\">\n                                                                    <a href=\"https:\/\/backtowork.eso.it\/\" target=\"_self\" class=\"w-full shadow-lg p-4 flex flex-col gap-4 justify-between items-start mx-2 my-4\" rel=\"noopener\">\n                                                                                    <img decoding=\"async\" src=\"https:\/\/www.esorecycling.it\/wp-content\/uploads\/2025\/07\/back-to-work-800x800-1.png\" title=\" \" class=\"max-w-[200px] self-center\" alt=\"\">\n                                                                                                                    <\/a>\n                                                            <\/li>\n\n                                                    \n\n                            <li class=\"splide__slide flex items-stretch\">\n                                                                    <a href=\"https:\/\/www.esosport.it\/\" target=\"_self\" class=\"w-full shadow-lg p-4 flex flex-col gap-4 justify-between items-start mx-2 my-4\" rel=\"noopener\">\n                                                                                    <img decoding=\"async\" src=\"https:\/\/www.esorecycling.it\/wp-content\/uploads\/2025\/07\/esosport-800x800-1.png\" title=\" \" class=\"max-w-[200px] self-center\" alt=\"\">\n                                                                                                                    <\/a>\n                                                            <\/li>\n\n                                                    \n\n                            <li class=\"splide__slide flex items-stretch\">\n                                                                    <a href=\"https:\/\/esoweb.it\/\" target=\"_self\" class=\"w-full shadow-lg p-4 flex flex-col gap-4 justify-between items-start mx-2 my-4\" rel=\"noopener\">\n                                                                                    <img decoding=\"async\" src=\"https:\/\/www.esorecycling.it\/wp-content\/uploads\/2026\/02\/esoweb_logo_top2-1.png\" title=\" \" class=\"max-w-[200px] self-center\" alt=\"esoweb logo\">\n                                                                                                                    <\/a>\n                                                            <\/li>\n\n                                                    \n\n                            <li class=\"splide__slide flex items-stretch\">\n                                                                    <a href=\"http:\/\/shop.esoweb.it\" target=\"_self\" class=\"w-full shadow-lg p-4 flex flex-col gap-4 justify-between items-start mx-2 my-4\" rel=\"noopener\">\n                                                                                    <img decoding=\"async\" src=\"https:\/\/www.esorecycling.it\/wp-content\/uploads\/2025\/10\/thumbnail_ESOSHOP-logo-1.png\" title=\" \" class=\"max-w-[200px] self-center\" alt=\"Logo di ESO Shop\">\n                                                                                                                    <\/a>\n                                                            <\/li>\n\n                                                    \n\n                            <li class=\"splide__slide flex items-stretch\">\n                                                                    <a href=\"https:\/\/www.esosport.it\/il-giardino-di-betty-progetto-esosport-di-solidarieta\/\" target=\"_self\" class=\"w-full shadow-lg p-4 flex flex-col gap-4 justify-between items-start mx-2 my-4\" rel=\"noopener\">\n                                                                                    <img decoding=\"async\" src=\"https:\/\/www.esorecycling.it\/wp-content\/uploads\/2025\/07\/il-giardino-di-betty-800x800-1.png\" title=\" \" class=\"max-w-[200px] self-center\" alt=\"\">\n                                                                                                                    <\/a>\n                                                            <\/li>\n\n                                                    \n\n                            <li class=\"splide__slide flex items-stretch\">\n                                                                    <a href=\"https:\/\/www.esosport.it\/pista-di-filippide-sport-e-inclusione-per-tutti\/\" target=\"_self\" class=\"w-full shadow-lg p-4 flex flex-col gap-4 justify-between items-start mx-2 my-4\" rel=\"noopener\">\n                                                                                    <img decoding=\"async\" src=\"https:\/\/www.esorecycling.it\/wp-content\/uploads\/2025\/07\/la-pista-di-filippide-800x800-1.png\" title=\" \" class=\"max-w-[200px] self-center\" alt=\"\">\n                                                                                                                    <\/a>\n                                                            <\/li>\n\n                                                    \n\n                            <li class=\"splide__slide flex items-stretch\">\n                                                                    <a href=\"https:\/\/shop.esoweb.it\/categoria-prodotto\/medal-book\/\" target=\"_self\" class=\"w-full shadow-lg p-4 flex flex-col gap-4 justify-between items-start mx-2 my-4\" rel=\"noopener\">\n                                                                                    <img decoding=\"async\" src=\"https:\/\/www.esorecycling.it\/wp-content\/uploads\/2025\/07\/mb-800x800-2.png\" title=\" \" class=\"max-w-[200px] self-center\" alt=\"\">\n                                                                                                                    <\/a>\n                                                            <\/li>\n\n                                                    \n\n                            <li class=\"splide__slide flex items-stretch\">\n                                                                    <a href=\"https:\/\/shop.esoweb.it\/categoria-prodotto\/medal-in-frame\/\" target=\"_self\" class=\"w-full shadow-lg p-4 flex flex-col gap-4 justify-between items-start mx-2 my-4\" rel=\"noopener\">\n                                                                                    <img decoding=\"async\" src=\"https:\/\/www.esorecycling.it\/wp-content\/uploads\/2025\/07\/mif-800x800-2.png\" title=\" \" class=\"max-w-[200px] self-center\" alt=\"\">\n                                                                                                                    <\/a>\n                                                            <\/li>\n\n                                                    \n\n                            <li class=\"splide__slide flex items-stretch\">\n                                                                    <a href=\"https:\/\/shop.esoweb.it\/categoria-prodotto\/medal-metal\/\" target=\"_self\" class=\"w-full shadow-lg p-4 flex flex-col gap-4 justify-between items-start mx-2 my-4\" rel=\"noopener\">\n                                                                                    <img decoding=\"async\" src=\"https:\/\/www.esorecycling.it\/wp-content\/uploads\/2025\/07\/mm-800x800-2.png\" title=\" \" class=\"max-w-[200px] self-center\" alt=\"\">\n                                                                                                                    <\/a>\n                                                            <\/li>\n\n                                                    \n\n                            <li class=\"splide__slide flex items-stretch\">\n                                                                    <a href=\"https:\/\/shop.esoweb.it\/categoria-prodotto\/medaglie\/\" target=\"_self\" class=\"w-full shadow-lg p-4 flex flex-col gap-4 justify-between items-start mx-2 my-4\" rel=\"noopener\">\n                                                                                    <img decoding=\"async\" src=\"https:\/\/www.esorecycling.it\/wp-content\/uploads\/2025\/07\/re-medal-800x800-2.png\" title=\" \" class=\"max-w-[200px] self-center\" alt=\"\">\n                                                                                                                    <\/a>\n                                                            <\/li>\n\n                        \n                    <\/ul>\n                <\/div>\n            <\/div>\n\n        <\/div>\n\n    \n<\/section>\n\n\n\n<div style=\"height:100px\" aria-hidden=\"true\" class=\"wp-block-spacer\"><\/div>\n","protected":false},"excerpt":{"rendered":"","protected":false},"author":6,"featured_media":0,"parent":0,"menu_order":0,"comment_status":"closed","ping_status":"closed","template":"","meta":{"footnotes":""},"class_list":["post-11835","page","type-page","status-publish","hentry"],"acf":[],"_links":{"self":[{"href":"https:\/\/www.esorecycling.it\/da\/wp-json\/wp\/v2\/pages\/11835","targetHints":{"allow":["GET"]}}],"collection":[{"href":"https:\/\/www.esorecycling.it\/da\/wp-json\/wp\/v2\/pages"}],"about":[{"href":"https:\/\/www.esorecycling.it\/da\/wp-json\/wp\/v2\/types\/page"}],"author":[{"embeddable":true,"href":"https:\/\/www.esorecycling.it\/da\/wp-json\/wp\/v2\/users\/6"}],"replies":[{"embeddable":true,"href":"https:\/\/www.esorecycling.it\/da\/wp-json\/wp\/v2\/comments?post=11835"}],"version-history":[{"count":5,"href":"https:\/\/www.esorecycling.it\/da\/wp-json\/wp\/v2\/pages\/11835\/revisions"}],"predecessor-version":[{"id":11965,"href":"https:\/\/www.esorecycling.it\/da\/wp-json\/wp\/v2\/pages\/11835\/revisions\/11965"}],"wp:attachment":[{"href":"https:\/\/www.esorecycling.it\/da\/wp-json\/wp\/v2\/media?parent=11835"}],"curies":[{"name":"wp","href":"https:\/\/api.w.org\/{rel}","templated":true}]}}