{"id":11837,"date":"2026-02-02T10:30:20","date_gmt":"2026-02-02T09:30:20","guid":{"rendered":"https:\/\/www.esorecycling.it\/gadget\/"},"modified":"2026-04-01T11:41:45","modified_gmt":"2026-04-01T09:41:45","slug":"gadget","status":"publish","type":"page","link":"https:\/\/www.esorecycling.it\/da\/gadget\/","title":{"rendered":"Gadget"},"content":{"rendered":"\n<section id=\"block_f43a629f6708faa270fcbb4b22622f59\" class=\"acf-block acf-block-immagine-principale-occhiello\">\n\n    \n    <div class=\"flex items-center bg-center bg-cover bg-no-repeat min-h-[70vh]\" style=\"background-image: url('https:\/\/www.esorecycling.it\/wp-content\/uploads\/2023\/06\/mix-3-e1761836480955.jpeg')\">\n        <div class=\"container py-16\">\n            <div class=\"flex flex-col text-white gap-4 items-center text-center\">\n                <h1 class=\"text-2xl font-black reveal\"><\/h1>\n                <p class=\"reveal\"><\/p>\n                            <\/div>\n        <\/div>\n    <\/div>\n\n<\/section>\n\n\n\n<section id=\"block_deefaba485dd9169e55a76de99a8fa74\" class=\"acf-block acf-block-occhiello-titolo-testo\">\n    <div class=\"container py-8\">\n        <div class=\"flex flex-col gap-4 text-center\">\n            <hgroup class=\"flex flex-col gap-1\">\n                <h2 class=\"uppercase font-medium\">Vores m\u00e6rker<\/h2>\n                <h2 class=\"text-lg lg:text-xl\">Affaldets lykkelige slutning<\/h1>\n            <\/hgroup>\n            <hr class=\"divider mx-auto\" \/>\n            <div class=\"\"><p><strong>Egne m\u00e6rker<\/strong> af ESO RECYCLING<\/p>\n<\/div>\n        <\/div>\n    <\/div>\n<\/section>\n\n\n\n<section id=\"block_1ec553a37ff7eff4e655bd1b87d662ff\" class=\"acf-block acf-block-occhiello-titolo-testo\">\n    <div class=\"container py-8\">\n        <div class=\"flex flex-col gap-4 text-center\">\n            <hgroup class=\"flex flex-col gap-1\">\n                <h2 class=\"uppercase font-medium\">B\u00e6redygtige gadgets f\u00f8dt af den cirkul\u00e6re \u00f8konomi<\/h2>\n                <h2 class=\"text-lg lg:text-xl\">Hver genstand kan f\u00e5 et nyt liv \u2013 B\u00e6redygtige gadgets<\/h1>\n            <\/hgroup>\n            <hr class=\"divider mx-auto\" \/>\n            <div class=\"\"><h3>Gadgets<\/h3>\n<p> &nbsp; <\/p>\n<div class=\"gadget-text\">\n<p>For os hos <strong>ESO RECYCLING<\/strong> er det at omdanne affald til <strong>v\u00e6rdifulde ressourcer<\/strong> ikke kun en teknisk udfordring, men en sand <strong>overbevisning<\/strong>, der guider hver af vores valg og projekter. Over tid er denne filosofi blevet en integreret del af vores <strong>virksomhedshistorie<\/strong> og den vision, vi \u00f8nsker at dele med virksomheder, organisationer, skoler og samfund: Hvert materiale, hvis det h\u00e5ndteres korrekt, kan f\u00e5 et <strong>nyt liv<\/strong> og bidrage til at skabe en mere b\u00e6redygtig verden.<\/p>\n<p>Vores <strong>b\u00e6redygtige gadgets<\/strong> er et konkret udtryk for denne filosofi. De er lavet af materialer, der ellers ville v\u00e6re blevet smidt ud: <strong>sport affald, personlige v\u00e6rnemidler (DPI) og skrot fra modeindustrien<\/strong>. Disse materialer gennemg\u00e5r en <strong>avanceret og certificeret industriel proces<\/strong>, hvor de udv\u00e6lges, transformeres og regenereres til <strong>h\u00f8jkvalitets r\u00e5materiale<\/strong>, som er klar til at blive genbrugt i produktionscyklussen. Hver gadget fort\u00e6ller derfor en historie: Om et <strong>affald, der bliver til noget nyt<\/strong>, nyttigt og v\u00e6rdifuldt, og kombinerer <strong>b\u00e6redygtighed, funktionalitet og moderne design<\/strong>.<\/p>\n<p>Gennem vores anl\u00e6g gennemg\u00e5r hvert materiale en r\u00e6kke kontrollerede faser: fra <strong>den indledende udv\u00e6lgelse<\/strong>, reng\u00f8ring til industriel transformation. Affaldet bliver reduceret til <strong>granulater, fibre eller komponenter<\/strong>, afh\u00e6ngigt af typen, og omdannet til nye produkter. Denne proces reducerer ikke kun m\u00e6ngden af affald, der sendes til deponering, men muligg\u00f8r ogs\u00e5 skabelsen af <strong>holdbare og designorienterede objekter<\/strong>, som kan formidle konkrete v\u00e6rdier.<\/p>\n<p>Vores <strong>gadgets<\/strong> d\u00e6kker et bredt udvalg af anvendelser og er designet til at im\u00f8dekomme de forskellige behov hos virksomheder og offentlige institutioner. Blandt disse finder vi:<\/p>\n<ul style=\"list-style: disc; margin-left: 25px; padding-left: 20px;\">\n<li><strong>Tasker<\/strong> fremstillet af genbrugte stoffer fra gamle sko og t\u00f8j, ideelle til kontorer, messer eller virksomhedsevents.<\/li>\n<li><strong>N\u00f8gleringe, etuier og skrivebordstilbeh\u00f8r<\/strong>, der omdanner komponenter fra DPI og sportsudstyr til sm\u00e5 designobjekter og dagligdagsbrug.<\/li>\n<li><strong>Promoveringsartikler og tilpassede produkter<\/strong>, der g\u00f8r det muligt at kommunikere virksomhedens budskaber eller b\u00e6redygtighedsv\u00e6rdier p\u00e5 en konkret og h\u00e5ndgribelig m\u00e5de.<\/li>\n<li><strong>Produkter til events og messer<\/strong>, der er designet til at give synlighed til gr\u00f8nne initiativer og fremme ansvarlig affaldsh\u00e5ndtering.<\/li>\n<\/ul>\n<p> Hver genstand er designet til at v\u00e6re <strong>funktionel, holdbar og langtidsholdbar<\/strong>, men frem for alt til at formidle et budskab om <strong>b\u00e6redygtighed og ansvarlighed<\/strong>. At k\u00f8be en gadget fra <strong>ESO RECYCLING<\/strong> betyder at v\u00e6lge et objekt, der ikke kun har en praktisk funktion, men som ogs\u00e5 fort\u00e6ller historien om <strong>genbrug<\/strong>, v\u00e6rds\u00e6ttelsen af materialer og beskyttelsen af naturressourcer.<\/p>\n<\/div>\n        <\/div>\n    <\/div>\n<\/section>\n\n\n\n<section id=\"block_0fbccc370879e22e36fa6dab8d794eef\" class=\"acf-block acf-block-partners\">\n\n\n    \n        <div class=\"container pb-16 px-8 lg:px-0\" x-data=\"{\n            init() {\n                new Splide(this.$refs.splide, {\n                    perPage: 4,\n                    pagination: 0,\n                    gap: 0,\n                    breakpoints: {\n                        640: {\n                            perPage: 1,\n                        },\n                    },\n                }).mount()\n            },\n        }\">\n\n            <div x-ref=\"splide\" class=\"splide\">\n                <div class=\"splide__track\">\n                    <ul class=\"splide__list items-stretch\">\n\n                                                    \n\n                            <li class=\"splide__slide flex items-stretch\">\n                                                                    <a href=\"https:\/\/www.eso.it\/\" target=\"_self\" class=\"w-full shadow-lg p-4 flex flex-col gap-4 justify-between items-start mx-2 my-4\" rel=\"noopener\">\n                                                                                    <img decoding=\"async\" src=\"https:\/\/www.esorecycling.it\/wp-content\/uploads\/2026\/02\/logo-eso-25-1-scaled.png\" title=\" \" class=\"max-w-[200px] self-center\" alt=\"eso logo\">\n                                                                                                                    <\/a>\n                                                            <\/li>\n\n                                                    \n\n                            <li class=\"splide__slide flex items-stretch\">\n                                                                    <a href=\"https:\/\/backtowork.eso.it\/\" target=\"_self\" class=\"w-full shadow-lg p-4 flex flex-col gap-4 justify-between items-start mx-2 my-4\" rel=\"noopener\">\n                                                                                    <img decoding=\"async\" src=\"https:\/\/www.esorecycling.it\/wp-content\/uploads\/2025\/07\/back-to-work-800x800-1.png\" title=\" \" class=\"max-w-[200px] self-center\" alt=\"\">\n                                                                                                                    <\/a>\n                                                            <\/li>\n\n                                                    \n\n                            <li class=\"splide__slide flex items-stretch\">\n                                                                    <a href=\"https:\/\/www.esosport.it\/\" target=\"_self\" class=\"w-full shadow-lg p-4 flex flex-col gap-4 justify-between items-start mx-2 my-4\" rel=\"noopener\">\n                                                                                    <img decoding=\"async\" src=\"https:\/\/www.esorecycling.it\/wp-content\/uploads\/2025\/07\/esosport-800x800-1.png\" title=\" \" class=\"max-w-[200px] self-center\" alt=\"\">\n                                                                                                                    <\/a>\n                                                            <\/li>\n\n                                                    \n\n                            <li class=\"splide__slide flex items-stretch\">\n                                                                    <a href=\"https:\/\/esoweb.it\/\" target=\"_self\" class=\"w-full shadow-lg p-4 flex flex-col gap-4 justify-between items-start mx-2 my-4\" rel=\"noopener\">\n                                                                                    <img decoding=\"async\" src=\"https:\/\/www.esorecycling.it\/wp-content\/uploads\/2026\/02\/esoweb_logo_top2-1.png\" title=\" \" class=\"max-w-[200px] self-center\" alt=\"esoweb logo\">\n                                                                                                                    <\/a>\n                                                            <\/li>\n\n                                                    \n\n                            <li class=\"splide__slide flex items-stretch\">\n                                                                    <a href=\"http:\/\/shop.esoweb.it\" target=\"_self\" class=\"w-full shadow-lg p-4 flex flex-col gap-4 justify-between items-start mx-2 my-4\" rel=\"noopener\">\n                                                                                    <img decoding=\"async\" src=\"https:\/\/www.esorecycling.it\/wp-content\/uploads\/2025\/10\/thumbnail_ESOSHOP-logo-1.png\" title=\" \" class=\"max-w-[200px] self-center\" alt=\"Logo di ESO Shop\">\n                                                                                                                    <\/a>\n                                                            <\/li>\n\n                                                    \n\n                            <li class=\"splide__slide flex items-stretch\">\n                                                                    <a href=\"https:\/\/www.esosport.it\/il-giardino-di-betty-progetto-esosport-di-solidarieta\/\" target=\"_self\" class=\"w-full shadow-lg p-4 flex flex-col gap-4 justify-between items-start mx-2 my-4\" rel=\"noopener\">\n                                                                                    <img decoding=\"async\" src=\"https:\/\/www.esorecycling.it\/wp-content\/uploads\/2025\/07\/il-giardino-di-betty-800x800-1.png\" title=\" \" class=\"max-w-[200px] self-center\" alt=\"\">\n                                                                                                                    <\/a>\n                                                            <\/li>\n\n                                                    \n\n                            <li class=\"splide__slide flex items-stretch\">\n                                                                    <a href=\"https:\/\/www.esosport.it\/pista-di-filippide-sport-e-inclusione-per-tutti\/\" target=\"_self\" class=\"w-full shadow-lg p-4 flex flex-col gap-4 justify-between items-start mx-2 my-4\" rel=\"noopener\">\n                                                                                    <img decoding=\"async\" src=\"https:\/\/www.esorecycling.it\/wp-content\/uploads\/2025\/07\/la-pista-di-filippide-800x800-1.png\" title=\" \" class=\"max-w-[200px] self-center\" alt=\"\">\n                                                                                                                    <\/a>\n                                                            <\/li>\n\n                                                    \n\n                            <li class=\"splide__slide flex items-stretch\">\n                                                                    <a href=\"https:\/\/shop.esoweb.it\/categoria-prodotto\/medal-book\/\" target=\"_self\" class=\"w-full shadow-lg p-4 flex flex-col gap-4 justify-between items-start mx-2 my-4\" rel=\"noopener\">\n                                                                                    <img decoding=\"async\" src=\"https:\/\/www.esorecycling.it\/wp-content\/uploads\/2025\/07\/mb-800x800-2.png\" title=\" \" class=\"max-w-[200px] self-center\" alt=\"\">\n                                                                                                                    <\/a>\n                                                            <\/li>\n\n                                                    \n\n                            <li class=\"splide__slide flex items-stretch\">\n                                                                    <a href=\"https:\/\/shop.esoweb.it\/categoria-prodotto\/medal-in-frame\/\" target=\"_self\" class=\"w-full shadow-lg p-4 flex flex-col gap-4 justify-between items-start mx-2 my-4\" rel=\"noopener\">\n                                                                                    <img decoding=\"async\" src=\"https:\/\/www.esorecycling.it\/wp-content\/uploads\/2025\/07\/mif-800x800-2.png\" title=\" \" class=\"max-w-[200px] self-center\" alt=\"\">\n                                                                                                                    <\/a>\n                                                            <\/li>\n\n                                                    \n\n                            <li class=\"splide__slide flex items-stretch\">\n                                                                    <a href=\"https:\/\/shop.esoweb.it\/categoria-prodotto\/medal-metal\/\" target=\"_self\" class=\"w-full shadow-lg p-4 flex flex-col gap-4 justify-between items-start mx-2 my-4\" rel=\"noopener\">\n                                                                                    <img decoding=\"async\" src=\"https:\/\/www.esorecycling.it\/wp-content\/uploads\/2025\/07\/mm-800x800-2.png\" title=\" \" class=\"max-w-[200px] self-center\" alt=\"\">\n                                                                                                                    <\/a>\n                                                            <\/li>\n\n                                                    \n\n                            <li class=\"splide__slide flex items-stretch\">\n                                                                    <a href=\"https:\/\/shop.esoweb.it\/categoria-prodotto\/medaglie\/\" target=\"_self\" class=\"w-full shadow-lg p-4 flex flex-col gap-4 justify-between items-start mx-2 my-4\" rel=\"noopener\">\n                                                                                    <img decoding=\"async\" src=\"https:\/\/www.esorecycling.it\/wp-content\/uploads\/2025\/07\/re-medal-800x800-2.png\" title=\" \" class=\"max-w-[200px] self-center\" alt=\"\">\n                                                                                                                    <\/a>\n                                                            <\/li>\n\n                        \n                    <\/ul>\n                <\/div>\n            <\/div>\n\n        <\/div>\n\n    \n<\/section>\n","protected":false},"excerpt":{"rendered":"","protected":false},"author":6,"featured_media":0,"parent":0,"menu_order":0,"comment_status":"closed","ping_status":"closed","template":"","meta":{"footnotes":""},"class_list":["post-11837","page","type-page","status-publish","hentry"],"acf":[],"_links":{"self":[{"href":"https:\/\/www.esorecycling.it\/da\/wp-json\/wp\/v2\/pages\/11837","targetHints":{"allow":["GET"]}}],"collection":[{"href":"https:\/\/www.esorecycling.it\/da\/wp-json\/wp\/v2\/pages"}],"about":[{"href":"https:\/\/www.esorecycling.it\/da\/wp-json\/wp\/v2\/types\/page"}],"author":[{"embeddable":true,"href":"https:\/\/www.esorecycling.it\/da\/wp-json\/wp\/v2\/users\/6"}],"replies":[{"embeddable":true,"href":"https:\/\/www.esorecycling.it\/da\/wp-json\/wp\/v2\/comments?post=11837"}],"version-history":[{"count":2,"href":"https:\/\/www.esorecycling.it\/da\/wp-json\/wp\/v2\/pages\/11837\/revisions"}],"predecessor-version":[{"id":12016,"href":"https:\/\/www.esorecycling.it\/da\/wp-json\/wp\/v2\/pages\/11837\/revisions\/12016"}],"wp:attachment":[{"href":"https:\/\/www.esorecycling.it\/da\/wp-json\/wp\/v2\/media?parent=11837"}],"curies":[{"name":"wp","href":"https:\/\/api.w.org\/{rel}","templated":true}]}}