{"id":11842,"date":"2025-11-12T10:01:45","date_gmt":"2025-11-12T09:01:45","guid":{"rendered":"https:\/\/www.esorecycling.it\/esosport-wellness-mindfulness\/"},"modified":"2026-04-07T11:03:33","modified_gmt":"2026-04-07T09:03:33","slug":"esosport-wellness-mindfulness","status":"publish","type":"page","link":"https:\/\/www.esorecycling.it\/da\/esosport-wellness-mindfulness\/","title":{"rendered":"esosport wellness &amp; mindfulness st\u00f8bt"},"content":{"rendered":"\n<section id=\"block_03a41c49a973789cb676d6bc77d68736\" class=\"acf-block acf-block-immagine-principale-occhiello\">\n\n    \n    <div class=\"flex items-center bg-center bg-cover bg-no-repeat min-h-[70vh]\" style=\"background-image: url('https:\/\/www.esorecycling.it\/wp-content\/uploads\/2025\/12\/Yoga-Colato.png')\">\n        <div class=\"container py-16\">\n            <div class=\"flex flex-col text-white gap-4 items-center text-center\">\n                <h1 class=\"text-2xl font-black reveal\"><\/h1>\n                <p class=\"reveal\"><\/p>\n                            <\/div>\n        <\/div>\n    <\/div>\n\n<\/section>\n\n\n\n<section id=\"block_db3d966ab4014550714ed9d4859f11c4\" class=\"acf-block acf-block-occhiello-titolo-testo\">\n    <div class=\"container py-8\">\n        <div class=\"flex flex-col gap-4 text-center\">\n            <hgroup class=\"flex flex-col gap-1\">\n                <h2 class=\"uppercase font-medium\">Skr\u00e6ddersyet design til hvert rum<\/h2>\n                <h2 class=\"text-lg lg:text-xl\">esosport wellness &#038; mindfulness <\/h1>\n            <\/hgroup>\n            <hr class=\"divider mx-auto\" \/>\n            <div class=\"\"><h3 style=\"text-align: left;\">Vore <strong>esosport wellness &amp; mindfulness<\/strong> omr\u00e5der er skabt for at fremme <strong>psykofysisk velv\u00e6re, forbindelsen med naturen og social inklusion<\/strong>, takket v\u00e6re brugen af <strong>\u00f8komilj\u00f8venlige gummibel\u00e6gninger<\/strong>, fremstillet af <strong>genbrugsmaterialer fra sportsko, d\u00e6k og udstyr ved livets afslutning<\/strong>.<\/h3>\n<h3><\/h3>\n<h3 style=\"text-align: left;\">Hvert element er designet til at tilbyde <strong>h\u00f8j ydeevne, holdbarhed og respekt for milj\u00f8et<\/strong>, og er et skridt mod en mere b\u00e6redygtig fremtid. Disse omr\u00e5der er ikke kun funktionelle, men ogs\u00e5 smukt integreret i deres naturlige omgivelser, hvilket skaber en helhedsorienteret oplevelse for b\u00e5de krop og sind.<\/h3>\n<p>&nbsp;<\/p>\n<p style=\"text-align: left; margin-top: 1em;\">Disse overflader, designet til <strong>afslapningsomr\u00e5der, sensoriske stier, terapeutiske haver og meditationszoner<\/strong>, forener <strong>komfort, sikkerhed og harmoni med naturen<\/strong>, og forvandler hvert rum til et <strong>sted for balance, ro og velv\u00e6re<\/strong>.<\/p>\n<p>&nbsp;<\/p>\n<p style=\"text-align: left; margin-top: 1em;\">Hver enkelt detalje er gennemarbejdet for at maksimere oplevelsen af b\u00e5de fysisk og mental afslapning. Opm\u00e6rksomheden p\u00e5 detaljer og materialernes kvalitet sikrer en unik sensorisk oplevelse, hvor bev\u00e6gelse og afslapning bliver <strong>bevidste handlinger til fordel for sundhed og b\u00e6redygtighed<\/strong>.<\/p>\n<p>&nbsp;<\/p>\n<p style=\"text-align: left; margin-top: 1em;\">Vore l\u00f8sninger er ikke kun designet til at opfylde de funktionelle behov, men skaber ogs\u00e5 et rum, hvor menneskets forbindelse til naturen og sig selv bliver styrket. Samtidig er de perfekte til at skabe et milj\u00f8, der inspirerer til ro, refleksion og v\u00e6kst, og samtidig tager hensyn til planetens behov for beskyttelse og genbrug.<\/p>\n<\/div>\n        <\/div>\n    <\/div>\n<\/section>\n\n\n\n<p><\/p>\n\n\n\n<section id=\"block_e10e956f8d1b327e558f0341d8898391\" class=\"acf-block acf-block-occhiello-titolo-testo\">\n    <div class=\"container py-8\">\n        <div class=\"flex flex-col gap-4 text-center\">\n            <hgroup class=\"flex flex-col gap-1\">\n                <h2 class=\"uppercase font-medium\">Skr\u00e6ddersyet design til hvert rum<\/h2>\n                <h2 class=\"text-lg lg:text-xl\"><\/h1>\n            <\/hgroup>\n            <hr class=\"divider mx-auto\" \/>\n            <div class=\"\"><div class=\"elenco-verde-wrapper\" style=\"text-align: left;\">\n<p style=\"margin: 0 0 20px 0; line-height: 1.7;\">Hvert projekt udvikles i samarbejde med <strong>arkitekter, landskabsdesignere og specialiserede teknikere<\/strong> for at skabe <strong>personlige, funktionelle og harmoniske milj\u00f8er<\/strong>, der er fuldst\u00e6ndigt tilpasset kontekstens og brugernes behov.<\/p>\n<p>&nbsp;<\/p>\n<ul class=\"elenco-verde-centrato\" style=\"text-align: left; margin-left: 0; padding-left: 0; line-height: 1.7;\">\n<li style=\"margin-bottom: 14px;\"><strong>Virksomhedsomr\u00e5der og omr\u00e5der dedikeret til corporate wellness:<\/strong> designet til at fremme medarbejdernes trivsel samt stimulere produktivitet og afslapning<\/li>\n<li style=\"margin-bottom: 14px;\"><strong>Sensoriske haver til skoler, f\u00e6llesskaber og uddannelsescentre:<\/strong> sikre og stimulerende steder, ideelle til l\u00e6ring, inklusion og sensorisk udvikling<\/li>\n<li style=\"margin-bottom: 14px;\"><strong>Afslapningsomr\u00e5der til sundheds-, rehabiliterings- og wellnesscentre:<\/strong> designet til at fremme restitution, ro og harmoni, med fokus p\u00e5 komfort og sikkerhed<\/li>\n<li style=\"margin-bottom: 14px;\"><strong>Mindfulness-stier i byparker og private omr\u00e5der:<\/strong> overflader, der inviterer til meditation og bevidst kontakt med omgivelserne<\/li>\n<\/ul>\n<p>&nbsp;<\/p>\n<p style=\"margin-top: 25px; line-height: 1.7;\">Takket v\u00e6re <strong>ESO RECYCLING\u00ae<\/strong> teknologien er bel\u00e6gningerne <strong>skridsikre, dr\u00e6nende, giftfri og fuldt tilpasselige<\/strong> i <strong>form, tykkelse og farve<\/strong>, hvilket g\u00f8r det muligt at designe unikke, sikre rum i fuld harmoni med milj\u00f8et og brugernes behov.<\/p>\n<\/div>\n<\/div>\n        <\/div>\n    <\/div>\n<\/section>\n\n\n\n<section id=\"block_4792fc523e7874ddef6ba0900759b9f0\" class=\"acf-block acf-block-occhiello-titolo-testo\">\n    <div class=\"container py-8\">\n        <div class=\"flex flex-col gap-4 text-center\">\n            <hgroup class=\"flex flex-col gap-1\">\n                <h2 class=\"uppercase font-medium\">En enkelt kontaktperson, uendelige l\u00f8sninger<\/h2>\n                <h2 class=\"text-lg lg:text-xl\"><\/h1>\n            <\/hgroup>\n            <hr class=\"divider mx-auto\" \/>\n            <div class=\"\"><div class=\"elenco-verde-wrapper\" style=\"text-align: left;\">\n<p style=\"margin: 0 0 20px 0; line-height: 1.7;\">Fra <strong>den indledende inspektion<\/strong> til <strong>den endelige installation<\/strong>, f\u00f8lger vi hver fase af projektet med en komplet &#8220;n\u00f8glef\u00e6rdig&#8221; service, der er designet til at sikre <strong>maksimal kvalitet, sikkerhed og tilpasning<\/strong>.<\/p>\n<p>&nbsp;<\/p>\n<p style=\"margin: 0 0 20px 0; line-height: 1.7;\">Vores erfarne team s\u00f8rger for at hver proces er str\u00f8mlinet, og vi arbejder t\u00e6t sammen med vores kunder for at forst\u00e5 og im\u00f8dekomme deres unikke behov og \u00f8nsker. Vores m\u00e5l er at levere l\u00f8sninger, der er b\u00e5de funktionelle og \u00e6stetisk tiltalende, og som opfylder de h\u00f8jeste standarder for b\u00e6redygtighed og langtidsholdbarhed.<\/p>\n<p>&nbsp;<\/p>\n<ul class=\"elenco-verde-centrato\" style=\"text-align: left; margin-left: 0; padding-left: 0; line-height: 1.7;\">\n<li style=\"margin-bottom: 14px;\"><strong>Intern teknisk afdeling og dedikeret landm\u00e5ler:<\/strong> til pr\u00e6cise analyser og skr\u00e6ddersyede l\u00f8sninger, hvor vi tager h\u00f8jde for b\u00e5de tekniske krav og \u00e6stetiske pr\u00e6ferencer. Vores eksperter vurderer hver detalje for at sikre, at projektet bliver gennemf\u00f8rt med optimal funktionalitet og lang levetid.<\/li>\n<li style=\"margin-bottom: 14px;\"><strong>Salgsafdeling:<\/strong> til detaljeret analyse af <strong>omkostninger og tidsrammer<\/strong>, som sikrer gennemsigtighed og planl\u00e6gning. Vi tilbyder l\u00f8bende opdateringer og holder dig informeret om projektets status, s\u00e5 du altid har et klart billede af tidsplanen og budgettet.<\/li>\n<li style=\"margin-bottom: 14px;\"><strong>Skr\u00e6ddersyet design:<\/strong> med <strong>renderinger og 3D-simuleringer<\/strong> for at visualisere det endelige resultat f\u00f8r implementeringen. Vi arbejder t\u00e6t sammen med kunderne for at tilpasse designet til de specifikke behov og pr\u00e6ferencer, hvilket sikrer et optimalt resultat, der afspejler de \u00f8nskede funktioner og \u00e6stetik.<\/li>\n<li style=\"margin-bottom: 14px;\"><strong>Inspektioner og gratis r\u00e5dgivning:<\/strong> for at vurdere specifikke behov og foresl\u00e5 de bedste l\u00f8sninger. Vores eksperter tilbyder gratis vurdering og r\u00e5dgivning for at sikre, at du tr\u00e6ffer de rette valg for dit projekt, hvad enten det drejer sig om funktionalitet, design eller b\u00e6redygtighed.<\/li>\n<li style=\"margin-bottom: 14px;\"><strong>St\u00f8tte til godkendelser:<\/strong> fuld assistance til <strong>myndigheder og administrationer<\/strong> i forbindelse med godkendelsesprocesser. Vi hj\u00e6lper dig med at navigere gennem lovgivningens krav og sikre, at alle n\u00f8dvendige tilladelser og certificeringer er p\u00e5 plads, f\u00f8r projektet starter.<\/li>\n<li style=\"margin-bottom: 14px;\"><strong>Certificerede arbejder:<\/strong> i henhold til <strong>UNI EN 1177<\/strong> for sikkerhed og <strong>ISO 9001<\/strong> for produktionskvalitet. Vores arbejde er certificeret og opfylder de h\u00f8jeste internationale standarder for b\u00e5de sikkerhed og kvalitet, hvilket sikrer, at dit projekt ikke kun er funktionelt, men ogs\u00e5 p\u00e5lideligt og langtidsholdbart.<\/li>\n<\/ul>\n<\/div>\n<\/div>\n        <\/div>\n    <\/div>\n<\/section>\n\n\n\n<div class=\"wp-block-buttons\" style=\"display:flex; justify-content:center;\">\n  <div class=\"wp-block-button is-style-outline\">\n    <a class=\"wp-block-button__link has-background has-medium-font-size has-custom-font-size wp-element-button\"\n       href=\"https:\/\/www.esorecycling.it\/da\/teknisk-datablad-for-stobning\/\"\n       style=\"border-radius:0px; background-color:#007c64; color:#fff; padding:12px 28px; font-weight:600;\">\n       Teknisk datablad\n    <\/a>\n  <\/div>\n<\/div>\n\n\n\n<div style=\"height:37px\" aria-hidden=\"true\" class=\"wp-block-spacer\"><\/div>\n\n\n\n<div class=\"wpcf7 no-js\" id=\"wpcf7-f12159-o1\" lang=\"da-DK\" dir=\"ltr\" data-wpcf7-id=\"12159\">\n<div class=\"screen-reader-response\"><p role=\"status\" aria-live=\"polite\" aria-atomic=\"true\"><\/p> <ul><\/ul><\/div>\n<form action=\"\/da\/wp-json\/wp\/v2\/pages\/11842#wpcf7-f12159-o1\" method=\"post\" class=\"wpcf7-form init\" aria-label=\"Contact form\" novalidate=\"novalidate\" data-status=\"init\">\n<fieldset class=\"hidden-fields-container\"><input type=\"hidden\" name=\"_wpcf7\" value=\"12159\" \/><input type=\"hidden\" name=\"_wpcf7_version\" value=\"6.1.1\" \/><input type=\"hidden\" name=\"_wpcf7_locale\" value=\"da_DK\" \/><input type=\"hidden\" name=\"_wpcf7_unit_tag\" value=\"wpcf7-f12159-o1\" \/><input type=\"hidden\" name=\"_wpcf7_container_post\" value=\"0\" \/><input type=\"hidden\" name=\"_wpcf7_posted_data_hash\" value=\"\" \/><input type=\"hidden\" name=\"_wpcf7_recaptcha_response\" value=\"\" \/>\n<\/fieldset>\n<p><label>Fornavn<span class=\"text-danger\">*<\/span><br \/>\n<span class=\"wpcf7-form-control-wrap\" data-name=\"first_name\"><input size=\"40\" maxlength=\"400\" class=\"wpcf7-form-control wpcf7-text wpcf7-validates-as-required form-control\" aria-required=\"true\" aria-invalid=\"false\" value=\"\" type=\"text\" name=\"first_name\" \/><\/span><br \/>\n<\/label>\n<\/p>\n<p><label>Efternavn<span class=\"text-danger\">*<\/span><br \/>\n<span class=\"wpcf7-form-control-wrap\" data-name=\"last_name\"><input size=\"40\" maxlength=\"400\" class=\"wpcf7-form-control wpcf7-text wpcf7-validates-as-required form-control\" aria-required=\"true\" aria-invalid=\"false\" value=\"\" type=\"text\" name=\"last_name\" \/><\/span><br \/>\n<\/label>\n<\/p>\n<p><label>Firma<span class=\"text-danger\">*<\/span><br \/>\n<span class=\"wpcf7-form-control-wrap\" data-name=\"company\"><input size=\"40\" maxlength=\"400\" class=\"wpcf7-form-control wpcf7-text wpcf7-validates-as-required form-control\" aria-required=\"true\" aria-invalid=\"false\" value=\"\" type=\"text\" name=\"company\" \/><\/span><br \/>\n<\/label>\n<\/p>\n<p><label>E-mail<span class=\"text-danger\">*<\/span><br \/>\n<span class=\"wpcf7-form-control-wrap\" data-name=\"user_email\"><input size=\"40\" maxlength=\"400\" class=\"wpcf7-form-control wpcf7-email wpcf7-validates-as-required wpcf7-text wpcf7-validates-as-email form-control\" aria-required=\"true\" aria-invalid=\"false\" value=\"\" type=\"email\" name=\"user_email\" \/><\/span><br \/>\n<\/label>\n<\/p>\n<p><label>Telefon<br \/>\n<span class=\"wpcf7-form-control-wrap\" data-name=\"phone\"><input size=\"40\" maxlength=\"400\" class=\"wpcf7-form-control wpcf7-text form-control\" aria-invalid=\"false\" value=\"\" type=\"text\" name=\"phone\" \/><\/span><br \/>\n<\/label>\n<\/p>\n<p><label>Mobiltelefon<br \/>\n<span class=\"wpcf7-form-control-wrap\" data-name=\"mobile\"><input size=\"40\" maxlength=\"400\" class=\"wpcf7-form-control wpcf7-text form-control\" aria-invalid=\"false\" value=\"\" type=\"text\" name=\"mobile\" \/><\/span><br \/>\n<\/label>\n<\/p>\n<p><label>Land<br \/>\n<span class=\"wpcf7-form-control-wrap\" data-name=\"country\"><input size=\"40\" maxlength=\"400\" class=\"wpcf7-form-control wpcf7-text form-control\" aria-invalid=\"false\" value=\"\" type=\"text\" name=\"country\" \/><\/span><br \/>\n<\/label>\n<\/p>\n<p><label>By<br \/>\n<span class=\"wpcf7-form-control-wrap\" data-name=\"city\"><input size=\"40\" maxlength=\"400\" class=\"wpcf7-form-control wpcf7-text form-control\" aria-invalid=\"false\" value=\"\" type=\"text\" name=\"city\" \/><\/span><br \/>\n<\/label>\n<\/p>\n<p><label>Detaljer om din foresp\u00f8rgsel<br \/>\n<span class=\"wpcf7-form-control-wrap\" data-name=\"request_detail\"><textarea cols=\"40\" rows=\"10\" maxlength=\"2000\" class=\"wpcf7-form-control wpcf7-textarea form-control\" aria-invalid=\"false\" name=\"request_detail\"><\/textarea><\/span><br \/>\n<\/label>\n<\/p>\n<p><span class=\"wpcf7-form-control-wrap\" data-name=\"privacy-acceptance\"><span class=\"wpcf7-form-control wpcf7-acceptance\"><span class=\"wpcf7-list-item\"><label><input type=\"checkbox\" name=\"privacy-acceptance\" value=\"1\" aria-invalid=\"false\" \/><span class=\"wpcf7-list-item-label\">Jeg har l\u00e6st <a href=\"\/informativa-privacy\/\">privatlivspolitikken<\/a> og accepterer behandlingen af mine data i henhold til GDPR.<\/span><\/label><\/span><\/span><\/span>\n<\/p>\n<p><input class=\"wpcf7-form-control wpcf7-submit has-spinner\" type=\"submit\" value=\"Send\" \/>\n<\/p><div class=\"wpcf7-response-output\" aria-hidden=\"true\"><\/div>\n<\/form>\n<\/div>\n\n\n\n\n<section id=\"block_212a30e91ac3d4b05b5216c07d969cbb\" class=\"acf-block acf-block-occhiello-titolo-testo\">\n    <div class=\"container py-8\">\n        <div class=\"flex flex-col gap-4 text-center\">\n            <hgroup class=\"flex flex-col gap-1\">\n                <h2 class=\"uppercase font-medium\">Vores m\u00e6rker<\/h2>\n                <h2 class=\"text-lg lg:text-xl\">Affaldets lykkelige slutning<\/h1>\n            <\/hgroup>\n            <hr class=\"divider mx-auto\" \/>\n            <div class=\"\"><p><strong>Egne m\u00e6rker<\/strong> af ESO RECYCLING<\/p>\n<\/div>\n        <\/div>\n    <\/div>\n<\/section>\n\n\n\n<section id=\"block_37a12bbcda844af94de3e61d022b9165\" class=\"acf-block acf-block-partners\">\n\n\n    \n        <div class=\"container pb-16 px-8 lg:px-0\" x-data=\"{\n            init() {\n                new Splide(this.$refs.splide, {\n                    perPage: 4,\n                    pagination: 0,\n                    gap: 0,\n                    breakpoints: {\n                        640: {\n                            perPage: 1,\n                        },\n                    },\n                }).mount()\n            },\n        }\">\n\n            <div x-ref=\"splide\" class=\"splide\">\n                <div class=\"splide__track\">\n                    <ul class=\"splide__list items-stretch\">\n\n                                                    \n\n                            <li class=\"splide__slide flex items-stretch\">\n                                                                    <a href=\"https:\/\/www.eso.it\/\" target=\"_self\" class=\"w-full shadow-lg p-4 flex flex-col gap-4 justify-between items-start mx-2 my-4\" rel=\"noopener\">\n                                                                                    <img decoding=\"async\" src=\"https:\/\/www.esorecycling.it\/wp-content\/uploads\/2026\/02\/logo-eso-25-1-scaled.png\" title=\" \" class=\"max-w-[200px] self-center\" alt=\"eso logo\">\n                                                                                                                    <\/a>\n                                                            <\/li>\n\n                                                    \n\n                            <li class=\"splide__slide flex items-stretch\">\n                                                                    <a href=\"https:\/\/backtowork.eso.it\/\" target=\"_self\" class=\"w-full shadow-lg p-4 flex flex-col gap-4 justify-between items-start mx-2 my-4\" rel=\"noopener\">\n                                                                                    <img decoding=\"async\" src=\"https:\/\/www.esorecycling.it\/wp-content\/uploads\/2025\/07\/back-to-work-800x800-1.png\" title=\" \" class=\"max-w-[200px] self-center\" alt=\"\">\n                                                                                                                    <\/a>\n                                                            <\/li>\n\n                                                    \n\n                            <li class=\"splide__slide flex items-stretch\">\n                                                                    <a href=\"https:\/\/www.esosport.it\/\" target=\"_self\" class=\"w-full shadow-lg p-4 flex flex-col gap-4 justify-between items-start mx-2 my-4\" rel=\"noopener\">\n                                                                                    <img decoding=\"async\" src=\"https:\/\/www.esorecycling.it\/wp-content\/uploads\/2025\/07\/esosport-800x800-1.png\" title=\" \" class=\"max-w-[200px] self-center\" alt=\"\">\n                                                                                                                    <\/a>\n                                                            <\/li>\n\n                                                    \n\n                            <li class=\"splide__slide flex items-stretch\">\n                                                                    <a href=\"https:\/\/esoweb.it\/\" target=\"_self\" class=\"w-full shadow-lg p-4 flex flex-col gap-4 justify-between items-start mx-2 my-4\" rel=\"noopener\">\n                                                                                    <img decoding=\"async\" src=\"https:\/\/www.esorecycling.it\/wp-content\/uploads\/2026\/02\/esoweb_logo_top2-1.png\" title=\" \" class=\"max-w-[200px] self-center\" alt=\"esoweb logo\">\n                                                                                                                    <\/a>\n                                                            <\/li>\n\n                                                    \n\n                            <li class=\"splide__slide flex items-stretch\">\n                                                                    <a href=\"http:\/\/shop.esoweb.it\" target=\"_self\" class=\"w-full shadow-lg p-4 flex flex-col gap-4 justify-between items-start mx-2 my-4\" rel=\"noopener\">\n                                                                                    <img decoding=\"async\" src=\"https:\/\/www.esorecycling.it\/wp-content\/uploads\/2025\/10\/thumbnail_ESOSHOP-logo-1.png\" title=\" \" class=\"max-w-[200px] self-center\" alt=\"Logo di ESO Shop\">\n                                                                                                                    <\/a>\n                                                            <\/li>\n\n                                                    \n\n                            <li class=\"splide__slide flex items-stretch\">\n                                                                    <a href=\"https:\/\/www.esosport.it\/il-giardino-di-betty-progetto-esosport-di-solidarieta\/\" target=\"_self\" class=\"w-full shadow-lg p-4 flex flex-col gap-4 justify-between items-start mx-2 my-4\" rel=\"noopener\">\n                                                                                    <img decoding=\"async\" src=\"https:\/\/www.esorecycling.it\/wp-content\/uploads\/2025\/07\/il-giardino-di-betty-800x800-1.png\" title=\" \" class=\"max-w-[200px] self-center\" alt=\"\">\n                                                                                                                    <\/a>\n                                                            <\/li>\n\n                                                    \n\n                            <li class=\"splide__slide flex items-stretch\">\n                                                                    <a href=\"https:\/\/www.esosport.it\/pista-di-filippide-sport-e-inclusione-per-tutti\/\" target=\"_self\" class=\"w-full shadow-lg p-4 flex flex-col gap-4 justify-between items-start mx-2 my-4\" rel=\"noopener\">\n                                                                                    <img decoding=\"async\" src=\"https:\/\/www.esorecycling.it\/wp-content\/uploads\/2025\/07\/la-pista-di-filippide-800x800-1.png\" title=\" \" class=\"max-w-[200px] self-center\" alt=\"\">\n                                                                                                                    <\/a>\n                                                            <\/li>\n\n                                                    \n\n                            <li class=\"splide__slide flex items-stretch\">\n                                                                    <div class=\"shadow-lg p-4 flex flex-col gap-4 justify-between items-start mx-2 my-4 w-full\">\n                                                                                    <img decoding=\"async\" src=\"https:\/\/www.esorecycling.it\/wp-content\/uploads\/2025\/07\/mb-800x800-2.png\" title=\" \" class=\"max-w-[200px] self-center\" alt=\"\">\n                                                                                                                    <\/div>\n                                                            <\/li>\n\n                                                    \n\n                            <li class=\"splide__slide flex items-stretch\">\n                                                                    <a href=\"https:\/\/shop.medalinframe.com\/\" target=\"_self\" class=\"w-full shadow-lg p-4 flex flex-col gap-4 justify-between items-start mx-2 my-4\" rel=\"noopener\">\n                                                                                    <img decoding=\"async\" src=\"https:\/\/www.esorecycling.it\/wp-content\/uploads\/2025\/07\/mif-800x800-2.png\" title=\" \" class=\"max-w-[200px] self-center\" alt=\"\">\n                                                                                                                    <\/a>\n                                                            <\/li>\n\n                                                    \n\n                            <li class=\"splide__slide flex items-stretch\">\n                                                                    <div class=\"shadow-lg p-4 flex flex-col gap-4 justify-between items-start mx-2 my-4 w-full\">\n                                                                                    <img decoding=\"async\" src=\"https:\/\/www.esorecycling.it\/wp-content\/uploads\/2025\/07\/mm-800x800-2.png\" title=\" \" class=\"max-w-[200px] self-center\" alt=\"\">\n                                                                                                                    <\/div>\n                                                            <\/li>\n\n                                                    \n\n                            <li class=\"splide__slide flex items-stretch\">\n                                                                    <a href=\"https:\/\/www.re-medal.com\/\" target=\"_self\" class=\"w-full shadow-lg p-4 flex flex-col gap-4 justify-between items-start mx-2 my-4\" rel=\"noopener\">\n                                                                                    <img decoding=\"async\" src=\"https:\/\/www.esorecycling.it\/wp-content\/uploads\/2025\/07\/re-medal-800x800-2.png\" title=\" \" class=\"max-w-[200px] self-center\" alt=\"\">\n                                                                                                                    <\/a>\n                                                            <\/li>\n\n                        \n                    <\/ul>\n                <\/div>\n            <\/div>\n\n        <\/div>\n\n    \n<\/section>\n","protected":false},"excerpt":{"rendered":"<p>Teknisk datablad<\/p>\n","protected":false},"author":6,"featured_media":0,"parent":0,"menu_order":0,"comment_status":"closed","ping_status":"closed","template":"","meta":{"footnotes":""},"class_list":["post-11842","page","type-page","status-publish","hentry"],"acf":[],"_links":{"self":[{"href":"https:\/\/www.esorecycling.it\/da\/wp-json\/wp\/v2\/pages\/11842","targetHints":{"allow":["GET"]}}],"collection":[{"href":"https:\/\/www.esorecycling.it\/da\/wp-json\/wp\/v2\/pages"}],"about":[{"href":"https:\/\/www.esorecycling.it\/da\/wp-json\/wp\/v2\/types\/page"}],"author":[{"embeddable":true,"href":"https:\/\/www.esorecycling.it\/da\/wp-json\/wp\/v2\/users\/6"}],"replies":[{"embeddable":true,"href":"https:\/\/www.esorecycling.it\/da\/wp-json\/wp\/v2\/comments?post=11842"}],"version-history":[{"count":24,"href":"https:\/\/www.esorecycling.it\/da\/wp-json\/wp\/v2\/pages\/11842\/revisions"}],"predecessor-version":[{"id":12491,"href":"https:\/\/www.esorecycling.it\/da\/wp-json\/wp\/v2\/pages\/11842\/revisions\/12491"}],"wp:attachment":[{"href":"https:\/\/www.esorecycling.it\/da\/wp-json\/wp\/v2\/media?parent=11842"}],"curies":[{"name":"wp","href":"https:\/\/api.w.org\/{rel}","templated":true}]}}