{"id":11846,"date":"2025-08-04T16:58:31","date_gmt":"2025-08-04T14:58:31","guid":{"rendered":"https:\/\/www.esorecycling.it\/scheda-tecnica-esosport-tiles-industry\/"},"modified":"2026-04-01T16:45:55","modified_gmt":"2026-04-01T14:45:55","slug":"teknisk-datablad-esosport-fliser-industri","status":"publish","type":"page","link":"https:\/\/www.esorecycling.it\/da\/teknisk-datablad-esosport-fliser-industri\/","title":{"rendered":"Teknisk datablad \u2013 Esosport-fliser til industri"},"content":{"rendered":"\n<section id=\"block_5d53060cd2201881d95b13390eca4811\" class=\"acf-block acf-block-occhiello-titolo-testo\">\n    <div class=\"container py-8\">\n        <div class=\"flex flex-col gap-4 text-center\">\n            <hgroup class=\"flex flex-col gap-1\">\n                <h2 class=\"uppercase font-medium\"><\/h2>\n                <h2 class=\"text-lg lg:text-xl\">Teknisk datablad \u2013 Esosport-fliser til industri<\/h1>\n            <\/hgroup>\n            <hr class=\"divider mx-auto\" \/>\n            <div class=\"\"><h3 style=\"text-align: left;\"><strong>Teknisk datablad \u2013 Esosport-fliser til industri: Anvendelsesomr\u00e5de:<\/strong><br \/>\nIndustrier, v\u00e6rksteder, lagre, vedligeholdelsesomr\u00e5der<\/h3>\n<p>&nbsp;<\/p>\n<p style=\"text-align: left;\"><strong>Materiale:<\/strong><br \/>\nGenbrugt gummi fra sneakers, cykeld\u00e6k og industriel gummiaffald<\/p>\n<p>&nbsp;<\/p>\n<p style=\"text-align: left;\"><strong>Tykkelser:<\/strong><br \/>\nFra 2 til 7 cm (i henhold til UNI EN 1177)<\/p>\n<p>&nbsp;<\/p>\n<p style=\"text-align: left;\"><strong>Overflade:<\/strong><br \/>\nSkridsikker, lydabsorberende, holdbar<\/p>\n<p>&nbsp;<\/p>\n<p style=\"text-align: left;\"><strong>Installation:<\/strong><br \/>\nModul\u00e6r l\u00e6gning p\u00e5 plan underlag<\/p>\n<p>&nbsp;<\/p>\n<p style=\"text-align: left;\"><strong>Lovgivningssikkerhed:<\/strong><\/p>\n<p style=\"text-align: left;\">I overensstemmelse med Lov 80 \/ D.Lgs 81\/2008<\/p>\n<p>&nbsp;<\/p>\n<p style=\"text-align: left;\"><strong>B\u00e6redygtighed:<\/strong><br \/>\nProdukt fuldt genanvendt og cirkul\u00e6rt<\/p>\n<p>&nbsp;<\/p>\n<p style=\"text-align: left;\"><em>REV: 08.2025<\/em><\/p>\n<\/div>\n        <\/div>\n    <\/div>\n<\/section>\n\n\n\n<div style=\"height:100px\" aria-hidden=\"true\" class=\"wp-block-spacer\"><\/div>\n","protected":false},"excerpt":{"rendered":"","protected":false},"author":4,"featured_media":0,"parent":0,"menu_order":0,"comment_status":"closed","ping_status":"closed","template":"","meta":{"footnotes":""},"class_list":["post-11846","page","type-page","status-publish","hentry"],"acf":[],"_links":{"self":[{"href":"https:\/\/www.esorecycling.it\/da\/wp-json\/wp\/v2\/pages\/11846","targetHints":{"allow":["GET"]}}],"collection":[{"href":"https:\/\/www.esorecycling.it\/da\/wp-json\/wp\/v2\/pages"}],"about":[{"href":"https:\/\/www.esorecycling.it\/da\/wp-json\/wp\/v2\/types\/page"}],"author":[{"embeddable":true,"href":"https:\/\/www.esorecycling.it\/da\/wp-json\/wp\/v2\/users\/4"}],"replies":[{"embeddable":true,"href":"https:\/\/www.esorecycling.it\/da\/wp-json\/wp\/v2\/comments?post=11846"}],"version-history":[{"count":2,"href":"https:\/\/www.esorecycling.it\/da\/wp-json\/wp\/v2\/pages\/11846\/revisions"}],"predecessor-version":[{"id":12107,"href":"https:\/\/www.esorecycling.it\/da\/wp-json\/wp\/v2\/pages\/11846\/revisions\/12107"}],"wp:attachment":[{"href":"https:\/\/www.esorecycling.it\/da\/wp-json\/wp\/v2\/media?parent=11846"}],"curies":[{"name":"wp","href":"https:\/\/api.w.org\/{rel}","templated":true}]}}