{"id":11847,"date":"2025-08-04T12:15:30","date_gmt":"2025-08-04T10:15:30","guid":{"rendered":"https:\/\/www.esorecycling.it\/scheda-tecnica-esosport-tiles-wellness\/"},"modified":"2026-04-01T16:35:09","modified_gmt":"2026-04-01T14:35:09","slug":"teknisk-datablad-esosport-fliser-wellness","status":"publish","type":"page","link":"https:\/\/www.esorecycling.it\/da\/teknisk-datablad-esosport-fliser-wellness\/","title":{"rendered":"Teknisk datablad \u2013 Esosport fliser til wellness"},"content":{"rendered":"\n<section id=\"block_87fb1c755f5083bc3fc28e70f3f19309\" class=\"acf-block acf-block-occhiello-titolo-testo\">\n    <div class=\"container py-8\">\n        <div class=\"flex flex-col gap-4 text-center\">\n            <hgroup class=\"flex flex-col gap-1\">\n                <h2 class=\"uppercase font-medium\"><\/h2>\n                <h2 class=\"text-lg lg:text-xl\">Teknisk datablad \u2013 Esosport fliser til wellness &#038; mindfulness<\/h1>\n            <\/hgroup>\n            <hr class=\"divider mx-auto\" \/>\n            <div class=\"\"><h3 style=\"text-align: left;\"><strong>Teknisk datablad esosport fliser wellness: Anvendelsesomr\u00e5de:<\/strong><\/h3>\n<p style=\"text-align: left;\">Indend\u00f8rs og udend\u00f8rs fitnesscentre, yogalokaler, home gyms, rehabiliteringsomr\u00e5der, offentlige og private fitnessomr\u00e5der.<\/p>\n<p>&nbsp;<\/p>\n<p style=\"text-align: left;\"><strong>Materiale:<\/strong><\/p>\n<p style=\"text-align: left;\">Genbrugt post-forbrugs gummi fra sportssko, cykeld\u00e6k og gummiaffald fra produktion. Materialet sorteres, separeres og genanvendes i en produktionscyklus.<\/p>\n<p>&nbsp;<\/p>\n<p style=\"text-align: left;\"><strong>Tilg\u00e6ngelige tykkelser:<\/strong><\/p>\n<p style=\"text-align: left;\">Fra 1 cm til 4 cm.<\/p>\n<p>&nbsp;<\/p>\n<p style=\"text-align: left;\"><strong>Egenskaber:<\/strong><\/p>\n<p style=\"text-align: left;\">Skridsikker, elastisk, holdbar, lydabsorberende, behagelig at r\u00f8re ved.<\/p>\n<p>&nbsp;<\/p>\n<p style=\"text-align: left;\"><strong>Installation:<\/strong><\/p>\n<p style=\"text-align: left;\">Enkel l\u00e6gning p\u00e5 plane overflader, egnet til b\u00e5de midlertidig og permanent brug.<\/p>\n<p>&nbsp;<\/p>\n<p style=\"text-align: left;\"><strong>Certificeringer:<\/strong><\/p>\n<p style=\"text-align: left;\">ISO 9001 \u2013 UNI EN ISO 1177 (overensstemmelse under verifikation).<\/p>\n<p>&nbsp;<\/p>\n<p style=\"text-align: left;\"><strong>B\u00e6redygtighed:<\/strong><\/p>\n<p style=\"text-align: left;\">Produkt fremstillet af genbrugsmateriale, reducerer affald p\u00e5 lossepladser og fremmer cirkul\u00e6r \u00f8konomi.<\/p>\n<p>&nbsp;<\/p>\n<p style=\"text-align: left;\"><em>Rev. 08.2025<\/em><\/p>\n<\/div>\n        <\/div>\n    <\/div>\n<\/section>\n\n\n\n<div style=\"height:100px\" aria-hidden=\"true\" class=\"wp-block-spacer\"><\/div>\n","protected":false},"excerpt":{"rendered":"","protected":false},"author":4,"featured_media":0,"parent":0,"menu_order":0,"comment_status":"closed","ping_status":"closed","template":"","meta":{"footnotes":""},"class_list":["post-11847","page","type-page","status-publish","hentry"],"acf":[],"_links":{"self":[{"href":"https:\/\/www.esorecycling.it\/da\/wp-json\/wp\/v2\/pages\/11847","targetHints":{"allow":["GET"]}}],"collection":[{"href":"https:\/\/www.esorecycling.it\/da\/wp-json\/wp\/v2\/pages"}],"about":[{"href":"https:\/\/www.esorecycling.it\/da\/wp-json\/wp\/v2\/types\/page"}],"author":[{"embeddable":true,"href":"https:\/\/www.esorecycling.it\/da\/wp-json\/wp\/v2\/users\/4"}],"replies":[{"embeddable":true,"href":"https:\/\/www.esorecycling.it\/da\/wp-json\/wp\/v2\/comments?post=11847"}],"version-history":[{"count":2,"href":"https:\/\/www.esorecycling.it\/da\/wp-json\/wp\/v2\/pages\/11847\/revisions"}],"predecessor-version":[{"id":12104,"href":"https:\/\/www.esorecycling.it\/da\/wp-json\/wp\/v2\/pages\/11847\/revisions\/12104"}],"wp:attachment":[{"href":"https:\/\/www.esorecycling.it\/da\/wp-json\/wp\/v2\/media?parent=11847"}],"curies":[{"name":"wp","href":"https:\/\/api.w.org\/{rel}","templated":true}]}}