{"id":11848,"date":"2025-08-04T11:41:25","date_gmt":"2025-08-04T09:41:25","guid":{"rendered":"https:\/\/www.esorecycling.it\/scheda-tecnica-esosport-tiles-playground\/"},"modified":"2026-04-01T16:25:50","modified_gmt":"2026-04-01T14:25:50","slug":"teknisk-datablad-esosport-fliser-til-legeplads","status":"publish","type":"page","link":"https:\/\/www.esorecycling.it\/da\/teknisk-datablad-esosport-fliser-til-legeplads\/","title":{"rendered":"Teknisk datablad &#8211; Esosport fliser til legeplads"},"content":{"rendered":"\n<section id=\"block_ff8c1d1413d15f285bf2786c4f7c439d\" class=\"acf-block acf-block-occhiello-titolo-testo\">\n    <div class=\"container py-8\">\n        <div class=\"flex flex-col gap-4 text-center\">\n            <hgroup class=\"flex flex-col gap-1\">\n                <h2 class=\"uppercase font-medium\"><\/h2>\n                <h2 class=\"text-lg lg:text-xl\">Teknisk datablad \u2013 Esosport fliser til legeplads<\/h1>\n            <\/hgroup>\n            <hr class=\"divider mx-auto\" \/>\n            <div class=\"\"><h3 style=\"text-align: left;\"><strong>Teknisk datablad: Anvendelsesform\u00e5l:<\/strong><\/h3>\n<p style=\"text-align: left;\">Offentlige legepladser, skoleg\u00e5rde, private og boligomr\u00e5der<\/p>\n<p>&nbsp;<\/p>\n<p style=\"text-align: left;\"><strong>Materiale:<\/strong><\/p>\n<p style=\"text-align: left;\">\u00d8verste lag: genbrugt gummi fra sportssko<br \/>\nNederste lag: SBR-gummi genbrugt fra d\u00e6k<\/p>\n<p>&nbsp;<\/p>\n<p style=\"text-align: left;\"><strong>Format:<\/strong><\/p>\n<p style=\"text-align: left;\">Modul\u00e6rt, variabelt i st\u00f8rrelse og tykkelse<\/p>\n<p>&nbsp;<\/p>\n<p style=\"text-align: left;\"><strong>Tilg\u00e6ngelige tykkelser:<\/strong><\/p>\n<p style=\"text-align: left;\">Fra 2 til 7 cm (i overensstemmelse med UNI EN 1177)<\/p>\n<p>&nbsp;<\/p>\n<p style=\"text-align: left;\"><strong>Overflade:<\/strong><\/p>\n<p style=\"text-align: left;\">Skridsikker, dr\u00e6nende, farvet<\/p>\n<p>&nbsp;<\/p>\n<p style=\"text-align: left;\"><strong>Installation:<\/strong><\/p>\n<p style=\"text-align: left;\">Modul\u00e6r l\u00e6gning p\u00e5 kompatibel underlag<\/p>\n<p>&nbsp;<\/p>\n<p style=\"text-align: left;\"><strong>Certificeringer:<\/strong><\/p>\n<p style=\"text-align: left;\">UNI EN 1177 \u2013 ISO 9001<\/p>\n<p>&nbsp;<\/p>\n<p style=\"text-align: left;\"><strong>Vedligeholdelse:<\/strong><\/p>\n<p style=\"text-align: left;\">Let at reng\u00f8re, h\u00f8j mekanisk og slidstyrke<\/p>\n<p>&nbsp;<\/p>\n<p style=\"text-align: left;\"><strong>M\u00e5lgruppe:<\/strong><\/p>\n<p style=\"text-align: left;\">Kommuner, skoler, private faciliteter, B2B- og B2C-operat\u00f8rer<\/p>\n<p>&nbsp;<\/p>\n<p style=\"text-align: left;\"><em>REV. 08.2025<\/em><\/p>\n<p>&nbsp;<\/p>\n<\/div>\n        <\/div>\n    <\/div>\n<\/section>\n\n\n\n<div class=\"wp-block-columns is-layout-flex wp-container-core-columns-is-layout-9d6595d7 wp-block-columns-is-layout-flex\">\n<div class=\"wp-block-column is-layout-flow wp-block-column-is-layout-flow\">\n<div style=\"height:100px\" aria-hidden=\"true\" class=\"wp-block-spacer\"><\/div>\n<\/div>\n<\/div>\n","protected":false},"excerpt":{"rendered":"","protected":false},"author":4,"featured_media":0,"parent":0,"menu_order":0,"comment_status":"closed","ping_status":"closed","template":"","meta":{"footnotes":""},"class_list":["post-11848","page","type-page","status-publish","hentry"],"acf":[],"_links":{"self":[{"href":"https:\/\/www.esorecycling.it\/da\/wp-json\/wp\/v2\/pages\/11848","targetHints":{"allow":["GET"]}}],"collection":[{"href":"https:\/\/www.esorecycling.it\/da\/wp-json\/wp\/v2\/pages"}],"about":[{"href":"https:\/\/www.esorecycling.it\/da\/wp-json\/wp\/v2\/types\/page"}],"author":[{"embeddable":true,"href":"https:\/\/www.esorecycling.it\/da\/wp-json\/wp\/v2\/users\/4"}],"replies":[{"embeddable":true,"href":"https:\/\/www.esorecycling.it\/da\/wp-json\/wp\/v2\/comments?post=11848"}],"version-history":[{"count":6,"href":"https:\/\/www.esorecycling.it\/da\/wp-json\/wp\/v2\/pages\/11848\/revisions"}],"predecessor-version":[{"id":12101,"href":"https:\/\/www.esorecycling.it\/da\/wp-json\/wp\/v2\/pages\/11848\/revisions\/12101"}],"wp:attachment":[{"href":"https:\/\/www.esorecycling.it\/da\/wp-json\/wp\/v2\/media?parent=11848"}],"curies":[{"name":"wp","href":"https:\/\/api.w.org\/{rel}","templated":true}]}}