{"id":11850,"date":"2025-08-04T11:26:25","date_gmt":"2025-08-04T09:26:25","guid":{"rendered":"https:\/\/www.esorecycling.it\/esosport-tiles-industry\/"},"modified":"2026-04-07T11:24:33","modified_gmt":"2026-04-07T09:24:33","slug":"esosport-tiles-industry","status":"publish","type":"page","link":"https:\/\/www.esorecycling.it\/da\/esosport-tiles-industry\/","title":{"rendered":"esosport tiles industry"},"content":{"rendered":"\n<section id=\"block_6fbbf38d7f00c69bbe707039db91326f\" class=\"acf-block acf-block-immagine-principale-occhiello\">\n\n    \n    <div class=\"flex items-center bg-center bg-cover bg-no-repeat min-h-[70vh]\" style=\"background-image: url('https:\/\/www.esorecycling.it\/wp-content\/uploads\/2025\/12\/thumbnail_Factory-high.jpg')\">\n        <div class=\"container py-16\">\n            <div class=\"flex flex-col text-white gap-4 items-center text-center\">\n                <h1 class=\"text-2xl font-black reveal\"><\/h1>\n                <p class=\"reveal\"><\/p>\n                            <\/div>\n        <\/div>\n    <\/div>\n\n<\/section>\n\n\n\n<section id=\"block_0dafc18f90840f1d6336a8dfeb8f6ba2\" class=\"acf-block acf-block-occhiello-titolo-testo\">\n    <div class=\"container py-8\">\n        <div class=\"flex flex-col gap-4 text-center\">\n            <hgroup class=\"flex flex-col gap-1\">\n                <h2 class=\"uppercase font-medium\">Modulopbygget system i genbrugsgummi til b\u00e6redygtige industrielle gulve, alternativ til st\u00f8bte kontinuerlige gulve<\/h2>\n                <h2 class=\"text-lg lg:text-xl\">esosport tiles industry<\/h1>\n            <\/hgroup>\n            <hr class=\"divider mx-auto\" \/>\n            <div class=\"\"><h3 style=\"text-align: left;\"><strong>esosport tiles industry: Modulopbyggede b\u00e6redygtige bel\u00e6gninger i genbrugsgummi<\/strong> designet til at sikre <strong>sikre, pr\u00e6stationsdygtige og certificerede industrielle milj\u00f8er<\/strong>. En innovativ l\u00f8sning, der kombinerer <strong>funktionalitet, modstandskraft og b\u00e6redygtighed<\/strong>, og bidrager aktivt til at forbedre arbejdsmilj\u00f8et p\u00e5 lang sigt.<\/h3>\n<p>&nbsp;<\/p>\n<p style=\"text-align: left;\"><strong>Esosport tiles industry<\/strong> er <strong>specifikke l\u00f8sninger til industrielle gulve<\/strong>, ideelle til <strong>v\u00e6rksteder, lagerrum, lastnings- og losseomr\u00e5der, produktionslinjer og vedligeholdelsesomr\u00e5der<\/strong>. Takket v\u00e6re deres <strong>modul\u00e6re struktur<\/strong> tillader de <strong>hurtig, enkel og fleksibel installation<\/strong>, der kan tilpasses forskellige konfigurationer og operationelle behov, hvilket sparer tid og ressourcer ved installationen og forbedrer den daglige drift.<\/p>\n<p>&nbsp;<\/p>\n<p style=\"text-align: left;\">Fremstillet af <strong>genbrugte materialer<\/strong>, is\u00e6r <strong>regenereret gummi<\/strong> fra brugte sportssko og andre produkter ved livets ende, er de et konkret eksempel p\u00e5 <strong>cirkul\u00e6r \u00f8konomi<\/strong> anvendt i den industrielle sektor. Overfladerne tilbyder <strong>h\u00f8j modstand mod tunge belastninger, st\u00f8d, slid og kemikalier<\/strong>, samtidig med at de har <strong>skridsikre og dr\u00e6bende egenskaber<\/strong>, som \u00f8ger sikkerheden og komforten for alle ansatte.<\/p>\n<p>&nbsp;<\/p>\n<p style=\"text-align: left;\">Hver enkelt enhed er designet til at kombinere <strong>komfort, sikkerhed og b\u00e6redygtighed<\/strong>: evnen til at <strong>absorbere vibrationer<\/strong> og <strong>reducere arbejdstr\u00e6thed<\/strong> forbedrer arbejdsvilk\u00e5rene og \u00f8ger den samlede sikkerhed i milj\u00f8et. Desuden g\u00f8r <strong>let vedligeholdelse<\/strong> og muligheden for at <strong>erstatte individuelle moduler<\/strong> systemet <strong>praktisk og \u00f8konomisk fordelagtigt<\/strong> p\u00e5 lang sigt, hvilket betyder, at driftsomkostningerne reduceres betydeligt og optimerer ressourcerne.<\/p>\n<p>&nbsp;<\/p>\n<p style=\"text-align: left;\">At v\u00e6lge esosport tiles industry betyder at v\u00e6lge en <strong>certificeret, p\u00e5lidelig og ansvarlig l\u00f8sning<\/strong>, der opfylder moderne industrikravene og samtidig tager hensyn til <strong>milj\u00f8et<\/strong> og <strong>optimering af ressourcer<\/strong>. Denne l\u00f8sning underst\u00f8tter samtidig virksomhedens b\u00e6redygtighedsm\u00e5l og fremtidige v\u00e6kst.<\/p>\n<\/div>\n        <\/div>\n    <\/div>\n<\/section>\n\n\n\n<section id=\"block_f74cfb5ddb99d927990825fb951770fc\" class=\"acf-block acf-block-occhiello-titolo-testo\">\n    <div class=\"container py-8\">\n        <div class=\"flex flex-col gap-4 text-center\">\n            <hgroup class=\"flex flex-col gap-1\">\n                <h2 class=\"uppercase font-medium\">Hovedegenskaber<\/h2>\n                <h2 class=\"text-lg lg:text-xl\"><\/h1>\n            <\/hgroup>\n            <hr class=\"divider mx-auto\" \/>\n            <div class=\"\"><div class=\"elenco-verde-wrapper\">\n<ul class=\"elenco-verde-centrato\">\n<li>Fremstillet af genbrugsgummi fra sportssko, cykeld\u00e6k og industrielle gummirester, udvalgt og genindf\u00f8rt i en cirkul\u00e6r produktionscyklus, hvilket giver en effektiv og milj\u00f8venlig l\u00f8sning til industrielle gulve, samtidig med at det reducerer affald og \u00f8ger ressourcegenanvendelsen.<\/li>\n<li>Antislip lag, lydd\u00e6mpende og modstandsdygtige overfor tung belastning, hvilket g\u00f8r det ideelt til brug i omr\u00e5der med h\u00f8j trafik og intense aktiviteter, som kr\u00e6ver b\u00e5de sikkerhed og komfort under arbejdet.<\/li>\n<li>Tilpasselige tykkelser fra 2 til 7 cm, designet til at absorbere fald eller pludselige bev\u00e6gelser i arbejdsomr\u00e5der (i henhold til UNI EN 1177), hvilket forbedrer arbejdsmilj\u00f8et ved at reducere risikoen for skader og ulykker.<\/li>\n<li>Flad overflade, i overensstemmelse med D.Lgs 81\/2008 (Lov 81) vedr\u00f8rende sikkerhedskrav til gulve: stabil, skridsikker, uden fremspring eller huller, hvilket sikrer, at gulvbel\u00e6gningen opfylder de h\u00f8jeste standarder for arbejdspladssikkerhed og p\u00e5lidelighed.<\/li>\n<li>Ogs\u00e5 designet til belastnings- og af- og p\u00e5l\u00e6sning, maskinvedligeholdelse og kontinuerlig passage af personer, hvilket g\u00f8r det til en alsidig l\u00f8sning til b\u00e5de operativt arbejde og de krav, der stilles til effektiviteten af daglige arbejdsprocesser.<\/li>\n<\/ul>\n<\/div>\n<\/div>\n        <\/div>\n    <\/div>\n<\/section>\n\n\n\n<div class=\"wp-block-buttons\" style=\"display:flex; justify-content:center; margin:30px 0;\">\n  <div class=\"wp-block-button is-style-outline\">\n    <a class=\"wp-block-button__link has-background has-medium-font-size has-custom-font-size wp-element-button\"\n       href=\"https:\/\/www.esorecycling.it\/da\/teknisk-datablad-esosport-fliser-industri\/\"\n       style=\"border-radius:0px; background-color:#007c64; color:#fff; padding:12px 28px; font-weight:600;\">\n       Teknisk datablad\n    <\/a>\n  <\/div>\n<\/div>\n\n\n\n<section id=\"block_6a906aeeae3a8462f11540122ffaf67a\" class=\"acf-block acf-block-occhiello-titolo-testo\">\n    <div class=\"container py-8\">\n        <div class=\"flex flex-col gap-4 text-center\">\n            <hgroup class=\"flex flex-col gap-1\">\n                <h2 class=\"uppercase font-medium\">Brug og anbefalede anvendelser<\/h2>\n                <h2 class=\"text-lg lg:text-xl\"><\/h1>\n            <\/hgroup>\n            <hr class=\"divider mx-auto\" \/>\n            <div class=\"\"><div class=\"elenco-verde-wrapper\">\n<ul class=\"elenco-verde-centrato\">\n<li>V\u00e6rksteder, fabrikker, lastnings-\/losseomr\u00e5der, som kr\u00e6ver slidst\u00e6rke og modstandsdygtige gulvbel\u00e6gninger, der kan modst\u00e5 tungt udstyr og konstant aktivitet.<\/li>\n<li>Operative omr\u00e5der med udstyr og materialeh\u00e5ndtering, hvor der er behov for skridsikre, st\u00f8dabsorberende og let vedligeholdelige gulvbel\u00e6gninger for at sikre sikkerheden og effektiviteten i arbejdet.<\/li>\n<li>Industrielle fitnessomr\u00e5der og virksomhedens wellnesscentre, der kr\u00e6ver gulvbel\u00e6gninger, der er b\u00e5de funktionelle og komfortable, samtidig med at de tilbyder modstandsdygtighed overfor v\u00e6gtbelastninger og bev\u00e6gelser.<\/li>\n<\/ul>\n<\/div>\n<\/div>\n        <\/div>\n    <\/div>\n<\/section>\n\n\n\n<section id=\"block_50332203204b1c94e1938bc0f331bd9c\" class=\"acf-block acf-block-occhiello-titolo-testo\">\n    <div class=\"container py-8\">\n        <div class=\"flex flex-col gap-4 text-center\">\n            <hgroup class=\"flex flex-col gap-1\">\n                <h2 class=\"uppercase font-medium\">Driftsfordele<\/h2>\n                <h2 class=\"text-lg lg:text-xl\"><\/h1>\n            <\/hgroup>\n            <hr class=\"divider mx-auto\" \/>\n            <div class=\"\"><div class=\"elenco-verde-wrapper\">\n<ul class=\"elenco-verde\">\n<li>Reduktion af risikoen for glidning og fald i arbejdsomr\u00e5der, hvilket bidrager til \u00f8get medarbejdersikkerhed og reducerer arbejdsulykker betydeligt.<\/li>\n<li>Holdbarhed selv under kontinuerlig belastning og intensiv brug, hvilket g\u00f8r disse bel\u00e6gninger ideelle til omr\u00e5der med h\u00f8j trafik og store operationelle krav.<\/li>\n<li>Let at reng\u00f8re og vedligeholde, hvilket sparer tid og penge i forhold til traditionelle gulvbel\u00e6gninger, og g\u00f8r det muligt at opretholde et rent og sikkert arbejdsomr\u00e5de i l\u00e6ngere tid.<\/li>\n<li>Information om overholdelse af sikkerhedsbestemmelserne for arbejdspladsen (lov 81), s\u00e5 du kan v\u00e6re sikker p\u00e5, at din arbejdsplads overholder alle g\u00e6ldende standarder og retningslinjer for medarbejdersikkerhed.<\/li>\n<\/ul>\n<\/div>\n<\/div>\n        <\/div>\n    <\/div>\n<\/section>\n\n\n\n<section id=\"block_67a6e5d91c774a268291180f21bf82f3\" class=\"acf-block acf-block-occhiello-titolo-testo\">\n    <div class=\"container py-8\">\n        <div class=\"flex flex-col gap-4 text-center\">\n            <hgroup class=\"flex flex-col gap-1\">\n                <h2 class=\"uppercase font-medium\"><\/h2>\n                <h2 class=\"text-lg lg:text-xl\">Anmod om oplysninger og tilbud<\/h1>\n            <\/hgroup>\n            <hr class=\"divider mx-auto\" \/>\n            <div class=\"\"><\/div>\n        <\/div>\n    <\/div>\n<\/section>\n\n\n\n<div class=\"wpcf7 no-js\" id=\"wpcf7-f12159-o1\" lang=\"da-DK\" dir=\"ltr\" data-wpcf7-id=\"12159\">\n<div class=\"screen-reader-response\"><p role=\"status\" aria-live=\"polite\" aria-atomic=\"true\"><\/p> <ul><\/ul><\/div>\n<form action=\"\/da\/wp-json\/wp\/v2\/pages\/11850#wpcf7-f12159-o1\" method=\"post\" class=\"wpcf7-form init\" aria-label=\"Contact form\" novalidate=\"novalidate\" data-status=\"init\">\n<fieldset class=\"hidden-fields-container\"><input type=\"hidden\" name=\"_wpcf7\" value=\"12159\" \/><input type=\"hidden\" name=\"_wpcf7_version\" value=\"6.1.1\" \/><input type=\"hidden\" name=\"_wpcf7_locale\" value=\"da_DK\" \/><input type=\"hidden\" name=\"_wpcf7_unit_tag\" value=\"wpcf7-f12159-o1\" \/><input type=\"hidden\" name=\"_wpcf7_container_post\" value=\"0\" \/><input type=\"hidden\" name=\"_wpcf7_posted_data_hash\" value=\"\" \/><input type=\"hidden\" name=\"_wpcf7_recaptcha_response\" value=\"\" \/>\n<\/fieldset>\n<p><label>Fornavn<span class=\"text-danger\">*<\/span><br \/>\n<span class=\"wpcf7-form-control-wrap\" data-name=\"first_name\"><input size=\"40\" maxlength=\"400\" class=\"wpcf7-form-control wpcf7-text wpcf7-validates-as-required form-control\" aria-required=\"true\" aria-invalid=\"false\" value=\"\" type=\"text\" name=\"first_name\" \/><\/span><br \/>\n<\/label>\n<\/p>\n<p><label>Efternavn<span class=\"text-danger\">*<\/span><br \/>\n<span class=\"wpcf7-form-control-wrap\" data-name=\"last_name\"><input size=\"40\" maxlength=\"400\" class=\"wpcf7-form-control wpcf7-text wpcf7-validates-as-required form-control\" aria-required=\"true\" aria-invalid=\"false\" value=\"\" type=\"text\" name=\"last_name\" \/><\/span><br \/>\n<\/label>\n<\/p>\n<p><label>Firma<span class=\"text-danger\">*<\/span><br \/>\n<span class=\"wpcf7-form-control-wrap\" data-name=\"company\"><input size=\"40\" maxlength=\"400\" class=\"wpcf7-form-control wpcf7-text wpcf7-validates-as-required form-control\" aria-required=\"true\" aria-invalid=\"false\" value=\"\" type=\"text\" name=\"company\" \/><\/span><br \/>\n<\/label>\n<\/p>\n<p><label>E-mail<span class=\"text-danger\">*<\/span><br \/>\n<span class=\"wpcf7-form-control-wrap\" data-name=\"user_email\"><input size=\"40\" maxlength=\"400\" class=\"wpcf7-form-control wpcf7-email wpcf7-validates-as-required wpcf7-text wpcf7-validates-as-email form-control\" aria-required=\"true\" aria-invalid=\"false\" value=\"\" type=\"email\" name=\"user_email\" \/><\/span><br \/>\n<\/label>\n<\/p>\n<p><label>Telefon<br \/>\n<span class=\"wpcf7-form-control-wrap\" data-name=\"phone\"><input size=\"40\" maxlength=\"400\" class=\"wpcf7-form-control wpcf7-text form-control\" aria-invalid=\"false\" value=\"\" type=\"text\" name=\"phone\" \/><\/span><br \/>\n<\/label>\n<\/p>\n<p><label>Mobiltelefon<br \/>\n<span class=\"wpcf7-form-control-wrap\" data-name=\"mobile\"><input size=\"40\" maxlength=\"400\" class=\"wpcf7-form-control wpcf7-text form-control\" aria-invalid=\"false\" value=\"\" type=\"text\" name=\"mobile\" \/><\/span><br \/>\n<\/label>\n<\/p>\n<p><label>Land<br \/>\n<span class=\"wpcf7-form-control-wrap\" data-name=\"country\"><input size=\"40\" maxlength=\"400\" class=\"wpcf7-form-control wpcf7-text form-control\" aria-invalid=\"false\" value=\"\" type=\"text\" name=\"country\" \/><\/span><br \/>\n<\/label>\n<\/p>\n<p><label>By<br \/>\n<span class=\"wpcf7-form-control-wrap\" data-name=\"city\"><input size=\"40\" maxlength=\"400\" class=\"wpcf7-form-control wpcf7-text form-control\" aria-invalid=\"false\" value=\"\" type=\"text\" name=\"city\" \/><\/span><br \/>\n<\/label>\n<\/p>\n<p><label>Detaljer om din foresp\u00f8rgsel<br \/>\n<span class=\"wpcf7-form-control-wrap\" data-name=\"request_detail\"><textarea cols=\"40\" rows=\"10\" maxlength=\"2000\" class=\"wpcf7-form-control wpcf7-textarea form-control\" aria-invalid=\"false\" name=\"request_detail\"><\/textarea><\/span><br \/>\n<\/label>\n<\/p>\n<p><span class=\"wpcf7-form-control-wrap\" data-name=\"privacy-acceptance\"><span class=\"wpcf7-form-control wpcf7-acceptance\"><span class=\"wpcf7-list-item\"><label><input type=\"checkbox\" name=\"privacy-acceptance\" value=\"1\" aria-invalid=\"false\" \/><span class=\"wpcf7-list-item-label\">Jeg har l\u00e6st <a href=\"\/informativa-privacy\/\">privatlivspolitikken<\/a> og accepterer behandlingen af mine data i henhold til GDPR.<\/span><\/label><\/span><\/span><\/span>\n<\/p>\n<p><input class=\"wpcf7-form-control wpcf7-submit has-spinner\" type=\"submit\" value=\"Send\" \/>\n<\/p><div class=\"wpcf7-response-output\" aria-hidden=\"true\"><\/div>\n<\/form>\n<\/div>\n\n\n\n\n<div style=\"height:100px\" aria-hidden=\"true\" class=\"wp-block-spacer\"><\/div>\n\n\n\n<section id=\"block_e64aaee107c2f01da304e52d7fb43ecb\" class=\"acf-block acf-block-occhiello-titolo-testo\">\n    <div class=\"container py-8\">\n        <div class=\"flex flex-col gap-4 text-center\">\n            <hgroup class=\"flex flex-col gap-1\">\n                <h2 class=\"uppercase font-medium\">Vores m\u00e6rker<\/h2>\n                <h2 class=\"text-lg lg:text-xl\">Affaldets lykkelige slutning<\/h1>\n            <\/hgroup>\n            <hr class=\"divider mx-auto\" \/>\n            <div class=\"\"><p>Marcher ejet af ESO RECYCLING<\/p>\n<\/div>\n        <\/div>\n    <\/div>\n<\/section>\n\n\n\n<section id=\"block_b4401c9a33fc3515375bca61d93ed959\" class=\"acf-block acf-block-partners\">\n\n\n    \n        <div class=\"container pb-16 px-8 lg:px-0\" x-data=\"{\n            init() {\n                new Splide(this.$refs.splide, {\n                    perPage: 4,\n                    pagination: 0,\n                    gap: 0,\n                    breakpoints: {\n                        640: {\n                            perPage: 1,\n                        },\n                    },\n                }).mount()\n            },\n        }\">\n\n            <div x-ref=\"splide\" class=\"splide\">\n                <div class=\"splide__track\">\n                    <ul class=\"splide__list items-stretch\">\n\n                                                    \n\n                            <li class=\"splide__slide flex items-stretch\">\n                                                                    <a href=\"https:\/\/www.eso.it\/\" target=\"_self\" class=\"w-full shadow-lg p-4 flex flex-col gap-4 justify-between items-start mx-2 my-4\" rel=\"noopener\">\n                                                                                    <img decoding=\"async\" src=\"https:\/\/www.esorecycling.it\/wp-content\/uploads\/2026\/02\/logo-eso-25-1-scaled.png\" title=\" \" class=\"max-w-[200px] self-center\" alt=\"eso logo\">\n                                                                                                                    <\/a>\n                                                            <\/li>\n\n                                                    \n\n                            <li class=\"splide__slide flex items-stretch\">\n                                                                    <a href=\"https:\/\/backtowork.eso.it\/\" target=\"_self\" class=\"w-full shadow-lg p-4 flex flex-col gap-4 justify-between items-start mx-2 my-4\" rel=\"noopener\">\n                                                                                    <img decoding=\"async\" src=\"https:\/\/www.esorecycling.it\/wp-content\/uploads\/2025\/07\/back-to-work-800x800-1.png\" title=\" \" class=\"max-w-[200px] self-center\" alt=\"\">\n                                                                                                                    <\/a>\n                                                            <\/li>\n\n                                                    \n\n                            <li class=\"splide__slide flex items-stretch\">\n                                                                    <a href=\"https:\/\/www.esosport.it\/\" target=\"_self\" class=\"w-full shadow-lg p-4 flex flex-col gap-4 justify-between items-start mx-2 my-4\" rel=\"noopener\">\n                                                                                    <img decoding=\"async\" src=\"https:\/\/www.esorecycling.it\/wp-content\/uploads\/2025\/07\/esosport-800x800-1.png\" title=\" \" class=\"max-w-[200px] self-center\" alt=\"\">\n                                                                                                                    <\/a>\n                                                            <\/li>\n\n                                                    \n\n                            <li class=\"splide__slide flex items-stretch\">\n                                                                    <a href=\"https:\/\/esoweb.it\/\" target=\"_self\" class=\"w-full shadow-lg p-4 flex flex-col gap-4 justify-between items-start mx-2 my-4\" rel=\"noopener\">\n                                                                                    <img decoding=\"async\" src=\"https:\/\/www.esorecycling.it\/wp-content\/uploads\/2026\/02\/esoweb_logo_top2-1.png\" title=\" \" class=\"max-w-[200px] self-center\" alt=\"esoweb logo\">\n                                                                                                                    <\/a>\n                                                            <\/li>\n\n                                                    \n\n                            <li class=\"splide__slide flex items-stretch\">\n                                                                    <a href=\"http:\/\/shop.esoweb.it\" target=\"_self\" class=\"w-full shadow-lg p-4 flex flex-col gap-4 justify-between items-start mx-2 my-4\" rel=\"noopener\">\n                                                                                    <img decoding=\"async\" src=\"https:\/\/www.esorecycling.it\/wp-content\/uploads\/2025\/10\/thumbnail_ESOSHOP-logo-1.png\" title=\" \" class=\"max-w-[200px] self-center\" alt=\"Logo di ESO Shop\">\n                                                                                                                    <\/a>\n                                                            <\/li>\n\n                                                    \n\n                            <li class=\"splide__slide flex items-stretch\">\n                                                                    <a href=\"https:\/\/www.esosport.it\/il-giardino-di-betty-progetto-esosport-di-solidarieta\/\" target=\"_self\" class=\"w-full shadow-lg p-4 flex flex-col gap-4 justify-between items-start mx-2 my-4\" rel=\"noopener\">\n                                                                                    <img decoding=\"async\" src=\"https:\/\/www.esorecycling.it\/wp-content\/uploads\/2025\/07\/il-giardino-di-betty-800x800-1.png\" title=\" \" class=\"max-w-[200px] self-center\" alt=\"\">\n                                                                                                                    <\/a>\n                                                            <\/li>\n\n                                                    \n\n                            <li class=\"splide__slide flex items-stretch\">\n                                                                    <a href=\"https:\/\/www.esosport.it\/pista-di-filippide-sport-e-inclusione-per-tutti\/\" target=\"_self\" class=\"w-full shadow-lg p-4 flex flex-col gap-4 justify-between items-start mx-2 my-4\" rel=\"noopener\">\n                                                                                    <img decoding=\"async\" src=\"https:\/\/www.esorecycling.it\/wp-content\/uploads\/2025\/07\/la-pista-di-filippide-800x800-1.png\" title=\" \" class=\"max-w-[200px] self-center\" alt=\"\">\n                                                                                                                    <\/a>\n                                                            <\/li>\n\n                                                    \n\n                            <li class=\"splide__slide flex items-stretch\">\n                                                                    <div class=\"shadow-lg p-4 flex flex-col gap-4 justify-between items-start mx-2 my-4 w-full\">\n                                                                                    <img decoding=\"async\" src=\"https:\/\/www.esorecycling.it\/wp-content\/uploads\/2025\/07\/mb-800x800-2.png\" title=\" \" class=\"max-w-[200px] self-center\" alt=\"\">\n                                                                                                                    <\/div>\n                                                            <\/li>\n\n                                                    \n\n                            <li class=\"splide__slide flex items-stretch\">\n                                                                    <a href=\"https:\/\/shop.medalinframe.com\/\" target=\"_self\" class=\"w-full shadow-lg p-4 flex flex-col gap-4 justify-between items-start mx-2 my-4\" rel=\"noopener\">\n                                                                                    <img decoding=\"async\" src=\"https:\/\/www.esorecycling.it\/wp-content\/uploads\/2025\/07\/mif-800x800-2.png\" title=\" \" class=\"max-w-[200px] self-center\" alt=\"\">\n                                                                                                                    <\/a>\n                                                            <\/li>\n\n                                                    \n\n                            <li class=\"splide__slide flex items-stretch\">\n                                                                    <div class=\"shadow-lg p-4 flex flex-col gap-4 justify-between items-start mx-2 my-4 w-full\">\n                                                                                    <img decoding=\"async\" src=\"https:\/\/www.esorecycling.it\/wp-content\/uploads\/2025\/07\/mm-800x800-2.png\" title=\" \" class=\"max-w-[200px] self-center\" alt=\"\">\n                                                                                                                    <\/div>\n                                                            <\/li>\n\n                                                    \n\n                            <li class=\"splide__slide flex items-stretch\">\n                                                                    <a href=\"https:\/\/www.re-medal.com\/\" target=\"_self\" class=\"w-full shadow-lg p-4 flex flex-col gap-4 justify-between items-start mx-2 my-4\" rel=\"noopener\">\n                                                                                    <img decoding=\"async\" src=\"https:\/\/www.esorecycling.it\/wp-content\/uploads\/2025\/07\/re-medal-800x800-2.png\" title=\" \" class=\"max-w-[200px] self-center\" alt=\"\">\n                                                                                                                    <\/a>\n                                                            <\/li>\n\n                        \n                    <\/ul>\n                <\/div>\n            <\/div>\n\n        <\/div>\n\n    \n<\/section>\n","protected":false},"excerpt":{"rendered":"<p>Teknisk datablad<\/p>\n","protected":false},"author":4,"featured_media":0,"parent":0,"menu_order":0,"comment_status":"closed","ping_status":"closed","template":"","meta":{"footnotes":""},"class_list":["post-11850","page","type-page","status-publish","hentry"],"acf":[],"_links":{"self":[{"href":"https:\/\/www.esorecycling.it\/da\/wp-json\/wp\/v2\/pages\/11850","targetHints":{"allow":["GET"]}}],"collection":[{"href":"https:\/\/www.esorecycling.it\/da\/wp-json\/wp\/v2\/pages"}],"about":[{"href":"https:\/\/www.esorecycling.it\/da\/wp-json\/wp\/v2\/types\/page"}],"author":[{"embeddable":true,"href":"https:\/\/www.esorecycling.it\/da\/wp-json\/wp\/v2\/users\/4"}],"replies":[{"embeddable":true,"href":"https:\/\/www.esorecycling.it\/da\/wp-json\/wp\/v2\/comments?post=11850"}],"version-history":[{"count":11,"href":"https:\/\/www.esorecycling.it\/da\/wp-json\/wp\/v2\/pages\/11850\/revisions"}],"predecessor-version":[{"id":12532,"href":"https:\/\/www.esorecycling.it\/da\/wp-json\/wp\/v2\/pages\/11850\/revisions\/12532"}],"wp:attachment":[{"href":"https:\/\/www.esorecycling.it\/da\/wp-json\/wp\/v2\/media?parent=11850"}],"curies":[{"name":"wp","href":"https:\/\/api.w.org\/{rel}","templated":true}]}}