{"id":11851,"date":"2025-08-04T11:20:54","date_gmt":"2025-08-04T09:20:54","guid":{"rendered":"https:\/\/www.esorecycling.it\/esosport-tiles-wellness\/"},"modified":"2026-04-07T11:29:14","modified_gmt":"2026-04-07T09:29:14","slug":"esosport-tiles-wellness","status":"publish","type":"page","link":"https:\/\/www.esorecycling.it\/da\/esosport-tiles-wellness\/","title":{"rendered":"esosport tiles wellness &#038; mindfulness"},"content":{"rendered":"\n<section id=\"block_658d014d5db07a84f8e4148da7684cc3\" class=\"acf-block acf-block-immagine-principale-occhiello\">\n\n    \n    <div class=\"flex items-center bg-center bg-cover bg-no-repeat min-h-[70vh]\" style=\"background-image: url('https:\/\/www.esorecycling.it\/wp-content\/uploads\/2025\/12\/thumbnail_Yoga-high.jpg')\">\n        <div class=\"container py-16\">\n            <div class=\"flex flex-col text-white gap-4 items-center text-center\">\n                <h1 class=\"text-2xl font-black reveal\"><\/h1>\n                <p class=\"reveal\"><\/p>\n                            <\/div>\n        <\/div>\n    <\/div>\n\n<\/section>\n\n\n\n<section id=\"block_addb2726cdd3d4e35573d2c72848b8af\" class=\"acf-block acf-block-occhiello-titolo-testo\">\n    <div class=\"container py-8\">\n        <div class=\"flex flex-col gap-4 text-center\">\n            <hgroup class=\"flex flex-col gap-1\">\n                <h2 class=\"uppercase font-medium\">Indbydende bel\u00e6gninger til yogasale, afslapningsomr\u00e5der og meditative stier<\/h2>\n                <h2 class=\"text-lg lg:text-xl\">esosport tiles wellness &#038; mindfulness<\/h1>\n            <\/hgroup>\n            <hr class=\"divider mx-auto\" \/>\n            <div class=\"\"><h3 style=\"text-align: left;\"><strong><a href=\"http:\/\/esosport.it\" target=\"_blank\" rel=\"noopener\">esosport<\/a> tiles wellness &amp; mindfulness<\/strong> er l\u00f8sningen designet af ESO RECYCLING<sup>\u00ae<\/sup> til <strong>at d\u00e6kke med elegance og funktionalitet<\/strong> de omr\u00e5der, der er dedikeret til <strong>fysisk og mental velv\u00e6re<\/strong>.<\/h3>\n<h3><\/h3>\n<h3 style=\"text-align: left;\">Perfekt til <strong>indend\u00f8rs og udend\u00f8rs fitnesscentre, yogastudier, fitnessomr\u00e5der, home gyms og rehabiliteringsmilj\u00f8er<\/strong>, kombinerer dette gulv <strong>design, komfort og sikkerhed<\/strong> i enhver sammenh\u00e6ng.<\/h3>\n<p>&nbsp;<\/p>\n<p style=\"text-align: left;\">Fliserne tilbyder <strong>elastiske, skridsikre og holdbare overflader<\/strong>, ideelle til at st\u00f8tte tr\u00e6ning, meditation og rehabiliteringsaktiviteter, samtidig med at de reducerer tr\u00e6thed og sikrer beskyttelse af leddene. Takket v\u00e6re materialer af h\u00f8j kvalitet og en <strong>b\u00e6redygtig produktionsproces<\/strong> kombinerer hvert element <strong>h\u00f8j ydeevne og respekt for milj\u00f8et<\/strong>.<\/p>\n<p>&nbsp;<\/p>\n<p style=\"text-align: left;\">At v\u00e6lge <strong>esosport tiles wellness &amp; mindfulness<\/strong> betyder at transformere hvert rum til et <strong>sikkert, komfortabelt og harmonisk milj\u00f8<\/strong>, hvor b\u00e5de krop og sind kan regenerere, tr\u00e6ne og finde balance.<\/p>\n<\/div>\n        <\/div>\n    <\/div>\n<\/section>\n\n\n\n<section id=\"block_e29b4d9ef886e80f0219c9aa39594c0d\" class=\"acf-block acf-block-occhiello-titolo-testo\">\n    <div class=\"container py-8\">\n        <div class=\"flex flex-col gap-4 text-center\">\n            <hgroup class=\"flex flex-col gap-1\">\n                <h2 class=\"uppercase font-medium\">Et materiale designet til kroppen<\/h2>\n                <h2 class=\"text-lg lg:text-xl\"><\/h1>\n            <\/hgroup>\n            <hr class=\"divider mx-auto\" \/>\n            <div class=\"\"><p style=\"text-align: left;\">Fremstillet af <strong>genbrugsgummi af h\u00f8j kvalitet<\/strong>, f\u00e5s disse fliser i <strong>tykkelser fra 1 til 4 cm<\/strong>, s\u00e5 de kan tilpasses til enhver type aktivitet: fra <strong>yoga<\/strong> til <strong>cross training<\/strong>, fra <strong>kropsv\u00e6gt\u00f8velser<\/strong> til <strong>functional fitness<\/strong>. En alsidig l\u00f8sning, der er designet til at <strong>maksimere komfort og beskyttelse<\/strong> i ethvert tr\u00e6ningsmilj\u00f8.<\/p>\n<p>&nbsp;<\/p>\n<p style=\"text-align: left;\">Materialet er <strong>bl\u00f8dt men holdbart<\/strong>, <strong>skridsikkert<\/strong>, nemt at reng\u00f8re og <strong>behageligt at r\u00f8re ved<\/strong>, hvilket sikrer b\u00e5de sikkerhed, praktisk anvendelse og en behagelig sensorisk oplevelse under hver bev\u00e6gelse.<\/p>\n<p>&nbsp;<\/p>\n<p style=\"text-align: left;\">Designet til at <strong>beskytte kroppen, st\u00f8tte bev\u00e6gelser og forbedre ydeevnen<\/strong>, skaber disse fliser et <strong>positivt kontaktpunkt med overfladen<\/strong> \u2014 hver bev\u00e6gelse bliver mere naturlig, glidende og sikker.<\/p>\n<\/div>\n        <\/div>\n    <\/div>\n<\/section>\n\n\n\n<div class=\"wp-block-buttons\" style=\"display:flex; justify-content:center; margin:30px 0;\">\n  <div class=\"wp-block-button is-style-outline\">\n    <a class=\"wp-block-button__link has-background has-medium-font-size has-custom-font-size wp-element-button\" href=\"https:\/\/www.esorecycling.it\/da\/teknisk-datablad-esosport-fliser-wellness\/\" style=\"border-radius:0px; background-color:#007c64; color:#fff; padding:12px 28px; font-weight:600;\">\n       Teknisk datablad\n    <\/a>\n  <\/div>\n<\/div>\n\n\n\n<section id=\"block_fb6b9d32a63be64b6339bd47a054cc40\" class=\"acf-block acf-block-occhiello-titolo-testo\">\n    <div class=\"container py-8\">\n        <div class=\"flex flex-col gap-4 text-center\">\n            <hgroup class=\"flex flex-col gap-1\">\n                <h2 class=\"uppercase font-medium\">Regenerering, der skaber energi<\/h2>\n                <h2 class=\"text-lg lg:text-xl\"><\/h1>\n            <\/hgroup>\n            <hr class=\"divider mx-auto\" \/>\n            <div class=\"\"><div class=\"elenco-verde-wrapper\">\n<ul class=\"elenco-verde-centrato\">\n<li><strong>B\u00e6redygtigt materiale:<\/strong> fremstillet af <strong>genanvendte sportsko efter forbrug<\/strong>, hvilket reducerer affald og v\u00e6rds\u00e6tter materialer, samtidig med at det fremmer en mere ansvarlig ressourceforvaltning og hj\u00e6lper med at opretholde en sundere planet.<\/li>\n<li><strong>Komfort og beskyttelse:<\/strong> <strong>elastiske og st\u00f8dabsorberende<\/strong> overflader, ideelle til tr\u00e6ning, yoga og rehabiliteringsaktiviteter, der giver brugeren mulighed for at bev\u00e6ge sig frit og komfortabelt, samtidig med at kroppen er beskyttet mod skader.<\/li>\n<li><strong>Skridsikre og sikre:<\/strong> sikrer <strong>greb og stabilitet<\/strong> selv under fugtige forhold eller intensive bev\u00e6gelser, hvilket giver brugeren tillid til deres aktivitet og g\u00f8r det muligt at opn\u00e5 bedre resultater uden risiko for ulykker.<\/li>\n<li><strong>Let at installere:<\/strong> takket v\u00e6re det <strong>modul\u00e6re format<\/strong> er fliserne nemme at l\u00e6gge og kan tilpasses ethvert rum, hvilket g\u00f8r dem ideelle til b\u00e5de private og offentlige omr\u00e5der, hvor fleksibilitet og funktionalitet er vigtige.<\/li>\n<li><strong>Design og farver:<\/strong> elegante og behagelige, de hj\u00e6lper med at skabe <strong>harmoniske og motiverende<\/strong> milj\u00f8er for krop og sind, hvilket fremmer en atmosf\u00e6re af ro og balance under tr\u00e6ning og meditation.<\/li>\n<li><strong>Holdbarhed:<\/strong> tekniske materialer af h\u00f8j modstand, der giver overflader, som <strong>holder sig langtidsholdbare uden at miste ydeevne<\/strong>, hvilket sikrer en investering, der vil gavne i mange \u00e5r fremover uden behov for hyppig udskiftning.<\/li>\n<li><strong>Cirkul\u00e6r tilgang:<\/strong> hver flise er en del af et <strong>virtu\u00f8st b\u00e6redygtighedscyklus<\/strong>, der respekterer milj\u00f8et og fremmer cirkul\u00e6r \u00f8konomi, ved at reducere affald og maksimere genbrug af materialer i produktionsprocessen.<\/li>\n<\/ul>\n<\/div>\n<\/div>\n        <\/div>\n    <\/div>\n<\/section>\n\n\n\n<section id=\"block_f1cf16cf972fb34df826f9972a43e4e6\" class=\"acf-block acf-block-occhiello-titolo-testo\">\n    <div class=\"container py-8\">\n        <div class=\"flex flex-col gap-4 text-center\">\n            <hgroup class=\"flex flex-col gap-1\">\n                <h2 class=\"uppercase font-medium\">Fra genvindingens pleje opst\u00e5r fremtidens rum<\/h2>\n                <h2 class=\"text-lg lg:text-xl\"><\/h1>\n            <\/hgroup>\n            <hr class=\"divider mx-auto\" \/>\n            <div class=\"\"><p style=\"text-align: left;\">Med <a href=\"http:\/\/esosport.it\" target=\"_blank\" rel=\"noopener\"><strong>esosport<\/strong><\/a><strong> tiles wellness &amp; mindfulness<\/strong>, m\u00f8des <strong>bev\u00e6gelser med b\u00e6redygtighed<\/strong>, <strong>styrken hviler p\u00e5 ansvarlighed<\/strong>, og hvert rum dedikeret til kroppen bliver ikke kun et sted for tr\u00e6ning og velv\u00e6re, men ogs\u00e5 <strong>en konkret gestus af respekt for milj\u00f8et<\/strong>, som hj\u00e6lper med at opretholde en sund balance mellem vores kroppe og naturen.<\/p>\n<p>&nbsp;<\/p>\n<p style=\"text-align: left;\">Hver flise er resultatet af en <strong>virtu\u00f8s cirkul\u00e6r proces<\/strong>, der omdanner post-forbrugsmaterialer til <strong>sikre, komfortable og holdbare<\/strong> overflader. Kroppen bev\u00e6ger sig, sindet slapper af, og milj\u00f8et drager fordel: <strong>velv\u00e6re og b\u00e6redygtighed g\u00e5r h\u00e5nd i h\u00e5nd<\/strong>, hvilket giver en mere meningsfuld og ansvarlig oplevelse, der gavner b\u00e5de brugeren og planeten.<\/p>\n<p>&nbsp;<\/p>\n<p style=\"text-align: left;\">At v\u00e6lge <strong>esosport tiles wellness &amp; mindfulness<\/strong> betyder at skabe rum, hvor <strong>ydelse, komfort og milj\u00f8ansvar<\/strong> m\u00f8des, og hvor hver tr\u00e6ning bliver en lille handling af pleje b\u00e5de for sig selv, samfundet og planeten, hvilket fremmer en kultur af b\u00e6redygtighed og selvomsorg.<\/p>\n<\/div>\n        <\/div>\n    <\/div>\n<\/section>\n\n\n\n<div style=\"height:100px\" aria-hidden=\"true\" class=\"wp-block-spacer\"><\/div>\n\n\n\n<section id=\"block_0070571d976708b68b2822539203b2fc\" class=\"acf-block acf-block-occhiello-titolo-testo\">\n    <div class=\"container py-8\">\n        <div class=\"flex flex-col gap-4 text-center\">\n            <hgroup class=\"flex flex-col gap-1\">\n                <h2 class=\"uppercase font-medium\"><\/h2>\n                <h2 class=\"text-lg lg:text-xl\">ANMOD OM INFO OG TILBUD<\/h1>\n            <\/hgroup>\n            <hr class=\"divider mx-auto\" \/>\n            <div class=\"\"><\/div>\n        <\/div>\n    <\/div>\n<\/section>\n\n\n\n<div class=\"wpcf7 no-js\" id=\"wpcf7-f12159-o1\" lang=\"da-DK\" dir=\"ltr\" data-wpcf7-id=\"12159\">\n<div class=\"screen-reader-response\"><p role=\"status\" aria-live=\"polite\" aria-atomic=\"true\"><\/p> <ul><\/ul><\/div>\n<form action=\"\/da\/wp-json\/wp\/v2\/pages\/11851#wpcf7-f12159-o1\" method=\"post\" class=\"wpcf7-form init\" aria-label=\"Contact form\" novalidate=\"novalidate\" data-status=\"init\">\n<fieldset class=\"hidden-fields-container\"><input type=\"hidden\" name=\"_wpcf7\" value=\"12159\" \/><input type=\"hidden\" name=\"_wpcf7_version\" value=\"6.1.1\" \/><input type=\"hidden\" name=\"_wpcf7_locale\" value=\"da_DK\" \/><input type=\"hidden\" name=\"_wpcf7_unit_tag\" value=\"wpcf7-f12159-o1\" \/><input type=\"hidden\" name=\"_wpcf7_container_post\" value=\"0\" \/><input type=\"hidden\" name=\"_wpcf7_posted_data_hash\" value=\"\" \/><input type=\"hidden\" name=\"_wpcf7_recaptcha_response\" value=\"\" \/>\n<\/fieldset>\n<p><label>Fornavn<span class=\"text-danger\">*<\/span><br \/>\n<span class=\"wpcf7-form-control-wrap\" data-name=\"first_name\"><input size=\"40\" maxlength=\"400\" class=\"wpcf7-form-control wpcf7-text wpcf7-validates-as-required form-control\" aria-required=\"true\" aria-invalid=\"false\" value=\"\" type=\"text\" name=\"first_name\" \/><\/span><br \/>\n<\/label>\n<\/p>\n<p><label>Efternavn<span class=\"text-danger\">*<\/span><br \/>\n<span class=\"wpcf7-form-control-wrap\" data-name=\"last_name\"><input size=\"40\" maxlength=\"400\" class=\"wpcf7-form-control wpcf7-text wpcf7-validates-as-required form-control\" aria-required=\"true\" aria-invalid=\"false\" value=\"\" type=\"text\" name=\"last_name\" \/><\/span><br \/>\n<\/label>\n<\/p>\n<p><label>Firma<span class=\"text-danger\">*<\/span><br \/>\n<span class=\"wpcf7-form-control-wrap\" data-name=\"company\"><input size=\"40\" maxlength=\"400\" class=\"wpcf7-form-control wpcf7-text wpcf7-validates-as-required form-control\" aria-required=\"true\" aria-invalid=\"false\" value=\"\" type=\"text\" name=\"company\" \/><\/span><br \/>\n<\/label>\n<\/p>\n<p><label>E-mail<span class=\"text-danger\">*<\/span><br \/>\n<span class=\"wpcf7-form-control-wrap\" data-name=\"user_email\"><input size=\"40\" maxlength=\"400\" class=\"wpcf7-form-control wpcf7-email wpcf7-validates-as-required wpcf7-text wpcf7-validates-as-email form-control\" aria-required=\"true\" aria-invalid=\"false\" value=\"\" type=\"email\" name=\"user_email\" \/><\/span><br \/>\n<\/label>\n<\/p>\n<p><label>Telefon<br \/>\n<span class=\"wpcf7-form-control-wrap\" data-name=\"phone\"><input size=\"40\" maxlength=\"400\" class=\"wpcf7-form-control wpcf7-text form-control\" aria-invalid=\"false\" value=\"\" type=\"text\" name=\"phone\" \/><\/span><br \/>\n<\/label>\n<\/p>\n<p><label>Mobiltelefon<br \/>\n<span class=\"wpcf7-form-control-wrap\" data-name=\"mobile\"><input size=\"40\" maxlength=\"400\" class=\"wpcf7-form-control wpcf7-text form-control\" aria-invalid=\"false\" value=\"\" type=\"text\" name=\"mobile\" \/><\/span><br \/>\n<\/label>\n<\/p>\n<p><label>Land<br \/>\n<span class=\"wpcf7-form-control-wrap\" data-name=\"country\"><input size=\"40\" maxlength=\"400\" class=\"wpcf7-form-control wpcf7-text form-control\" aria-invalid=\"false\" value=\"\" type=\"text\" name=\"country\" \/><\/span><br \/>\n<\/label>\n<\/p>\n<p><label>By<br \/>\n<span class=\"wpcf7-form-control-wrap\" data-name=\"city\"><input size=\"40\" maxlength=\"400\" class=\"wpcf7-form-control wpcf7-text form-control\" aria-invalid=\"false\" value=\"\" type=\"text\" name=\"city\" \/><\/span><br \/>\n<\/label>\n<\/p>\n<p><label>Detaljer om din foresp\u00f8rgsel<br \/>\n<span class=\"wpcf7-form-control-wrap\" data-name=\"request_detail\"><textarea cols=\"40\" rows=\"10\" maxlength=\"2000\" class=\"wpcf7-form-control wpcf7-textarea form-control\" aria-invalid=\"false\" name=\"request_detail\"><\/textarea><\/span><br \/>\n<\/label>\n<\/p>\n<p><span class=\"wpcf7-form-control-wrap\" data-name=\"privacy-acceptance\"><span class=\"wpcf7-form-control wpcf7-acceptance\"><span class=\"wpcf7-list-item\"><label><input type=\"checkbox\" name=\"privacy-acceptance\" value=\"1\" aria-invalid=\"false\" \/><span class=\"wpcf7-list-item-label\">Jeg har l\u00e6st <a href=\"\/informativa-privacy\/\">privatlivspolitikken<\/a> og accepterer behandlingen af mine data i henhold til GDPR.<\/span><\/label><\/span><\/span><\/span>\n<\/p>\n<p><input class=\"wpcf7-form-control wpcf7-submit has-spinner\" type=\"submit\" value=\"Send\" \/>\n<\/p><div class=\"wpcf7-response-output\" aria-hidden=\"true\"><\/div>\n<\/form>\n<\/div>\n\n\n\n\n<div style=\"height:100px\" aria-hidden=\"true\" class=\"wp-block-spacer\"><\/div>\n\n\n\n<section id=\"block_4e1adf8958d97448173eac85d0f911c8\" class=\"acf-block acf-block-occhiello-titolo-testo\">\n    <div class=\"container py-8\">\n        <div class=\"flex flex-col gap-4 text-center\">\n            <hgroup class=\"flex flex-col gap-1\">\n                <h2 class=\"uppercase font-medium\">Vores m\u00e6rker<\/h2>\n                <h2 class=\"text-lg lg:text-xl\">Affaldets lykkelige slutning<\/h1>\n            <\/hgroup>\n            <hr class=\"divider mx-auto\" \/>\n            <div class=\"\"><p><strong>Egne m\u00e6rker<\/strong> af ESO RECYCLING<\/p>\n<\/div>\n        <\/div>\n    <\/div>\n<\/section>\n\n\n\n<section id=\"block_31684361f6eada6077b4bb779948b231\" class=\"acf-block acf-block-partners\">\n\n\n    \n        <div class=\"container pb-16 px-8 lg:px-0\" x-data=\"{\n            init() {\n                new Splide(this.$refs.splide, {\n                    perPage: 4,\n                    pagination: 0,\n                    gap: 0,\n                    breakpoints: {\n                        640: {\n                            perPage: 1,\n                        },\n                    },\n                }).mount()\n            },\n        }\">\n\n            <div x-ref=\"splide\" class=\"splide\">\n                <div class=\"splide__track\">\n                    <ul class=\"splide__list items-stretch\">\n\n                                                    \n\n                            <li class=\"splide__slide flex items-stretch\">\n                                                                    <a href=\"https:\/\/www.eso.it\/\" target=\"_self\" class=\"w-full shadow-lg p-4 flex flex-col gap-4 justify-between items-start mx-2 my-4\" rel=\"noopener\">\n                                                                                    <img decoding=\"async\" src=\"https:\/\/www.esorecycling.it\/wp-content\/uploads\/2026\/02\/logo-eso-25-1-scaled.png\" title=\" \" class=\"max-w-[200px] self-center\" alt=\"eso logo\">\n                                                                                                                    <\/a>\n                                                            <\/li>\n\n                                                    \n\n                            <li class=\"splide__slide flex items-stretch\">\n                                                                    <a href=\"https:\/\/backtowork.eso.it\/\" target=\"_self\" class=\"w-full shadow-lg p-4 flex flex-col gap-4 justify-between items-start mx-2 my-4\" rel=\"noopener\">\n                                                                                    <img decoding=\"async\" src=\"https:\/\/www.esorecycling.it\/wp-content\/uploads\/2025\/07\/back-to-work-800x800-1.png\" title=\" \" class=\"max-w-[200px] self-center\" alt=\"\">\n                                                                                                                    <\/a>\n                                                            <\/li>\n\n                                                    \n\n                            <li class=\"splide__slide flex items-stretch\">\n                                                                    <a href=\"https:\/\/www.esosport.it\/\" target=\"_self\" class=\"w-full shadow-lg p-4 flex flex-col gap-4 justify-between items-start mx-2 my-4\" rel=\"noopener\">\n                                                                                    <img decoding=\"async\" src=\"https:\/\/www.esorecycling.it\/wp-content\/uploads\/2025\/07\/esosport-800x800-1.png\" title=\" \" class=\"max-w-[200px] self-center\" alt=\"\">\n                                                                                                                    <\/a>\n                                                            <\/li>\n\n                                                    \n\n                            <li class=\"splide__slide flex items-stretch\">\n                                                                    <a href=\"https:\/\/esoweb.it\/\" target=\"_self\" class=\"w-full shadow-lg p-4 flex flex-col gap-4 justify-between items-start mx-2 my-4\" rel=\"noopener\">\n                                                                                    <img decoding=\"async\" src=\"https:\/\/www.esorecycling.it\/wp-content\/uploads\/2026\/02\/esoweb_logo_top2-1.png\" title=\" \" class=\"max-w-[200px] self-center\" alt=\"esoweb logo\">\n                                                                                                                    <\/a>\n                                                            <\/li>\n\n                                                    \n\n                            <li class=\"splide__slide flex items-stretch\">\n                                                                    <a href=\"http:\/\/shop.esoweb.it\" target=\"_self\" class=\"w-full shadow-lg p-4 flex flex-col gap-4 justify-between items-start mx-2 my-4\" rel=\"noopener\">\n                                                                                    <img decoding=\"async\" src=\"https:\/\/www.esorecycling.it\/wp-content\/uploads\/2025\/10\/thumbnail_ESOSHOP-logo-1.png\" title=\" \" class=\"max-w-[200px] self-center\" alt=\"Logo di ESO Shop\">\n                                                                                                                    <\/a>\n                                                            <\/li>\n\n                                                    \n\n                            <li class=\"splide__slide flex items-stretch\">\n                                                                    <a href=\"https:\/\/www.esosport.it\/il-giardino-di-betty-progetto-esosport-di-solidarieta\/\" target=\"_self\" class=\"w-full shadow-lg p-4 flex flex-col gap-4 justify-between items-start mx-2 my-4\" rel=\"noopener\">\n                                                                                    <img decoding=\"async\" src=\"https:\/\/www.esorecycling.it\/wp-content\/uploads\/2025\/07\/il-giardino-di-betty-800x800-1.png\" title=\" \" class=\"max-w-[200px] self-center\" alt=\"\">\n                                                                                                                    <\/a>\n                                                            <\/li>\n\n                                                    \n\n                            <li class=\"splide__slide flex items-stretch\">\n                                                                    <a href=\"https:\/\/www.esosport.it\/pista-di-filippide-sport-e-inclusione-per-tutti\/\" target=\"_self\" class=\"w-full shadow-lg p-4 flex flex-col gap-4 justify-between items-start mx-2 my-4\" rel=\"noopener\">\n                                                                                    <img decoding=\"async\" src=\"https:\/\/www.esorecycling.it\/wp-content\/uploads\/2025\/07\/la-pista-di-filippide-800x800-1.png\" title=\" \" class=\"max-w-[200px] self-center\" alt=\"\">\n                                                                                                                    <\/a>\n                                                            <\/li>\n\n                                                    \n\n                            <li class=\"splide__slide flex items-stretch\">\n                                                                    <div class=\"shadow-lg p-4 flex flex-col gap-4 justify-between items-start mx-2 my-4 w-full\">\n                                                                                    <img decoding=\"async\" src=\"https:\/\/www.esorecycling.it\/wp-content\/uploads\/2025\/07\/mb-800x800-2.png\" title=\" \" class=\"max-w-[200px] self-center\" alt=\"\">\n                                                                                                                    <\/div>\n                                                            <\/li>\n\n                                                    \n\n                            <li class=\"splide__slide flex items-stretch\">\n                                                                    <a href=\"https:\/\/shop.medalinframe.com\/\" target=\"_self\" class=\"w-full shadow-lg p-4 flex flex-col gap-4 justify-between items-start mx-2 my-4\" rel=\"noopener\">\n                                                                                    <img decoding=\"async\" src=\"https:\/\/www.esorecycling.it\/wp-content\/uploads\/2025\/07\/mif-800x800-2.png\" title=\" \" class=\"max-w-[200px] self-center\" alt=\"\">\n                                                                                                                    <\/a>\n                                                            <\/li>\n\n                                                    \n\n                            <li class=\"splide__slide flex items-stretch\">\n                                                                    <div class=\"shadow-lg p-4 flex flex-col gap-4 justify-between items-start mx-2 my-4 w-full\">\n                                                                                    <img decoding=\"async\" src=\"https:\/\/www.esorecycling.it\/wp-content\/uploads\/2025\/07\/mm-800x800-2.png\" title=\" \" class=\"max-w-[200px] self-center\" alt=\"\">\n                                                                                                                    <\/div>\n                                                            <\/li>\n\n                                                    \n\n                            <li class=\"splide__slide flex items-stretch\">\n                                                                    <a href=\"https:\/\/www.re-medal.com\/\" target=\"_self\" class=\"w-full shadow-lg p-4 flex flex-col gap-4 justify-between items-start mx-2 my-4\" rel=\"noopener\">\n                                                                                    <img decoding=\"async\" src=\"https:\/\/www.esorecycling.it\/wp-content\/uploads\/2025\/07\/re-medal-800x800-2.png\" title=\" \" class=\"max-w-[200px] self-center\" alt=\"\">\n                                                                                                                    <\/a>\n                                                            <\/li>\n\n                        \n                    <\/ul>\n                <\/div>\n            <\/div>\n\n        <\/div>\n\n    \n<\/section>\n","protected":false},"excerpt":{"rendered":"<p>Teknisk datablad<\/p>\n","protected":false},"author":4,"featured_media":0,"parent":0,"menu_order":0,"comment_status":"closed","ping_status":"closed","template":"","meta":{"footnotes":""},"class_list":["post-11851","page","type-page","status-publish","hentry"],"acf":[],"_links":{"self":[{"href":"https:\/\/www.esorecycling.it\/da\/wp-json\/wp\/v2\/pages\/11851","targetHints":{"allow":["GET"]}}],"collection":[{"href":"https:\/\/www.esorecycling.it\/da\/wp-json\/wp\/v2\/pages"}],"about":[{"href":"https:\/\/www.esorecycling.it\/da\/wp-json\/wp\/v2\/types\/page"}],"author":[{"embeddable":true,"href":"https:\/\/www.esorecycling.it\/da\/wp-json\/wp\/v2\/users\/4"}],"replies":[{"embeddable":true,"href":"https:\/\/www.esorecycling.it\/da\/wp-json\/wp\/v2\/comments?post=11851"}],"version-history":[{"count":4,"href":"https:\/\/www.esorecycling.it\/da\/wp-json\/wp\/v2\/pages\/11851\/revisions"}],"predecessor-version":[{"id":12538,"href":"https:\/\/www.esorecycling.it\/da\/wp-json\/wp\/v2\/pages\/11851\/revisions\/12538"}],"wp:attachment":[{"href":"https:\/\/www.esorecycling.it\/da\/wp-json\/wp\/v2\/media?parent=11851"}],"curies":[{"name":"wp","href":"https:\/\/api.w.org\/{rel}","templated":true}]}}