{"id":11855,"date":"2025-07-31T10:58:12","date_gmt":"2025-07-31T08:58:12","guid":{"rendered":"https:\/\/www.esorecycling.it\/esosport-basket\/"},"modified":"2026-04-07T10:44:30","modified_gmt":"2026-04-07T08:44:30","slug":"esosport-basket","status":"publish","type":"page","link":"https:\/\/www.esorecycling.it\/da\/esosport-basket\/","title":{"rendered":"esosport basket"},"content":{"rendered":"\n<section id=\"block_5ee21f18fc86cefdd501f2189f9bfae5\" class=\"acf-block acf-block-occhiello-titolo-testo\">\n    <div class=\"container py-8\">\n        <div class=\"flex flex-col gap-4 text-center\">\n            <hgroup class=\"flex flex-col gap-1\">\n                <h2 class=\"uppercase font-medium\">St\u00f8bte l\u00f8sninger til h\u00f8jtpr\u00e6sterende basketballbaner<\/h2>\n                <h2 class=\"text-lg lg:text-xl\">esosport basket<\/h1>\n            <\/hgroup>\n            <hr class=\"divider mx-auto\" \/>\n            <div class=\"\"><\/div>\n        <\/div>\n    <\/div>\n<\/section>\n\n\n\n<section id=\"block_5a53f3ee7441722b06e8f269d61ae977\" class=\"acf-block acf-block-immagine-principale-occhiello\">\n\n    \n    <div class=\"flex items-center bg-center bg-cover bg-no-repeat min-h-[70vh]\" style=\"background-image: url('https:\/\/www.esorecycling.it\/wp-content\/uploads\/2025\/07\/2024-eso-recycling-basket-field-4-1.jpg')\">\n        <div class=\"container py-16\">\n            <div class=\"flex flex-col text-white gap-4 items-center text-center\">\n                <h1 class=\"text-2xl font-black reveal\"><\/h1>\n                <p class=\"reveal\"><\/p>\n                            <\/div>\n        <\/div>\n    <\/div>\n\n<\/section>\n\n\n\n<section id=\"block_a315570eb455eba86c26ae4211d5bd5f\" class=\"acf-block acf-block-occhiello-titolo-testo\">\n    <div class=\"container py-8\">\n        <div class=\"flex flex-col gap-4 text-center\">\n            <hgroup class=\"flex flex-col gap-1\">\n                <h2 class=\"uppercase font-medium\"><\/h2>\n                <h2 class=\"text-lg lg:text-xl\"><\/h1>\n            <\/hgroup>\n            <hr class=\"divider mx-auto\" \/>\n            <div class=\"\"><div style=\"text-align: left; line-height: 1.8; margin-bottom: 20px;\">\n<h3 style=\"margin-bottom: 25px;\"><strong>esosport Basket<\/strong> er et banebrydende projekt dedikeret til etableringen af <strong>b\u00e6redygtige basketballbaner<\/strong>, der ikke kun tager h\u00f8jde for et h\u00f8jt niveau af sportspr\u00e6stationer, men ogs\u00e5 sikrer, at alle aspekter af designet er i overensstemmelse med milj\u00f8m\u00e6ssige m\u00e5l og principper.<\/h3>\n<h3><\/h3>\n<h3 style=\"margin-bottom: 25px;\">Gennem en innovativ proces med genanvendelse og transformation af affaldsmaterialer, som eksempelvis brugte sneakers og kasserede industrimaterialer, bliver disse ressourcer regenereret og omdannet til moderne, sikre og holdbare spilleflader. Dette er et konkret skridt mod at reducere affald og samtidig fremme en cirkul\u00e6r \u00f8konomi, hvor affald ikke bare forsvinder i deponier, men f\u00e5r nyt liv og funktion.<\/h3>\n<p>&nbsp;<\/p>\n<p style=\"margin-bottom: 25px;\">Vores <strong>regenererede basketballbaner<\/strong> er ikke kun designet til at tilbyde en optimal spilleoplevelse i form af komfort og funktionalitet, men de er ogs\u00e5 udformet med det form\u00e5l at opretholde deres pr\u00e6stationsevne og holdbarhed p\u00e5 lang sigt.<\/p>\n<p>&nbsp;<\/p>\n<p style=\"margin-bottom: 25px;\">Overfladerne er skabt til at v\u00e6re b\u00e5de skridsikre og komfortable, hvilket er essentielt for at sikre stabilitet og sikkerhed under enhver form for aktivitet \u2014 fra intens konkurrence til afslappet fritidsspil. Den modstandsdygtighed, disse baner har mod slid og vejrp\u00e5virkninger, g\u00f8r dem ideelle til anvendelse i skoler, sportscentre, offentlige parker og i lokale samfundsomr\u00e5der, hvor de skal modst\u00e5 h\u00e5rd brug og \u00e6ndrende vejrforhold.<\/p>\n<p>&nbsp;<\/p>\n<p style=\"margin-bottom: 25px;\">Men <strong>esosport Basket<\/strong> er meget mere end bare en basketballbane. Hver bane er et <strong>symbol p\u00e5 ren og cirkul\u00e6r leg<\/strong>, og fungerer som et h\u00e5ndgribeligt eksempel p\u00e5, hvordan sport kan anvendes som en platform for positiv forandring og samfundsansvar. Gennem disse baner str\u00e6ber vi efter at fremme en kultur for b\u00e6redygtighed, der involverer alle \u2014 fra lokale borgere og studerende til sportsentusiaster. Samtidig skaber vi bevidsthed om vigtigheden af genbrug, genanvendelse og cirkul\u00e6r \u00f8konomi, som b\u00e5de kan transformere vores milj\u00f8 og styrke f\u00e6llesskaber.<\/p>\n<p>&nbsp;<\/p>\n<p style=\"margin-bottom: 25px;\">At deltage i dette projekt handler ikke kun om at skabe fysiske sportsfaciliteter, men om at bidrage til opbygningen af inklusiv, sikker og ansvarlig infrastruktur, hvor respekt for planeten og dens ressourcer er i centrum. I denne proces bliver sportens v\u00e6rdier \u2014 samarbejde, engagement og f\u00e6llesskab \u2014 forst\u00e6rket, og der skabes muligheder for socialt samv\u00e6r og l\u00e6ring.<\/p>\n<p>&nbsp;<\/p>\n<p style=\"margin-bottom: 25px;\">Hver bane, vi etablerer, fort\u00e6ller sin egen historie om transformation og forvandling af ressourcer, som ellers ville v\u00e6re blevet betragtet som affald. Det er en konkret handling, der bidrager til en mere b\u00e6redygtig fremtid, hvor selv en simpel handling som at genbruge et par gamle sko kan have en dybtg\u00e5ende indvirkning p\u00e5 b\u00e5de milj\u00f8et og samfundet.<\/p>\n<\/div>\n<\/div>\n        <\/div>\n    <\/div>\n<\/section>\n\n\n\n<section id=\"block_40b644e0344c6744303cf4c1b5c2bef0\" class=\"acf-block acf-block-galleria-masonry\">\n\n    \n        <div class=\"container pb-16\">\n\n            <div class=\"masonry\">\n                <div class=\"masonry-sizer\"><\/div>\n                <div class=\"masonry-gutter\"><\/div>\n\n                \n                    \n                    <div class=\"masonry-item\">\n                        <img decoding=\"async\" class=\"w-full\" src=\"https:\/\/www.esorecycling.it\/wp-content\/uploads\/2025\/07\/2024-eso-recycling-basket-field-8.jpg\" width=\"923\" height=\"1383\" alt=\"\" title=\"\">\n                    <\/div>\n\n                \n                    \n                    <div class=\"masonry-item\">\n                        <img decoding=\"async\" class=\"w-full\" src=\"https:\/\/www.esorecycling.it\/wp-content\/uploads\/2025\/07\/2024-eso-recycling-basket-field-9.jpg\" width=\"965\" height=\"1446\" alt=\"\" title=\"\">\n                    <\/div>\n\n                \n            <\/div>\n\n        <\/div>\n\n    \n<\/section>\n\n\n\n<div class=\"wp-block-buttons\" style=\"display:flex; justify-content:center;\">\n  <div class=\"wp-block-button is-style-outline\">\n    <a class=\"wp-block-button__link has-background has-medium-font-size has-custom-font-size wp-element-button\"\n       href=\"https:\/\/www.esorecycling.it\/da\/teknisk-datablad-for-stobning\/\"\n       style=\"border-radius:0px; background-color:#007c64; color:#fff; padding:12px 28px; font-weight:600;\">\n       Teknisk datablad\n    <\/a>\n  <\/div>\n<\/div>\n\n\n\n<div style=\"height:59px\" aria-hidden=\"true\" class=\"wp-block-spacer\"><\/div>\n\n\n\n<div class=\"wp-block-columns is-not-stacked-on-mobile is-layout-flex wp-container-core-columns-is-layout-9d6595d7 wp-block-columns-is-layout-flex\">\n<div class=\"wp-block-column is-layout-flow wp-block-column-is-layout-flow\" style=\"flex-basis:100%\">\n<section id=\"block_5ee573ae5acbddc4119be518fc1124c2\" class=\"acf-block acf-block-galleria-masonry\">\n\n    \n        <div class=\"container pb-16\">\n\n            <div class=\"masonry\">\n                <div class=\"masonry-sizer\"><\/div>\n                <div class=\"masonry-gutter\"><\/div>\n\n                \n                    \n                    <div class=\"masonry-item\">\n                        <img decoding=\"async\" class=\"w-full\" src=\"https:\/\/www.esorecycling.it\/wp-content\/uploads\/2025\/07\/2024-eso-recycling-basket-field-5.jpg\" width=\"1772\" height=\"1183\" alt=\"\" title=\"\">\n                    <\/div>\n\n                \n                    \n                    <div class=\"masonry-item\">\n                        <img decoding=\"async\" class=\"w-full\" src=\"https:\/\/www.esorecycling.it\/wp-content\/uploads\/2025\/07\/2024-eso-recycling-basket-field-4-1.jpg\" width=\"2060\" height=\"1374\" alt=\"\" title=\"\">\n                    <\/div>\n\n                \n                    \n                    <div class=\"masonry-item\">\n                        <img decoding=\"async\" class=\"w-full\" src=\"https:\/\/www.esorecycling.it\/wp-content\/uploads\/2025\/07\/2024-eso-recycling-basket-field-2.jpg\" width=\"1211\" height=\"808\" alt=\"\" title=\"\">\n                    <\/div>\n\n                \n                    \n                    <div class=\"masonry-item\">\n                        <img decoding=\"async\" class=\"w-full\" src=\"https:\/\/www.esorecycling.it\/wp-content\/uploads\/2025\/07\/2024-eso-recycling-basket-field-1.jpg\" width=\"2139\" height=\"1427\" alt=\"\" title=\"\">\n                    <\/div>\n\n                \n            <\/div>\n\n        <\/div>\n\n    \n<\/section>\n<\/div>\n<\/div>\n\n\n\n<section id=\"block_9366e1d800fd349d4dcece06bdbf91c0\" class=\"acf-block acf-block-occhiello-titolo-testo\">\n    <div class=\"container py-8\">\n        <div class=\"flex flex-col gap-4 text-center\">\n            <hgroup class=\"flex flex-col gap-1\">\n                <h2 class=\"uppercase font-medium\"><\/h2>\n                <h2 class=\"text-lg lg:text-xl\">ANMOD OM INFORMATION OG TILBUD<\/h1>\n            <\/hgroup>\n            <hr class=\"divider mx-auto\" \/>\n            <div class=\"\"><\/div>\n        <\/div>\n    <\/div>\n<\/section>\n\n\n\n<div class=\"wpcf7 no-js\" id=\"wpcf7-f12159-o1\" lang=\"da-DK\" dir=\"ltr\" data-wpcf7-id=\"12159\">\n<div class=\"screen-reader-response\"><p role=\"status\" aria-live=\"polite\" aria-atomic=\"true\"><\/p> <ul><\/ul><\/div>\n<form action=\"\/da\/wp-json\/wp\/v2\/pages\/11855#wpcf7-f12159-o1\" method=\"post\" class=\"wpcf7-form init\" aria-label=\"Contact form\" novalidate=\"novalidate\" data-status=\"init\">\n<fieldset class=\"hidden-fields-container\"><input type=\"hidden\" name=\"_wpcf7\" value=\"12159\" \/><input type=\"hidden\" name=\"_wpcf7_version\" value=\"6.1.1\" \/><input type=\"hidden\" name=\"_wpcf7_locale\" value=\"da_DK\" \/><input type=\"hidden\" name=\"_wpcf7_unit_tag\" value=\"wpcf7-f12159-o1\" \/><input type=\"hidden\" name=\"_wpcf7_container_post\" value=\"0\" \/><input type=\"hidden\" name=\"_wpcf7_posted_data_hash\" value=\"\" \/><input type=\"hidden\" name=\"_wpcf7_recaptcha_response\" value=\"\" \/>\n<\/fieldset>\n<p><label>Fornavn<span class=\"text-danger\">*<\/span><br \/>\n<span class=\"wpcf7-form-control-wrap\" data-name=\"first_name\"><input size=\"40\" maxlength=\"400\" class=\"wpcf7-form-control wpcf7-text wpcf7-validates-as-required form-control\" aria-required=\"true\" aria-invalid=\"false\" value=\"\" type=\"text\" name=\"first_name\" \/><\/span><br \/>\n<\/label>\n<\/p>\n<p><label>Efternavn<span class=\"text-danger\">*<\/span><br \/>\n<span class=\"wpcf7-form-control-wrap\" data-name=\"last_name\"><input size=\"40\" maxlength=\"400\" class=\"wpcf7-form-control wpcf7-text wpcf7-validates-as-required form-control\" aria-required=\"true\" aria-invalid=\"false\" value=\"\" type=\"text\" name=\"last_name\" \/><\/span><br \/>\n<\/label>\n<\/p>\n<p><label>Firma<span class=\"text-danger\">*<\/span><br \/>\n<span class=\"wpcf7-form-control-wrap\" data-name=\"company\"><input size=\"40\" maxlength=\"400\" class=\"wpcf7-form-control wpcf7-text wpcf7-validates-as-required form-control\" aria-required=\"true\" aria-invalid=\"false\" value=\"\" type=\"text\" name=\"company\" \/><\/span><br \/>\n<\/label>\n<\/p>\n<p><label>E-mail<span class=\"text-danger\">*<\/span><br \/>\n<span class=\"wpcf7-form-control-wrap\" data-name=\"user_email\"><input size=\"40\" maxlength=\"400\" class=\"wpcf7-form-control wpcf7-email wpcf7-validates-as-required wpcf7-text wpcf7-validates-as-email form-control\" aria-required=\"true\" aria-invalid=\"false\" value=\"\" type=\"email\" name=\"user_email\" \/><\/span><br \/>\n<\/label>\n<\/p>\n<p><label>Telefon<br \/>\n<span class=\"wpcf7-form-control-wrap\" data-name=\"phone\"><input size=\"40\" maxlength=\"400\" class=\"wpcf7-form-control wpcf7-text form-control\" aria-invalid=\"false\" value=\"\" type=\"text\" name=\"phone\" \/><\/span><br \/>\n<\/label>\n<\/p>\n<p><label>Mobiltelefon<br \/>\n<span class=\"wpcf7-form-control-wrap\" data-name=\"mobile\"><input size=\"40\" maxlength=\"400\" class=\"wpcf7-form-control wpcf7-text form-control\" aria-invalid=\"false\" value=\"\" type=\"text\" name=\"mobile\" \/><\/span><br \/>\n<\/label>\n<\/p>\n<p><label>Land<br \/>\n<span class=\"wpcf7-form-control-wrap\" data-name=\"country\"><input size=\"40\" maxlength=\"400\" class=\"wpcf7-form-control wpcf7-text form-control\" aria-invalid=\"false\" value=\"\" type=\"text\" name=\"country\" \/><\/span><br \/>\n<\/label>\n<\/p>\n<p><label>By<br \/>\n<span class=\"wpcf7-form-control-wrap\" data-name=\"city\"><input size=\"40\" maxlength=\"400\" class=\"wpcf7-form-control wpcf7-text form-control\" aria-invalid=\"false\" value=\"\" type=\"text\" name=\"city\" \/><\/span><br \/>\n<\/label>\n<\/p>\n<p><label>Detaljer om din foresp\u00f8rgsel<br \/>\n<span class=\"wpcf7-form-control-wrap\" data-name=\"request_detail\"><textarea cols=\"40\" rows=\"10\" maxlength=\"2000\" class=\"wpcf7-form-control wpcf7-textarea form-control\" aria-invalid=\"false\" name=\"request_detail\"><\/textarea><\/span><br \/>\n<\/label>\n<\/p>\n<p><span class=\"wpcf7-form-control-wrap\" data-name=\"privacy-acceptance\"><span class=\"wpcf7-form-control wpcf7-acceptance\"><span class=\"wpcf7-list-item\"><label><input type=\"checkbox\" name=\"privacy-acceptance\" value=\"1\" aria-invalid=\"false\" \/><span class=\"wpcf7-list-item-label\">Jeg har l\u00e6st <a href=\"\/informativa-privacy\/\">privatlivspolitikken<\/a> og accepterer behandlingen af mine data i henhold til GDPR.<\/span><\/label><\/span><\/span><\/span>\n<\/p>\n<p><input class=\"wpcf7-form-control wpcf7-submit has-spinner\" type=\"submit\" value=\"Send\" \/>\n<\/p><div class=\"wpcf7-response-output\" aria-hidden=\"true\"><\/div>\n<\/form>\n<\/div>\n\n\n\n\n<p><\/p>\n\n\n\n<p><\/p>\n\n\n\n<section id=\"block_eabb887425a4d8743a00e2ea285f2166\" class=\"acf-block acf-block-occhiello-titolo-testo\">\n    <div class=\"container py-8\">\n        <div class=\"flex flex-col gap-4 text-center\">\n            <hgroup class=\"flex flex-col gap-1\">\n                <h2 class=\"uppercase font-medium\">VORES M\u00c6RKER<\/h2>\n                <h2 class=\"text-lg lg:text-xl\">Affaldets lykkelige slutning<\/h1>\n            <\/hgroup>\n            <hr class=\"divider mx-auto\" \/>\n            <div class=\"\"><p>Ejerm\u00e6rker ejet af ESO RECYCLING<\/p>\n<\/div>\n        <\/div>\n    <\/div>\n<\/section>\n\n\n\n<section id=\"block_f4cc4a36cea14ba358515f12110d1d64\" class=\"acf-block acf-block-partners\">\n\n\n    \n        <div class=\"container pb-16 px-8 lg:px-0\" x-data=\"{\n            init() {\n                new Splide(this.$refs.splide, {\n                    perPage: 4,\n                    pagination: 0,\n                    gap: 0,\n                    breakpoints: {\n                        640: {\n                            perPage: 1,\n                        },\n                    },\n                }).mount()\n            },\n        }\">\n\n            <div x-ref=\"splide\" class=\"splide\">\n                <div class=\"splide__track\">\n                    <ul class=\"splide__list items-stretch\">\n\n                                                    \n\n                            <li class=\"splide__slide flex items-stretch\">\n                                                                    <a href=\"https:\/\/backtowork.eso.it\/\" target=\"_self\" class=\"w-full shadow-lg p-4 flex flex-col gap-4 justify-between items-start mx-2 my-4\" rel=\"noopener\">\n                                                                                    <img decoding=\"async\" src=\"https:\/\/www.esorecycling.it\/wp-content\/uploads\/2025\/07\/back-to-work-800x800-1.png\" title=\" \" class=\"max-w-[200px] self-center\" alt=\"\">\n                                                                                                                    <\/a>\n                                                            <\/li>\n\n                                                    \n\n                            <li class=\"splide__slide flex items-stretch\">\n                                                                    <a href=\"https:\/\/www.esosport.it\/\" target=\"_self\" class=\"w-full shadow-lg p-4 flex flex-col gap-4 justify-between items-start mx-2 my-4\" rel=\"noopener\">\n                                                                                    <img decoding=\"async\" src=\"https:\/\/www.esorecycling.it\/wp-content\/uploads\/2025\/07\/esosport-800x800-1.png\" title=\" \" class=\"max-w-[200px] self-center\" alt=\"\">\n                                                                                                                    <\/a>\n                                                            <\/li>\n\n                                                    \n\n                            <li class=\"splide__slide flex items-stretch\">\n                                                                    <a href=\"https:\/\/esoweb.it\/\" target=\"_self\" class=\"w-full shadow-lg p-4 flex flex-col gap-4 justify-between items-start mx-2 my-4\" rel=\"noopener\">\n                                                                                    <img decoding=\"async\" src=\"https:\/\/www.esorecycling.it\/wp-content\/uploads\/2026\/02\/esoweb_logo_top2-1.png\" title=\" \" class=\"max-w-[200px] self-center\" alt=\"esoweb logo\">\n                                                                                                                    <\/a>\n                                                            <\/li>\n\n                                                    \n\n                            <li class=\"splide__slide flex items-stretch\">\n                                                                    <a href=\"http:\/\/shop.esoweb.it\" target=\"_self\" class=\"w-full shadow-lg p-4 flex flex-col gap-4 justify-between items-start mx-2 my-4\" rel=\"noopener\">\n                                                                                    <img decoding=\"async\" src=\"https:\/\/www.esorecycling.it\/wp-content\/uploads\/2025\/10\/thumbnail_ESOSHOP-logo-1.png\" title=\" \" class=\"max-w-[200px] self-center\" alt=\"Logo di ESO Shop\">\n                                                                                                                    <\/a>\n                                                            <\/li>\n\n                                                    \n\n                            <li class=\"splide__slide flex items-stretch\">\n                                                                    <a href=\"https:\/\/www.esosport.it\/il-giardino-di-betty-progetto-esosport-di-solidarieta\/\" target=\"_self\" class=\"w-full shadow-lg p-4 flex flex-col gap-4 justify-between items-start mx-2 my-4\" rel=\"noopener\">\n                                                                                    <img decoding=\"async\" src=\"https:\/\/www.esorecycling.it\/wp-content\/uploads\/2025\/07\/il-giardino-di-betty-800x800-1.png\" title=\" \" class=\"max-w-[200px] self-center\" alt=\"\">\n                                                                                                                    <\/a>\n                                                            <\/li>\n\n                                                    \n\n                            <li class=\"splide__slide flex items-stretch\">\n                                                                    <a href=\"https:\/\/www.esosport.it\/pista-di-filippide-sport-e-inclusione-per-tutti\/\" target=\"_self\" class=\"w-full shadow-lg p-4 flex flex-col gap-4 justify-between items-start mx-2 my-4\" rel=\"noopener\">\n                                                                                    <img decoding=\"async\" src=\"https:\/\/www.esorecycling.it\/wp-content\/uploads\/2025\/07\/la-pista-di-filippide-800x800-1.png\" title=\" \" class=\"max-w-[200px] self-center\" alt=\"\">\n                                                                                                                    <\/a>\n                                                            <\/li>\n\n                                                    \n\n                            <li class=\"splide__slide flex items-stretch\">\n                                                                    <div class=\"shadow-lg p-4 flex flex-col gap-4 justify-between items-start mx-2 my-4 w-full\">\n                                                                                    <img decoding=\"async\" src=\"https:\/\/www.esorecycling.it\/wp-content\/uploads\/2025\/07\/mb-800x800-2.png\" title=\" \" class=\"max-w-[200px] self-center\" alt=\"\">\n                                                                                                                    <\/div>\n                                                            <\/li>\n\n                                                    \n\n                            <li class=\"splide__slide flex items-stretch\">\n                                                                    <a href=\"https:\/\/shop.medalinframe.com\/\" target=\"_self\" class=\"w-full shadow-lg p-4 flex flex-col gap-4 justify-between items-start mx-2 my-4\" rel=\"noopener\">\n                                                                                    <img decoding=\"async\" src=\"https:\/\/www.esorecycling.it\/wp-content\/uploads\/2025\/07\/mif-800x800-2.png\" title=\" \" class=\"max-w-[200px] self-center\" alt=\"\">\n                                                                                                                    <\/a>\n                                                            <\/li>\n\n                                                    \n\n                            <li class=\"splide__slide flex items-stretch\">\n                                                                    <div class=\"shadow-lg p-4 flex flex-col gap-4 justify-between items-start mx-2 my-4 w-full\">\n                                                                                    <img decoding=\"async\" src=\"https:\/\/www.esorecycling.it\/wp-content\/uploads\/2025\/07\/mm-800x800-2.png\" title=\" \" class=\"max-w-[200px] self-center\" alt=\"\">\n                                                                                                                    <\/div>\n                                                            <\/li>\n\n                                                    \n\n                            <li class=\"splide__slide flex items-stretch\">\n                                                                    <a href=\"https:\/\/www.re-medal.com\/\" target=\"_self\" class=\"w-full shadow-lg p-4 flex flex-col gap-4 justify-between items-start mx-2 my-4\" rel=\"noopener\">\n                                                                                    <img decoding=\"async\" src=\"https:\/\/www.esorecycling.it\/wp-content\/uploads\/2025\/07\/re-medal-800x800-2.png\" title=\" \" class=\"max-w-[200px] self-center\" alt=\"\">\n                                                                                                                    <\/a>\n                                                            <\/li>\n\n                        \n                    <\/ul>\n                <\/div>\n            <\/div>\n\n        <\/div>\n\n    \n<\/section>\n","protected":false},"excerpt":{"rendered":"<p>Teknisk datablad<\/p>\n","protected":false},"author":4,"featured_media":0,"parent":0,"menu_order":0,"comment_status":"closed","ping_status":"closed","template":"","meta":{"footnotes":""},"class_list":["post-11855","page","type-page","status-publish","hentry"],"acf":[],"_links":{"self":[{"href":"https:\/\/www.esorecycling.it\/da\/wp-json\/wp\/v2\/pages\/11855","targetHints":{"allow":["GET"]}}],"collection":[{"href":"https:\/\/www.esorecycling.it\/da\/wp-json\/wp\/v2\/pages"}],"about":[{"href":"https:\/\/www.esorecycling.it\/da\/wp-json\/wp\/v2\/types\/page"}],"author":[{"embeddable":true,"href":"https:\/\/www.esorecycling.it\/da\/wp-json\/wp\/v2\/users\/4"}],"replies":[{"embeddable":true,"href":"https:\/\/www.esorecycling.it\/da\/wp-json\/wp\/v2\/comments?post=11855"}],"version-history":[{"count":7,"href":"https:\/\/www.esorecycling.it\/da\/wp-json\/wp\/v2\/pages\/11855\/revisions"}],"predecessor-version":[{"id":12458,"href":"https:\/\/www.esorecycling.it\/da\/wp-json\/wp\/v2\/pages\/11855\/revisions\/12458"}],"wp:attachment":[{"href":"https:\/\/www.esorecycling.it\/da\/wp-json\/wp\/v2\/media?parent=11855"}],"curies":[{"name":"wp","href":"https:\/\/api.w.org\/{rel}","templated":true}]}}