{"id":11859,"date":"2022-10-17T18:28:42","date_gmt":"2022-10-17T16:28:42","guid":{"rendered":"https:\/\/www.esorecycling.it\/dicono-di-noi\/"},"modified":"2026-04-01T09:58:32","modified_gmt":"2026-04-01T07:58:32","slug":"de-siger-om-os","status":"publish","type":"page","link":"https:\/\/www.esorecycling.it\/da\/de-siger-om-os\/","title":{"rendered":"De siger om os"},"content":{"rendered":"\n<section id=\"block_a01e23970ae1c13ed1d2bd1e42c3bcb6\" class=\"acf-block acf-block-immagine-principale-occhiello\">\n\n    \n    <div class=\"flex items-center bg-center bg-cover bg-no-repeat min-h-[70vh]\" style=\"background-image: url('https:\/\/www.esorecycling.it\/wp-content\/uploads\/2022\/10\/close-up-watering-plants-1-1.png')\">\n        <div class=\"container py-16\">\n            <div class=\"flex flex-col text-white gap-4 items-center text-center\">\n                <h1 class=\"text-2xl font-black reveal\">Hvad de siger om os<\/h1>\n                <p class=\"reveal\"><\/p>\n                            <\/div>\n        <\/div>\n    <\/div>\n\n<\/section>\n\n\n\n<section id=\"block_61a85ca5e2254d0c9cec289df0b1f9bc\" class=\"acf-block acf-block-occhiello-titolo-testo\">\n    <div class=\"container py-8\">\n        <div class=\"flex flex-col gap-4 text-center\">\n            <hgroup class=\"flex flex-col gap-1\">\n                <h2 class=\"uppercase font-medium\"><\/h2>\n                <h2 class=\"text-lg lg:text-xl\">Presseklip<\/h1>\n            <\/hgroup>\n            <hr class=\"divider mx-auto\" \/>\n            <div class=\"\"><h3>De siger om os. Velkommen til presseklip fra <strong>ESO Recycling<\/strong>, referencepunktet for opdateringer, artikler og nyheder om genbrug, cirkul\u00e6r \u00f8konomi og milj\u00f8innovationer. Her finder du officielle pressemeddelelser, interviews og dybdeg\u00e5ende artikler, der fort\u00e6ller om vores projekter, samarbejder med virksomheder og institutioner samt konkrete resultater inden for b\u00e6redygtig affaldsh\u00e5ndtering.<\/h3>\n<p>&nbsp;<\/p>\n<p>Gennem denne samling \u00f8nsker <strong>ESO Recycling<\/strong> at dele fremskridt inden for <strong>genbrug af PPE, sportsudstyr og tekstiler<\/strong>, initiativer inden for <strong>milj\u00f8uddannelse<\/strong> og innovationshistorier, der omdanner affald til nye ressourcer. Hver artikel repr\u00e6senterer et skridt mod en mere b\u00e6redygtig og bevidst fremtid.<\/p>\n<p>Oplev, hvordan vores projekter, partnerskaber og initiativer inden for cirkul\u00e6r \u00f8konomi skaber v\u00e6rdi for samfund, virksomheder og milj\u00f8, og bidrager til at opbygge en konkret, ansvarlig og innovativ genbrugskultur.<\/p>\n<\/div>\n        <\/div>\n    <\/div>\n<\/section>\n\n\n\n<section id=\"block_8eda4db0a94892605183fd1db13ce461\" class=\"acf-block acf-block-rassegna-stampa\">\n\n    <div class=\"container py-16\">\n\n        <div class=\"grid grid-rows-1 gap-8\">\n\n            \n                <div class=\"shadow border-t-4 border-primary border-solid p-4 flex flex-col gap-4\">\n\n                    <h2 class=\"font-bold text-lg\">OneSails lancia 4T FORTE Trade-In, riciclo e rinnovo delle vele &#8211; pressmare.it &#8211; 20 Marzo 2026<\/h2>\n                    <div><p>OneSails ha annunciato il lancio della 4T FORTE Trade-In Campaign, iniziativa che introduce un modello strutturato di ritiro e riciclo delle vele usate, abbinato a un incentivo per l\u2019acquisto di nuove vele.<\/p>\n<\/div>\n                    \n                        <a class=\"text-secondary text-sm flex gap-2 items-center\" href=\"https:\/\/www.esorecycling.it\/wp-content\/uploads\/2026\/03\/Pressmare-_-OneSails-lancia-4T-FORTE-Trade-In-riciclo-e-rinnovo-delle-vele.pdf\" target=\"_blank\">\n\n                            <img decoding=\"async\" src=\"https:\/\/www.esorecycling.it\/wp-content\/themes\/watuppa-theme\/assets\/images\/icon-document.svg\" alt=\"Allegato icon\" title=\"\">\n                            Pressemeddelelse\n                        <\/a>\n\n                                        <\/div>\n\n            \n                <div class=\"shadow border-t-4 border-primary border-solid p-4 flex flex-col gap-4\">\n\n                    <h2 class=\"font-bold text-lg\">barlettalife<\/h2>\n                    <div><\/div>\n                    \n                        <a class=\"text-secondary text-sm flex gap-2 items-center\" href=\"https:\/\/www.esorecycling.it\/wp-content\/uploads\/2023\/09\/2023-06-12-il-messaggero-it.pdf\" target=\"_blank\">\n\n                            <img decoding=\"async\" src=\"https:\/\/www.esorecycling.it\/wp-content\/themes\/watuppa-theme\/assets\/images\/icon-document.svg\" alt=\"Allegato icon\" title=\"\">\n                            Pressemeddelelse\n                        <\/a>\n\n                                        <\/div>\n\n            \n        <\/div>\n\n    <\/div>\n\n    \n<!-- pagination -->\n\n<div class=\"pagination\">\n    <\/div>\n\n<!-- \/pagination -->\n\n<\/section>\n\n\n\n\n<p><\/p>\n\n\n\n<section id=\"block_54a894f75e08c12b972abd2758bd804d\" class=\"acf-block acf-block-occhiello-titolo-testo\">\n    <div class=\"container py-8\">\n        <div class=\"flex flex-col gap-4 text-center\">\n            <hgroup class=\"flex flex-col gap-1\">\n                <h2 class=\"uppercase font-medium\">Vores m\u00e6rker<\/h2>\n                <h2 class=\"text-lg lg:text-xl\">Il lieto fine dei rifiuti<\/h1>\n            <\/hgroup>\n            <hr class=\"divider mx-auto\" \/>\n            <div class=\"\"><p>Ejerede varem\u00e6rker af ESO RECYCLING<\/p>\n<\/div>\n        <\/div>\n    <\/div>\n<\/section>\n\n\n\n<section id=\"block_6d31538edc174034e33bbeab73ad3f7f\" class=\"acf-block acf-block-partners\">\n\n\n    \n        <div class=\"container pb-16 px-8 lg:px-0\" x-data=\"{\n            init() {\n                new Splide(this.$refs.splide, {\n                    perPage: 4,\n                    pagination: 0,\n                    gap: 0,\n                    breakpoints: {\n                        640: {\n                            perPage: 1,\n                        },\n                    },\n                }).mount()\n            },\n        }\">\n\n            <div x-ref=\"splide\" class=\"splide\">\n                <div class=\"splide__track\">\n                    <ul class=\"splide__list items-stretch\">\n\n                                                    \n\n                            <li class=\"splide__slide flex items-stretch\">\n                                                                    <a href=\"https:\/\/www.eso.it\/\" target=\"_self\" class=\"w-full shadow-lg p-4 flex flex-col gap-4 justify-between items-start mx-2 my-4\" rel=\"noopener\">\n                                                                                    <img decoding=\"async\" src=\"https:\/\/www.esorecycling.it\/wp-content\/uploads\/2026\/02\/logo-eso-25-1-scaled.png\" title=\" \" class=\"max-w-[200px] self-center\" alt=\"eso logo\">\n                                                                                                                    <\/a>\n                                                            <\/li>\n\n                                                    \n\n                            <li class=\"splide__slide flex items-stretch\">\n                                                                    <a href=\"https:\/\/backtowork.eso.it\/\" target=\"_self\" class=\"w-full shadow-lg p-4 flex flex-col gap-4 justify-between items-start mx-2 my-4\" rel=\"noopener\">\n                                                                                    <img decoding=\"async\" src=\"https:\/\/www.esorecycling.it\/wp-content\/uploads\/2025\/07\/back-to-work-800x800-1.png\" title=\" \" class=\"max-w-[200px] self-center\" alt=\"\">\n                                                                                                                    <\/a>\n                                                            <\/li>\n\n                                                    \n\n                            <li class=\"splide__slide flex items-stretch\">\n                                                                    <a href=\"https:\/\/www.esosport.it\/\" target=\"_self\" class=\"w-full shadow-lg p-4 flex flex-col gap-4 justify-between items-start mx-2 my-4\" rel=\"noopener\">\n                                                                                    <img decoding=\"async\" src=\"https:\/\/www.esorecycling.it\/wp-content\/uploads\/2025\/07\/esosport-800x800-1.png\" title=\" \" class=\"max-w-[200px] self-center\" alt=\"\">\n                                                                                                                    <\/a>\n                                                            <\/li>\n\n                                                    \n\n                            <li class=\"splide__slide flex items-stretch\">\n                                                                    <a href=\"https:\/\/esoweb.it\/\" target=\"_self\" class=\"w-full shadow-lg p-4 flex flex-col gap-4 justify-between items-start mx-2 my-4\" rel=\"noopener\">\n                                                                                    <img decoding=\"async\" src=\"https:\/\/www.esorecycling.it\/wp-content\/uploads\/2026\/02\/esoweb_logo_top2-1.png\" title=\" \" class=\"max-w-[200px] self-center\" alt=\"esoweb logo\">\n                                                                                                                    <\/a>\n                                                            <\/li>\n\n                                                    \n\n                            <li class=\"splide__slide flex items-stretch\">\n                                                                    <a href=\"http:\/\/shop.esoweb.it\" target=\"_self\" class=\"w-full shadow-lg p-4 flex flex-col gap-4 justify-between items-start mx-2 my-4\" rel=\"noopener\">\n                                                                                    <img decoding=\"async\" src=\"https:\/\/www.esorecycling.it\/wp-content\/uploads\/2025\/10\/thumbnail_ESOSHOP-logo-1.png\" title=\" \" class=\"max-w-[200px] self-center\" alt=\"Logo di ESO Shop\">\n                                                                                                                    <\/a>\n                                                            <\/li>\n\n                                                    \n\n                            <li class=\"splide__slide flex items-stretch\">\n                                                                    <a href=\"https:\/\/www.esosport.it\/il-giardino-di-betty-progetto-esosport-di-solidarieta\/\" target=\"_self\" class=\"w-full shadow-lg p-4 flex flex-col gap-4 justify-between items-start mx-2 my-4\" rel=\"noopener\">\n                                                                                    <img decoding=\"async\" src=\"https:\/\/www.esorecycling.it\/wp-content\/uploads\/2025\/07\/il-giardino-di-betty-800x800-1.png\" title=\" \" class=\"max-w-[200px] self-center\" alt=\"\">\n                                                                                                                    <\/a>\n                                                            <\/li>\n\n                                                    \n\n                            <li class=\"splide__slide flex items-stretch\">\n                                                                    <a href=\"https:\/\/www.esosport.it\/pista-di-filippide-sport-e-inclusione-per-tutti\/\" target=\"_self\" class=\"w-full shadow-lg p-4 flex flex-col gap-4 justify-between items-start mx-2 my-4\" rel=\"noopener\">\n                                                                                    <img decoding=\"async\" src=\"https:\/\/www.esorecycling.it\/wp-content\/uploads\/2025\/07\/la-pista-di-filippide-800x800-1.png\" title=\" \" class=\"max-w-[200px] self-center\" alt=\"\">\n                                                                                                                    <\/a>\n                                                            <\/li>\n\n                                                    \n\n                            <li class=\"splide__slide flex items-stretch\">\n                                                                    <a href=\"https:\/\/shop.esoweb.it\/categoria-prodotto\/medal-book\/\" target=\"_self\" class=\"w-full shadow-lg p-4 flex flex-col gap-4 justify-between items-start mx-2 my-4\" rel=\"noopener\">\n                                                                                    <img decoding=\"async\" src=\"https:\/\/www.esorecycling.it\/wp-content\/uploads\/2025\/07\/mb-800x800-2.png\" title=\" \" class=\"max-w-[200px] self-center\" alt=\"\">\n                                                                                                                    <\/a>\n                                                            <\/li>\n\n                                                    \n\n                            <li class=\"splide__slide flex items-stretch\">\n                                                                    <a href=\"https:\/\/shop.esoweb.it\/categoria-prodotto\/medal-in-frame\/\" target=\"_self\" class=\"w-full shadow-lg p-4 flex flex-col gap-4 justify-between items-start mx-2 my-4\" rel=\"noopener\">\n                                                                                    <img decoding=\"async\" src=\"https:\/\/www.esorecycling.it\/wp-content\/uploads\/2025\/07\/mif-800x800-2.png\" title=\" \" class=\"max-w-[200px] self-center\" alt=\"\">\n                                                                                                                    <\/a>\n                                                            <\/li>\n\n                                                    \n\n                            <li class=\"splide__slide flex items-stretch\">\n                                                                    <a href=\"https:\/\/shop.esoweb.it\/categoria-prodotto\/medal-metal\/\" target=\"_self\" class=\"w-full shadow-lg p-4 flex flex-col gap-4 justify-between items-start mx-2 my-4\" rel=\"noopener\">\n                                                                                    <img decoding=\"async\" src=\"https:\/\/www.esorecycling.it\/wp-content\/uploads\/2025\/07\/mm-800x800-2.png\" title=\" \" class=\"max-w-[200px] self-center\" alt=\"\">\n                                                                                                                    <\/a>\n                                                            <\/li>\n\n                                                    \n\n                            <li class=\"splide__slide flex items-stretch\">\n                                                                    <a href=\"https:\/\/shop.esoweb.it\/categoria-prodotto\/medaglie\/\" target=\"_self\" class=\"w-full shadow-lg p-4 flex flex-col gap-4 justify-between items-start mx-2 my-4\" rel=\"noopener\">\n                                                                                    <img decoding=\"async\" src=\"https:\/\/www.esorecycling.it\/wp-content\/uploads\/2025\/07\/re-medal-800x800-2.png\" title=\" \" class=\"max-w-[200px] self-center\" alt=\"\">\n                                                                                                                    <\/a>\n                                                            <\/li>\n\n                        \n                    <\/ul>\n                <\/div>\n            <\/div>\n\n        <\/div>\n\n    \n<\/section>\n","protected":false},"excerpt":{"rendered":"","protected":false},"author":1,"featured_media":0,"parent":0,"menu_order":0,"comment_status":"closed","ping_status":"closed","template":"","meta":{"footnotes":""},"class_list":["post-11859","page","type-page","status-publish","hentry"],"acf":[],"_links":{"self":[{"href":"https:\/\/www.esorecycling.it\/da\/wp-json\/wp\/v2\/pages\/11859","targetHints":{"allow":["GET"]}}],"collection":[{"href":"https:\/\/www.esorecycling.it\/da\/wp-json\/wp\/v2\/pages"}],"about":[{"href":"https:\/\/www.esorecycling.it\/da\/wp-json\/wp\/v2\/types\/page"}],"author":[{"embeddable":true,"href":"https:\/\/www.esorecycling.it\/da\/wp-json\/wp\/v2\/users\/1"}],"replies":[{"embeddable":true,"href":"https:\/\/www.esorecycling.it\/da\/wp-json\/wp\/v2\/comments?post=11859"}],"version-history":[{"count":4,"href":"https:\/\/www.esorecycling.it\/da\/wp-json\/wp\/v2\/pages\/11859\/revisions"}],"predecessor-version":[{"id":11956,"href":"https:\/\/www.esorecycling.it\/da\/wp-json\/wp\/v2\/pages\/11859\/revisions\/11956"}],"wp:attachment":[{"href":"https:\/\/www.esorecycling.it\/da\/wp-json\/wp\/v2\/media?parent=11859"}],"curies":[{"name":"wp","href":"https:\/\/api.w.org\/{rel}","templated":true}]}}