{"id":11947,"date":"2022-10-14T13:53:50","date_gmt":"2022-10-14T11:53:50","guid":{"rendered":"https:\/\/www.esorecycling.it\/eso-recycling-impianto-amato-cannara\/"},"modified":"2026-04-01T11:50:04","modified_gmt":"2026-04-01T09:50:04","slug":"eso-recycling-amato-cannara-anlaegget","status":"publish","type":"page","link":"https:\/\/www.esorecycling.it\/da\/eso-recycling-amato-cannara-anlaegget\/","title":{"rendered":"Impianto"},"content":{"rendered":"\n<section id=\"block_45d19c2efdc7f2b88caf827a1851068d\" class=\"acf-block acf-block-immagine-principale\">\n\n    \n    <div class=\"flex items-center bg-center bg-cover bg-no-repeat min-h-[70vh]\" style=\"background-image: url('https:\/\/www.esorecycling.it\/wp-content\/uploads\/2022\/11\/impianto_riciclo_tolentino_2-scaled.jpg')\">\n        <div class=\"container py-16\">\n            <div class=\"flex flex-col text-white gap-4 items-center text-center\">\n                <h1 class=\"text-xl lg:text-2xl font-black reveal\">&#8220;AMATO CANNARA&#8221;<\/h1>\n                <p class=\"reveal\"><\/p>\n                            <\/div>\n        <\/div>\n    <\/div>\n\n<\/section>\n\n\n\n<section id=\"block_821b8b2ebf77f6aac858351cedba057a\" class=\"acf-block acf-block-scheda-immagine-destra\">\n\n    \n    <div class=\"grid lg:grid-cols-4 items-center py-16\">\n                    <div class=\"lg:col-span-3 bg-secondary-light \">\n                <div class=\"px-4 py-8 lg:p-16 lg:pr-32 flex justify-center\">\n                    <div class=\"p-4 flex flex-col gap-4 items-start max-w-[700px]\">\n                        <hgroup>\n                            <h3 class=\"uppercase text-sm reveal\">Anl\u00e6g &#8216;Amato Cannara&#8217;<\/h3>\n                            <h2 class=\"text-lg lg:text-xl reveal\">En dr\u00f8m der bliver til virkelighed<\/h2>\n                        <\/hgroup>\n                        <hr class=\"divider ml-0 reveal\" \/>\n                        <p class=\"reveal\"><h3>Genbrugsanl\u00e6gget: Amato Cannaras arv<\/h3>\n<p>&nbsp;<\/p>\n<p><strong>Amato Cannara<\/strong> satte et uudsletteligt pr\u00e6g p\u00e5 dem, der l\u00e6rte ham at kende. <strong>En mand med store v\u00e6rdier, han var en iv\u00e6rks\u00e6tter, der tog sig af sine medarbejdere<\/strong>, og han videregav sin passion, ansvarsf\u00f8lelse og en klar vision for fremtiden.<\/p>\n<p>&nbsp;<\/p>\n<p>Det innovative <strong>anl\u00e6g i Tolentino<\/strong>, der er designet til <strong>genbrug af personlige v\u00e6rnemidler (DPI), genbrug af sportsaffald og tekstilgenbrug<\/strong>, er dedikeret til hans minde. Her bliver hver affaldsgenstand en konkret ressource og bidrager til en model for en <strong>b\u00e6redygtig cirkul\u00e6r \u00f8konomi<\/strong>, som skaber v\u00e6rdi for virksomheder, samfundet og lokalomr\u00e5det.<\/p>\n<p>&nbsp;<\/p>\n<p>I 2022 blev denne dr\u00f8m til virkelighed takket v\u00e6re et deltagerbaseret crowdfunding-projekt, der gjorde det muligt at opf\u00f8re det f\u00f8rste <strong>anl\u00e6g af sin art i Italien<\/strong>. Initiativet involverede b\u00e5de personer og virksomheder, der deler de samme v\u00e6rdier og en fremtidig vision baseret p\u00e5 innovation og milj\u00f8m\u00e6ssig b\u00e6redygtighed.<\/p>\n<p>&nbsp;<\/p>\n<p>Hvorfor et crowdfunding-projekt?<\/p>\n<p>\u201c<em>Med lanceringen af ESO RECYCLINGs crowdfunding bliver min dr\u00f8m endnu st\u00f8rre: et nyt eventyr, hvor vi deler v\u00e6rdier og en vision for fremtiden, der bygger p\u00e5 cirkul\u00e6r \u00f8konomi og etisk ansvar for vores planet<\/em>.\u201d<br \/>\n\u2013 Nicolas Meletiou<\/p>\n<p>&nbsp;<\/p>\n<p>Dette <strong>anl\u00e6g<\/strong> repr\u00e6senterer langt mere end teknologi og innovation: det er arven efter en mand, der troede p\u00e5 v\u00e6rdien af mennesker, socialt ansvar og vigtigheden af at omdanne affald til muligheder. Gennem <strong>genbrug af DPI, tekstiler og sportsaffald<\/strong> viser ESO RECYCLING konkret, hvordan en etisk og cirkul\u00e6r tilgang kan beskytte milj\u00f8et, styrke samfundet og fremme b\u00e6redygtig v\u00e6kst og innovation.<\/p>\n<\/p>\n                                            <\/div>\n                <\/div>\n            <\/div>\n                            <img decoding=\"async\" class=\" w-full border-l-[10px] lg:-translate-x-1\/4 lg:origin-left border-primary lg:transform lg:scale-125\" src=\"https:\/\/www.esorecycling.it\/wp-content\/uploads\/2023\/11\/nuovo_impianto_modugno_2.jpg\" alt=\"\" title=\"\">\n                        <\/div>\n\n<\/section>\n\n\n\n<section id=\"block_f3687255ed32f73e38e70f55d60bc464\" class=\"acf-block acf-block-scheda-immagine-destra\">\n\n    \n    <div class=\"grid lg:grid-cols-4 items-center py-16\">\n                    <div class=\"lg:col-span-3 bg-secondary-light lg:order-2\">\n                <div class=\"px-4 py-8 lg:p-16 lg:pr-32 flex justify-center\">\n                    <div class=\"p-4 flex flex-col gap-4 items-start max-w-[700px]\">\n                        <hgroup>\n                            <h3 class=\"uppercase text-sm reveal\">Sistema brevettato di trasformazione<\/h3>\n                            <h2 class=\"text-lg lg:text-xl reveal\">La tecnologia<\/h2>\n                        <\/hgroup>\n                        <hr class=\"divider ml-0 reveal\" \/>\n                        <p class=\"reveal\"><p><strong>\u201cL\u2019Amato Cannara\u201d anl\u00e6gget<\/strong> d\u00e6kker et omr\u00e5de p\u00e5 700 m\u00b2 indend\u00f8rs og 2.400 m\u00b2 udend\u00f8rs og best\u00e5r af to linjer: en dedikeret til genbrug, og den anden til produktion og transformation af sekund\u00e6re r\u00e5materialer, der opn\u00e5s fra den f\u00f8rste linje, til nye produkter til markedet.<\/p>\n<p>&nbsp;<\/p>\n<p>Gennem faserne med kv\u00e6rning og separation af <strong>blandede granuler i deres oprindelige komponenter<\/strong> (<strong>gummi, tekstil, plastik, l\u00e6der, jern og ikke-jernholdige metaller<\/strong>), opn\u00e5s sekund\u00e6re r\u00e5materialer, som efterf\u00f8lgende formes til f\u00e6rdige produkter gennem en st\u00f8beproces.<\/p>\n<p>&nbsp;<\/p>\n<p>Separationen af materialerne sker ved hj\u00e6lp af <strong>avanceret luft- og magnetteknologi<\/strong>, som g\u00f8r det muligt at isolere de enkelte komponenter og f\u00f8re dem til genanvendelse p\u00e5 en differentieret m\u00e5de.<\/p>\n<p>&nbsp;<\/p>\n<p><a style=\"color: #5a2ca0; text-decoration: underline; font-weight: 600;\" href=\"https:\/\/www.esorecycling.it\/wp-content\/uploads\/2025\/10\/25ff559b-4ba9-4e5e-8b47-f5de8dfe87b5.pdf\"><span style=\"text-decoration: underline;\"><em>European Patent EP 4052878 (PROCESS FOR RECYCLING SPORTS WASTE)<\/em><\/span><\/a><\/p>\n<\/p>\n                                            <\/div>\n                <\/div>\n            <\/div>\n                            <img decoding=\"async\" class=\"lg:order-1 w-full border-r-[10px] lg:translate-x-1\/4 lg:origin-right border-primary lg:transform lg:scale-125\" src=\"https:\/\/www.esorecycling.it\/wp-content\/uploads\/2024\/02\/impianto_riciclo_scarpe.jpg\" alt=\"\" title=\"\">\n                        <\/div>\n\n<\/section>\n\n\n\n<section id=\"block_635b1fd700574085f356a81f06df5875\" class=\"acf-block acf-block-scheda-immagine-destra\">\n\n    \n    <div class=\"grid lg:grid-cols-4 items-center py-16\">\n                    <div class=\"lg:col-span-3 bg-secondary-light \">\n                <div class=\"px-4 py-8 lg:p-16 lg:pr-32 flex justify-center\">\n                    <div class=\"p-4 flex flex-col gap-4 items-start max-w-[700px]\">\n                        <hgroup>\n                            <h3 class=\"uppercase text-sm reveal\">Una risposta concreta<\/h3>\n                            <h2 class=\"text-lg lg:text-xl reveal\">alla carenza impiantistica italiana ed europea<\/h2>\n                        <\/hgroup>\n                        <hr class=\"divider ml-0 reveal\" \/>\n                        <p class=\"reveal\"><p><strong>Virksomheder st\u00e5r over for stigende vanskeligheder med affaldsh\u00e5ndtering<\/strong>, med l\u00e6ngere og l\u00e6ngere afhentningstider fra operat\u00f8rerne og en markant stigning i bortskaffelsesomkostningerne. Denne situation skaber ineffektivitet og kompleksitet i virksomhedens planl\u00e6gning, hvilket g\u00f8r, at der er behov for mere effektive og b\u00e6redygtige l\u00f8sninger.<\/p>\n<p>&nbsp;<\/p>\n<p>Hoved\u00e5rsagen ligger i <strong>manglen p\u00e5 passende anl\u00e6g<\/strong> med hensyn til st\u00f8rrelse, antal og teknologi, der kan behandle affald korrekt. <strong>F\u00e5 anl\u00e6g, der ofte er overbelastede<\/strong> og nogle gange utilstr\u00e6kkelige til de faktiske behov, begr\u00e6nser mulighederne for genbrug og v\u00e6rdians\u00e6ttelse af materialer og tvinger mange virksomheder til at benytte sig af mindre b\u00e6redygtige metoder.<\/p>\n<p>&nbsp;<\/p>\n<p>For at im\u00f8dekomme disse behov har <strong>ESO RECYCLING<\/strong> udviklet og designet pilotanl\u00e6gget <strong>\u201cAmato Cannara\u201d<\/strong> i Tolentino, Macerata. Her er det muligt at behandle sportsaffald, personlig beskyttelsesudstyr og t\u00f8j p\u00e5 en innovativ m\u00e5de, og genvinde og v\u00e6rdians\u00e6tte de enkelte komponenter. Takket v\u00e6re avancerede udv\u00e6lgelses- og transformationsprocesser bliver materialerne <strong>genbrugt og genindsat i produktionen<\/strong>, hvilket skaber nye produkter med h\u00f8j merv\u00e6rdi og konkret fremmer en <strong>cirkul\u00e6r \u00f8konomi<\/strong>.<\/p>\n<\/p>\n                                            <\/div>\n                <\/div>\n            <\/div>\n                            <img decoding=\"async\" class=\" w-full border-l-[10px] lg:-translate-x-1\/4 lg:origin-left border-primary lg:transform lg:scale-125\" src=\"https:\/\/www.esorecycling.it\/wp-content\/uploads\/2022\/11\/impianto_riciclo_tolentino_3-scaled.jpg\" alt=\"\" title=\"\">\n                        <\/div>\n\n<\/section>\n\n\n\n<section id=\"block_b9d1c396416f370e21700e647d592d84\" class=\"acf-block acf-block-scheda-blu-sovraimpressione\">\n\n    \n    <div class=\"lg:flex py-8\">\n        <div class=\"flex-1 flex justify-center lg:justify-end bg-center bg-cover bg-no-repeat p-4 lg:p-20\" style=\"background-image: url('https:\/\/www.esorecycling.it\/wp-content\/uploads\/2022\/11\/impianto_riciclo_tolentino-scaled.jpg')\">\n                            <div class=\"lg:w-[760px] max-w-full border-primary border-l-[20px] border-solid bg-secondary-dark text-white px-4 py-8 lg:p-16 lg:transform lg:translate-x-1\/4\">\n                    <div class=\"p-4 flex flex-col gap-4 items-start\">\n                        <hgroup>\n                            <h3 class=\"uppercase text-sm reveal\">VI SER MOD FREMTIDEN<\/h3>\n                            <h2 class=\"text-lg lgtext-xl reveal\">For milj\u00f8et og for de nye generationer<\/h2>\n                        <\/hgroup>\n                        <hr class=\"divider ml-0 reveal\" \/>\n                        <p><p>&lt;p&gt;&lt;strong&gt;Skabelsen af denne anl\u00e6g er ikke en isoleret og unik begivenhed, men repr\u00e6senterer det f\u00f8rste skridt i en st\u00f8rre strategi.&lt;\/strong&gt;&lt;\/p&gt;<\/p>\n<p>&lt;p&gt;M\u00e5let er at oprette en r\u00e6kke anl\u00e6g placeret over hele det italienske territorium, som vil bidrage til at skabe arbejdspladser og \u00f8ge bevidstheden om, at mennesket har et stort ansvar for at beskytte og bevare milj\u00f8et.&lt;\/p&gt;<\/p>\n<\/p>\n                                            <\/div>\n                <\/div>\n                    <\/div>\n        <div class=\"hidden lg:block bg-center bg-cover bg-no-repeat w-[20%]\" style=\"background-image: url('https:\/\/www.esorecycling.it\/wp-content\/uploads\/2022\/11\/impianto_riciclo_tolentino-scaled.jpg')\"><\/div>\n    <\/div>\n\n<\/section>\n\n\n\n<section id=\"block_617d3e854cbef6bca3bb72da4e390f4a\" class=\"acf-block acf-block-occhiello-titolo-testo\">\n    <div class=\"container py-8\">\n        <div class=\"flex flex-col gap-4 text-center\">\n            <hgroup class=\"flex flex-col gap-1\">\n                <h2 class=\"uppercase font-medium\">Vores m\u00e6rker<\/h2>\n                <h2 class=\"text-lg lg:text-xl\">Affaldets lykkelige slutning<\/h1>\n            <\/hgroup>\n            <hr class=\"divider mx-auto\" \/>\n            <div class=\"\"><p><strong>Egne m\u00e6rker<\/strong> af ESO RECYCLING<\/p>\n<\/div>\n        <\/div>\n    <\/div>\n<\/section>\n\n\n\n<section id=\"block_d1b71b1c89c7fbc4ec0020a29f1f4c51\" class=\"acf-block acf-block-partners\">\n\n\n    \n        <div class=\"container pb-16 px-8 lg:px-0\" x-data=\"{\n            init() {\n                new Splide(this.$refs.splide, {\n                    perPage: 4,\n                    pagination: 0,\n                    gap: 0,\n                    breakpoints: {\n                        640: {\n                            perPage: 1,\n                        },\n                    },\n                }).mount()\n            },\n        }\">\n\n            <div x-ref=\"splide\" class=\"splide\">\n                <div class=\"splide__track\">\n                    <ul class=\"splide__list items-stretch\">\n\n                                                    \n\n                            <li class=\"splide__slide flex items-stretch\">\n                                                                    <a href=\"https:\/\/www.eso.it\/\" target=\"_self\" class=\"w-full shadow-lg p-4 flex flex-col gap-4 justify-between items-start mx-2 my-4\" rel=\"noopener\">\n                                                                                    <img decoding=\"async\" src=\"https:\/\/www.esorecycling.it\/wp-content\/uploads\/2026\/02\/logo-eso-25-1-scaled.png\" title=\" \" class=\"max-w-[200px] self-center\" alt=\"eso logo\">\n                                                                                                                    <\/a>\n                                                            <\/li>\n\n                                                    \n\n                            <li class=\"splide__slide flex items-stretch\">\n                                                                    <a href=\"https:\/\/backtowork.eso.it\/\" target=\"_self\" class=\"w-full shadow-lg p-4 flex flex-col gap-4 justify-between items-start mx-2 my-4\" rel=\"noopener\">\n                                                                                    <img decoding=\"async\" src=\"https:\/\/www.esorecycling.it\/wp-content\/uploads\/2025\/07\/back-to-work-800x800-1.png\" title=\" \" class=\"max-w-[200px] self-center\" alt=\"\">\n                                                                                                                    <\/a>\n                                                            <\/li>\n\n                                                    \n\n                            <li class=\"splide__slide flex items-stretch\">\n                                                                    <a href=\"https:\/\/www.esosport.it\/\" target=\"_self\" class=\"w-full shadow-lg p-4 flex flex-col gap-4 justify-between items-start mx-2 my-4\" rel=\"noopener\">\n                                                                                    <img decoding=\"async\" src=\"https:\/\/www.esorecycling.it\/wp-content\/uploads\/2025\/07\/esosport-800x800-1.png\" title=\" \" class=\"max-w-[200px] self-center\" alt=\"\">\n                                                                                                                    <\/a>\n                                                            <\/li>\n\n                                                    \n\n                            <li class=\"splide__slide flex items-stretch\">\n                                                                    <a href=\"https:\/\/esoweb.it\/\" target=\"_self\" class=\"w-full shadow-lg p-4 flex flex-col gap-4 justify-between items-start mx-2 my-4\" rel=\"noopener\">\n                                                                                    <img decoding=\"async\" src=\"https:\/\/www.esorecycling.it\/wp-content\/uploads\/2026\/02\/esoweb_logo_top2-1.png\" title=\" \" class=\"max-w-[200px] self-center\" alt=\"esoweb logo\">\n                                                                                                                    <\/a>\n                                                            <\/li>\n\n                                                    \n\n                            <li class=\"splide__slide flex items-stretch\">\n                                                                    <a href=\"http:\/\/shop.esoweb.it\" target=\"_self\" class=\"w-full shadow-lg p-4 flex flex-col gap-4 justify-between items-start mx-2 my-4\" rel=\"noopener\">\n                                                                                    <img decoding=\"async\" src=\"https:\/\/www.esorecycling.it\/wp-content\/uploads\/2025\/10\/thumbnail_ESOSHOP-logo-1.png\" title=\" \" class=\"max-w-[200px] self-center\" alt=\"Logo di ESO Shop\">\n                                                                                                                    <\/a>\n                                                            <\/li>\n\n                                                    \n\n                            <li class=\"splide__slide flex items-stretch\">\n                                                                    <a href=\"https:\/\/www.esosport.it\/il-giardino-di-betty-progetto-esosport-di-solidarieta\/\" target=\"_self\" class=\"w-full shadow-lg p-4 flex flex-col gap-4 justify-between items-start mx-2 my-4\" rel=\"noopener\">\n                                                                                    <img decoding=\"async\" src=\"https:\/\/www.esorecycling.it\/wp-content\/uploads\/2025\/07\/il-giardino-di-betty-800x800-1.png\" title=\" \" class=\"max-w-[200px] self-center\" alt=\"\">\n                                                                                                                    <\/a>\n                                                            <\/li>\n\n                                                    \n\n                            <li class=\"splide__slide flex items-stretch\">\n                                                                    <a href=\"https:\/\/www.esosport.it\/pista-di-filippide-sport-e-inclusione-per-tutti\/\" target=\"_self\" class=\"w-full shadow-lg p-4 flex flex-col gap-4 justify-between items-start mx-2 my-4\" rel=\"noopener\">\n                                                                                    <img decoding=\"async\" src=\"https:\/\/www.esorecycling.it\/wp-content\/uploads\/2025\/07\/la-pista-di-filippide-800x800-1.png\" title=\" \" class=\"max-w-[200px] self-center\" alt=\"\">\n                                                                                                                    <\/a>\n                                                            <\/li>\n\n                                                    \n\n                            <li class=\"splide__slide flex items-stretch\">\n                                                                    <a href=\"https:\/\/shop.esoweb.it\/categoria-prodotto\/medal-book\/\" target=\"_self\" class=\"w-full shadow-lg p-4 flex flex-col gap-4 justify-between items-start mx-2 my-4\" rel=\"noopener\">\n                                                                                    <img decoding=\"async\" src=\"https:\/\/www.esorecycling.it\/wp-content\/uploads\/2025\/07\/mb-800x800-2.png\" title=\" \" class=\"max-w-[200px] self-center\" alt=\"\">\n                                                                                                                    <\/a>\n                                                            <\/li>\n\n                                                    \n\n                            <li class=\"splide__slide flex items-stretch\">\n                                                                    <a href=\"https:\/\/shop.esoweb.it\/categoria-prodotto\/medal-in-frame\/\" target=\"_self\" class=\"w-full shadow-lg p-4 flex flex-col gap-4 justify-between items-start mx-2 my-4\" rel=\"noopener\">\n                                                                                    <img decoding=\"async\" src=\"https:\/\/www.esorecycling.it\/wp-content\/uploads\/2025\/07\/mif-800x800-2.png\" title=\" \" class=\"max-w-[200px] self-center\" alt=\"\">\n                                                                                                                    <\/a>\n                                                            <\/li>\n\n                                                    \n\n                            <li class=\"splide__slide flex items-stretch\">\n                                                                    <a href=\"https:\/\/shop.esoweb.it\/categoria-prodotto\/medal-metal\/\" target=\"_self\" class=\"w-full shadow-lg p-4 flex flex-col gap-4 justify-between items-start mx-2 my-4\" rel=\"noopener\">\n                                                                                    <img decoding=\"async\" src=\"https:\/\/www.esorecycling.it\/wp-content\/uploads\/2025\/07\/mm-800x800-2.png\" title=\" \" class=\"max-w-[200px] self-center\" alt=\"\">\n                                                                                                                    <\/a>\n                                                            <\/li>\n\n                                                    \n\n                            <li class=\"splide__slide flex items-stretch\">\n                                                                    <a href=\"https:\/\/shop.esoweb.it\/categoria-prodotto\/medaglie\/\" target=\"_self\" class=\"w-full shadow-lg p-4 flex flex-col gap-4 justify-between items-start mx-2 my-4\" rel=\"noopener\">\n                                                                                    <img decoding=\"async\" src=\"https:\/\/www.esorecycling.it\/wp-content\/uploads\/2025\/07\/re-medal-800x800-2.png\" title=\" \" class=\"max-w-[200px] self-center\" alt=\"\">\n                                                                                                                    <\/a>\n                                                            <\/li>\n\n                        \n                    <\/ul>\n                <\/div>\n            <\/div>\n\n        <\/div>\n\n    \n<\/section>\n","protected":false},"excerpt":{"rendered":"","protected":false},"author":1,"featured_media":0,"parent":0,"menu_order":0,"comment_status":"closed","ping_status":"closed","template":"","meta":{"footnotes":""},"class_list":["post-11947","page","type-page","status-publish","hentry"],"acf":[],"_links":{"self":[{"href":"https:\/\/www.esorecycling.it\/da\/wp-json\/wp\/v2\/pages\/11947","targetHints":{"allow":["GET"]}}],"collection":[{"href":"https:\/\/www.esorecycling.it\/da\/wp-json\/wp\/v2\/pages"}],"about":[{"href":"https:\/\/www.esorecycling.it\/da\/wp-json\/wp\/v2\/types\/page"}],"author":[{"embeddable":true,"href":"https:\/\/www.esorecycling.it\/da\/wp-json\/wp\/v2\/users\/1"}],"replies":[{"embeddable":true,"href":"https:\/\/www.esorecycling.it\/da\/wp-json\/wp\/v2\/comments?post=11947"}],"version-history":[{"count":2,"href":"https:\/\/www.esorecycling.it\/da\/wp-json\/wp\/v2\/pages\/11947\/revisions"}],"predecessor-version":[{"id":12019,"href":"https:\/\/www.esorecycling.it\/da\/wp-json\/wp\/v2\/pages\/11947\/revisions\/12019"}],"wp:attachment":[{"href":"https:\/\/www.esorecycling.it\/da\/wp-json\/wp\/v2\/media?parent=11947"}],"curies":[{"name":"wp","href":"https:\/\/api.w.org\/{rel}","templated":true}]}}