{"id":11948,"date":"2022-10-14T13:54:09","date_gmt":"2022-10-14T11:54:09","guid":{"rendered":"https:\/\/www.esorecycling.it\/eso-recycling-prodotti-e-servizi-soluzioni\/"},"modified":"2026-04-01T15:21:54","modified_gmt":"2026-04-01T13:21:54","slug":"produkter-og-tjenester-baeredygtige","status":"publish","type":"page","link":"https:\/\/www.esorecycling.it\/da\/produkter-og-tjenester-baeredygtige\/","title":{"rendered":"Produkter og tjenester"},"content":{"rendered":"\n<section id=\"block_222025f6f3c365a1996c5019123a4d64\" class=\"acf-block acf-block-immagine-principale\">\n\n    \n    <div class=\"flex items-center bg-center bg-cover bg-no-repeat min-h-[70vh]\" style=\"background-image: url('https:\/\/www.esorecycling.it\/wp-content\/uploads\/2026\/03\/Imm-ES-1-e1772809530456.png')\">\n        <div class=\"container py-16\">\n            <div class=\"flex flex-col text-white gap-4 items-center text-center\">\n                <h1 class=\"text-xl lg:text-2xl font-black reveal\"><\/h1>\n                <p class=\"reveal\"><\/p>\n                            <\/div>\n        <\/div>\n    <\/div>\n\n<\/section>\n\n\n<div class=\"wp-block-image\">\n<figure class=\"aligncenter size-medium\"><a href=\"https:\/\/www.esosport.com\/\" target=\"_blank\" rel=\"noopener\"><img decoding=\"async\" width=\"300\" height=\"199\" src=\"https:\/\/www.esorecycling.it\/wp-content\/uploads\/2026\/03\/Logo-esosport-1-300x199.png\" alt=\"esosport logo\" class=\"wp-image-11084\" style=\"object-fit:cover\" title=\"\" srcset=\"https:\/\/www.esorecycling.it\/wp-content\/uploads\/2026\/03\/Logo-esosport-1-300x199.png 300w, https:\/\/www.esorecycling.it\/wp-content\/uploads\/2026\/03\/Logo-esosport-1-768x508.png 768w, https:\/\/www.esorecycling.it\/wp-content\/uploads\/2026\/03\/Logo-esosport-1.png 979w\" sizes=\"(max-width: 300px) 100vw, 300px\" \/><\/a><\/figure><\/div>\n\n\n<section id=\"block_48930cc30e24c5800227ea3dcae39caa\" class=\"acf-block acf-block-occhiello-titolo-testo\">\n    <div class=\"container py-8\">\n        <div class=\"flex flex-col gap-4 text-center\">\n            <hgroup class=\"flex flex-col gap-1\">\n                <h2 class=\"uppercase font-medium\">Fra genvinding af sportsmaterialer opst\u00e5r nye b\u00e6redygtige overflader til sport og f\u00e6llesskab<\/h2>\n                <h2 class=\"text-lg lg:text-xl\">esosport produkter og tjenester<\/h1>\n            <\/hgroup>\n            <hr class=\"divider mx-auto\" \/>\n            <div class=\"\"><h3 style=\"text-align: left;\"><strong><\/p>\n<p style=\"text-align: left;\"><strong>Produkter og tjenester: esosport\u00ae<\/strong>, et innovativt projekt fra <strong>ESO RECYCLING\u00ae<\/strong>, besk\u00e6ftiger sig med indsamling, genvinding og transformation af sportsmaterialer, der er ved slutningen af deres levetid, som <strong>l\u00f8besko, tennis- og padelboller, cykeld\u00e6k og -slanger<\/strong>, og tilbyder en b\u00e6redygtig l\u00f8sning til at reducere affald og fremme cirkularitet i sportens verden. Dette initiativ er med til at revolutionere, hvordan vi ser p\u00e5 affald og genbrug i sportens industri, og bidrager til at opretholde en b\u00e6redygtig fremtid.<\/h3>\n<p>&nbsp;<\/p>\n<p style=\"text-align: left;\">Gennem en <strong>teknologisk avanceret genbrugsproces<\/strong> bliver alle disse materialer omdannet til <strong>genbrugsgummigranulat<\/strong>, klar til at blive brugt i produktionen af <strong>sportsbel\u00e6gninger, st\u00f8dabsorberende overflader og l\u00f8sninger til h\u00f8jtydende rekreative omr\u00e5der<\/strong>, hvilket sikrer sikkerhed og holdbarhed over tid. Processen sikrer ogs\u00e5, at de materialer, som normalt ville ende p\u00e5 lossepladser, f\u00e5r et nyt liv og bliver en v\u00e6rdifuld ressource til nye projekter.<\/p>\n<p>&nbsp;<\/p>\n<h2 style=\"text-align: left;\">Produkter og l\u00f8sninger fra esosport\u00ae<\/h2>\n<p style=\"text-align: left;\">De genvundne materialer f\u00e5r nyt liv i produktionen af:<\/p>\n<p>&nbsp;<\/p>\n<ul style=\"list-style: disc; padding-left: 25px; text-align: left;\">\n<li><strong>St\u00f8bt gummibel\u00e6gning<\/strong> til sportsomr\u00e5der, atletikbaner, legepladser og rekreative omr\u00e5der, ideelle til at sikre sikkerhed og komfort for brugerne. Disse bel\u00e6gninger er designet til at modst\u00e5 intens brug og vejrforhold, hvilket g\u00f8r dem ideelle til b\u00e5de indend\u00f8rs og udend\u00f8rs brug.<\/li>\n<li><strong>Genbrugsgummifliser<\/strong> til legepladser, fitnesscentre og udend\u00f8rs fitnessomr\u00e5der, der kombinerer h\u00f8j ydeevne og milj\u00f8m\u00e6ssig b\u00e6redygtighed. Fliserne er b\u00e5de funktionelle og \u00e6stetiske, hvilket giver en attraktiv og praktisk l\u00f8sning til offentlige og private rum.<\/li>\n<li><strong>St\u00f8dabsorberende overflader<\/strong> til offentlige rum og sportsfaciliteter, der reducerer risikoen for ulykker og giver v\u00e6rdi til materialer, der ellers ville v\u00e6re blevet smidt ud. Disse overflader er is\u00e6r nyttige i omr\u00e5der med h\u00f8j trafik, hvor sikkerhed er altafg\u00f8rende.<\/li>\n<\/ul>\n<p>&nbsp;<\/p>\n<p style=\"text-align: left;\">Disse l\u00f8sninger kombinerer <strong>sikkerhed, holdbarhed og milj\u00f8m\u00e6ssig b\u00e6redygtighed<\/strong>, og bidrager konkret til at reducere sportsaffald og skabe nye innovative og h\u00f8jtydende materialer. Projektet <strong><a href=\"https:\/\/www.esosport.com\/\" target=\"_blank\" rel=\"noopener\">esosport<sup>\u00ae<\/sup><\/a><\/strong> er et konkret eksempel p\u00e5 <strong>cirkul\u00e6r \u00f8konomi<\/strong>, der viser, hvordan genvinding og genbrug kan omdanne affald til v\u00e6rdifulde ressourcer for lokalsamfund, samfundet og sportens verden. Ved at v\u00e6lge esosport\u00ae fliser og l\u00f8sninger, er vi med til at forme fremtiden og bidrage til en gr\u00f8nnere planet.<\/p>\n<p>&nbsp;<\/p>\n<p style=\"text-align: left;\">Takket v\u00e6re <strong><a href=\"https:\/\/www.esosport.com\/\" target=\"_blank\" rel=\"noopener\">esosport<sup>\u00ae<\/sup><\/a><\/strong>, bliver hvert genvundet materiale ikke kun genbrugt, men v\u00e6rdsat: <strong>l\u00f8besko, bolde, d\u00e6k og andre sportsprodukter<\/strong> bliver vigtige komponenter i nye projekter, der fremmer b\u00e6redygtighed, innovation og respekt for milj\u00f8et. Hvert projekt er et skridt mod en mere b\u00e6redygtig fremtid, hvor vi kan skabe v\u00e6rdi fra det, der tidligere blev betragtet som affald.<\/p>\n<\/div>\n        <\/div>\n    <\/div>\n<\/section>\n\n\n\n<section id=\"block_446b697f9b0ab0df18fc332e82d453ed\" class=\"acf-block acf-block-schede-prodotti\">\n\n    <div class=\"container py-8\">\n        <div class=\"grid lg:grid-cols-3 gap-8\">\n\n            \n                    <article class=\"shadow-lg flex flex-col\">\n                                                    <img decoding=\"async\" class=\"w-full reveal\" src=\"https:\/\/www.esorecycling.it\/wp-content\/uploads\/2025\/08\/pavimentazione-in-colato-esosport.png\" alt=\"\" title=\"\">\n                                                <div class=\"p-4 flex flex-col gap-2 h-full\">\n                            <h3 class=\"font-bold reveal\">St\u00f8bt bel\u00e6gning esosport<\/h3>\n                            <p class=\"text-sm reveal\"><p style=\"text-align: left;\">Den <strong>granulat<\/strong> opn\u00e5et ved <strong>genbrug af affald<\/strong> bliver omhyggeligt <strong>blandet<\/strong> og <strong>st\u00f8bt<\/strong> for at skabe <strong>kontinuerlige, modstandsdygtige og holdbare bel\u00e6gninger<\/strong>, der er velegnede til sportsomr\u00e5der, rekreative og offentlige rum. Takket v\u00e6re vores <strong>tekniske service til installation<\/strong> tager vi os af hver fase af projektet, fra design til udf\u00f8relse, og sikrer kvalitet, sikkerhed og respekt for milj\u00f8et.<\/p>\n<p>&nbsp;<\/p>\n<p style=\"text-align: left;\">Denne proces g\u00f8r det muligt at v\u00e6rds\u00e6tte de genvundne materialer, og omdanne det, der ellers ville v\u00e6re blevet smidt ud, til <strong>b\u00e6redygtige og h\u00f8jtydende l\u00f8sninger<\/strong>, hvilket konkret bidrager til at reducere affald og fremme et <strong>cirkul\u00e6rt \u00f8konomimodel<\/strong>.<\/p>\n<\/p>\n                                                            <a class=\"button reveal\" href=\"https:\/\/www.esorecycling.it\/pavimentazione-in-colato-esosport\/\" target=\"\" style=\"margin-top: auto;\">\n                                    L\u00e6s mere                                <\/a>\n                                                    <\/div>\n                    <\/article>\n\n            \n                    <article class=\"shadow-lg flex flex-col\">\n                                                    <img decoding=\"async\" class=\"w-full reveal\" src=\"https:\/\/www.esorecycling.it\/wp-content\/uploads\/2022\/12\/POSA-IN-OPERA-PIASTRELLE-2-1.png\" alt=\"\" title=\"\">\n                                                <div class=\"p-4 flex flex-col gap-2 h-full\">\n                            <h3 class=\"font-bold reveal\">Piastrelle in gomma esosport<\/h3>\n                            <p class=\"text-sm reveal\"><p style=\"text-align: left;\">Med vores teknikere laver vi <strong>skr\u00e6ddersyede bel\u00e6gninger<\/strong> ved hj\u00e6lp af <strong>h\u00f8jkvalitets fliser<\/strong>, designet til at v\u00e6re klar til at blive lagt og sikre holdbarhed, sikkerhed og h\u00f8j ydeevne. Hver flise stammer fra <strong>sekund\u00e6re r\u00e5materialer<\/strong>, der omdanner genvundne materialer til b\u00e6redygtige l\u00f8sninger, som reducerer den milj\u00f8m\u00e6ssige p\u00e5virkning.<\/p>\n<p>&nbsp;<\/p>\n<p style=\"text-align: left;\">Takket v\u00e6re denne tilgang bliver dine omr\u00e5der v\u00e6rdsat og omdannet til <strong>unikke og b\u00e6redygtige milj\u00f8er<\/strong>, der kombinerer \u00e6stetik, funktionalitet og respekt for milj\u00f8et. Fra legepladsen til sportsomr\u00e5det bliver hvert projekt et konkret eksempel p\u00e5 <strong>genbrug, upcycling og cirkul\u00e6r \u00f8konomi<\/strong>.<\/p>\n<\/p>\n                                                            <a class=\"button reveal\" href=\"https:\/\/www.esorecycling.it\/piastrelle-in-gomma-esosport\/\" target=\"\" style=\"margin-top: auto;\">\n                                    L\u00e6s mere                                <\/a>\n                                                    <\/div>\n                    <\/article>\n\n            \n                    <article class=\"shadow-lg flex flex-col\">\n                                                    <img decoding=\"async\" class=\"w-full reveal\" src=\"https:\/\/www.esorecycling.it\/wp-content\/uploads\/2022\/12\/moda-2.png\" alt=\"\" title=\"\">\n                                                <div class=\"p-4 flex flex-col gap-2 h-full\">\n                            <h3 class=\"font-bold reveal\">Gadgets<\/h3>\n                            <p class=\"text-sm reveal\"><p style=\"text-align: left;\"><strong>Genbrugscyklussen<\/strong>: vi omdanner <strong>affald fra sportens og modeverdenen<\/strong> til gadgets, accessories og nyttige produkter, klar til at blive genbrugt. Takket v\u00e6re en b\u00e6redygtig og teknologisk avanceret proces reducerer vi affald, v\u00e6rds\u00e6tter sekund\u00e6re materialer og bidrager til skabelsen af <strong>innovative og ansvarlige produkter<\/strong> til fremtiden.<\/p>\n<p>&nbsp;<\/p>\n<p style=\"text-align: left;\">Hvert genvundet materiale bliver en konkret ressource, der indg\u00e5r i en <strong>cirkul\u00e6r \u00f8konomimodel<\/strong>, som fremmer <strong>milj\u00f8m\u00e6ssig b\u00e6redygtighed, produktiv effektivitet og v\u00e6rdi for samfundene<\/strong>. P\u00e5 denne m\u00e5de bliver affald, der ellers ville ende p\u00e5 deponi, omdannet til praktiske, kreative og milj\u00f8venlige l\u00f8sninger.<\/p>\n<\/p>\n                                                            <a class=\"button reveal\" href=\"https:\/\/www.esorecycling.it\/non-categorizzato\/il-ciclo-del-riciclo-trasformare-i-rifiuti-della-moda-in-risorse-sostenibili-per-il-futuro\/\" target=\"\" style=\"margin-top: auto;\">\n                                    L\u00e6s mere                                <\/a>\n                                                    <\/div>\n                    <\/article>\n\n            \n                    <article class=\"shadow-lg flex flex-col\">\n                                                    <img decoding=\"async\" class=\"w-full reveal\" src=\"https:\/\/www.esorecycling.it\/wp-content\/uploads\/2025\/11\/thumbnail_ESOSHOP-logo-1.png\" alt=\"\" title=\"\">\n                                                <div class=\"p-4 flex flex-col gap-2 h-full\">\n                            <h3 class=\"font-bold reveal\">ESO Shop<\/h3>\n                            <p class=\"text-sm reveal\"><p style=\"text-align: left;\">P\u00e5 <strong>ESO Shop<\/strong> finder du produkter, der er f\u00f8dt ud af erfaringen fra ESO RECYCLING: <strong>sportsbel\u00e6gninger<\/strong> i genbrugsgummigranulat, <strong>m\u00f8bler<\/strong> til indend\u00f8rs og udend\u00f8rs brug, <strong>gadgets<\/strong> og <strong>medaljer<\/strong> til sportsevents og corporate events.<\/p>\n<\/p>\n                                                            <a class=\"button reveal\" href=\"https:\/\/shop.esoweb.it\/\" target=\"\" style=\"margin-top: auto;\" rel=\"noopener\">\n                                    L\u00e6s mere                                <\/a>\n                                                    <\/div>\n                    <\/article>\n\n                    <\/div>\n\n        \n    <\/div>\n\n<\/section>\n\n\n\n<section id=\"block_4aa20518219f276dddd72465edc3b0d7\" class=\"acf-block acf-block-occhiello-titolo-testo\">\n    <div class=\"container py-8\">\n        <div class=\"flex flex-col gap-4 text-center\">\n            <hgroup class=\"flex flex-col gap-1\">\n                <h2 class=\"uppercase font-medium\"><\/h2>\n                <h2 class=\"text-lg lg:text-xl\"><\/h1>\n            <\/hgroup>\n            <hr class=\"divider mx-auto\" \/>\n            <div class=\"\"><p><strong><a href=\"https:\/\/heyzine.com\/flip-book\/027728ff7a.html\" target=\"_blank\" rel=\"noopener\">Bladr i broschyren for esosport\u00ae:<\/a><\/strong><\/p>\n<\/div>\n        <\/div>\n    <\/div>\n<\/section>\n\n\n\n<iframe allowfullscreen=\"allowfullscreen\" allow=\"clipboard-write\" scrolling=\"no\" class=\"fp-iframe\" style=\"border: 1px solid lightgray; width: 100%; height: 600px;\" src=\"https:\/\/heyzine.com\/flip-book\/80bfff2e6f.html\"><\/iframe>\n\n\n\n<div style=\"height:100px\" aria-hidden=\"true\" class=\"wp-block-spacer\"><\/div>\n\n\n\n<section id=\"block_b2e1964cec74bd7b4987663d95cfc2b6\" class=\"acf-block acf-block-occhiello-titolo-testo\">\n    <div class=\"container py-8\">\n        <div class=\"flex flex-col gap-4 text-center\">\n            <hgroup class=\"flex flex-col gap-1\">\n                <h2 class=\"uppercase font-medium\"><\/h2>\n                <h2 class=\"text-lg lg:text-xl\">Anmodning om informationer og tilbud<\/h1>\n            <\/hgroup>\n            <hr class=\"divider mx-auto\" \/>\n            <div class=\"\"><\/div>\n        <\/div>\n    <\/div>\n<\/section>\n\n\n<p class=\"wpcf7-contact-form-not-found\"><strong>Error:<\/strong> Contact form not found.<\/p>\n\n\n\n<div style=\"height:100px\" aria-hidden=\"true\" class=\"wp-block-spacer\"><\/div>\n\n\n\n<section id=\"block_78e054964d1b59c8f05d116e77610c3f\" class=\"acf-block acf-block-occhiello-titolo-testo\">\n    <div class=\"container py-8\">\n        <div class=\"flex flex-col gap-4 text-center\">\n            <hgroup class=\"flex flex-col gap-1\">\n                <h2 class=\"uppercase font-medium\">Vores m\u00e6rker<\/h2>\n                <h2 class=\"text-lg lg:text-xl\">Affaldets lykkelige slutning<\/h1>\n            <\/hgroup>\n            <hr class=\"divider mx-auto\" \/>\n            <div class=\"\"><p><strong>Egne m\u00e6rker<\/strong> af ESO RECYCLING<\/p>\n<\/div>\n        <\/div>\n    <\/div>\n<\/section>\n\n\n\n<section id=\"block_c056bfc3dc7c33a1885f96c3700ac2f7\" class=\"acf-block acf-block-partners\">\n\n\n    \n        <div class=\"container pb-16 px-8 lg:px-0\" x-data=\"{\n            init() {\n                new Splide(this.$refs.splide, {\n                    perPage: 4,\n                    pagination: 0,\n                    gap: 0,\n                    breakpoints: {\n                        640: {\n                            perPage: 1,\n                        },\n                    },\n                }).mount()\n            },\n        }\">\n\n            <div x-ref=\"splide\" class=\"splide\">\n                <div class=\"splide__track\">\n                    <ul class=\"splide__list items-stretch\">\n\n                                                    \n\n                            <li class=\"splide__slide flex items-stretch\">\n                                                                    <a href=\"https:\/\/www.eso.it\/\" target=\"_self\" class=\"w-full shadow-lg p-4 flex flex-col gap-4 justify-between items-start mx-2 my-4\" rel=\"noopener\">\n                                                                                    <img decoding=\"async\" src=\"https:\/\/www.esorecycling.it\/wp-content\/uploads\/2026\/02\/logo-eso-25-1-scaled.png\" title=\" \" class=\"max-w-[200px] self-center\" alt=\"eso logo\">\n                                                                                                                    <\/a>\n                                                            <\/li>\n\n                                                    \n\n                            <li class=\"splide__slide flex items-stretch\">\n                                                                    <a href=\"https:\/\/backtowork.eso.it\/\" target=\"_self\" class=\"w-full shadow-lg p-4 flex flex-col gap-4 justify-between items-start mx-2 my-4\" rel=\"noopener\">\n                                                                                    <img decoding=\"async\" src=\"https:\/\/www.esorecycling.it\/wp-content\/uploads\/2025\/07\/back-to-work-800x800-1.png\" title=\" \" class=\"max-w-[200px] self-center\" alt=\"\">\n                                                                                                                    <\/a>\n                                                            <\/li>\n\n                                                    \n\n                            <li class=\"splide__slide flex items-stretch\">\n                                                                    <a href=\"https:\/\/www.esosport.it\/\" target=\"_self\" class=\"w-full shadow-lg p-4 flex flex-col gap-4 justify-between items-start mx-2 my-4\" rel=\"noopener\">\n                                                                                    <img decoding=\"async\" src=\"https:\/\/www.esorecycling.it\/wp-content\/uploads\/2025\/07\/esosport-800x800-1.png\" title=\" \" class=\"max-w-[200px] self-center\" alt=\"\">\n                                                                                                                    <\/a>\n                                                            <\/li>\n\n                                                    \n\n                            <li class=\"splide__slide flex items-stretch\">\n                                                                    <a href=\"https:\/\/esoweb.it\/\" target=\"_self\" class=\"w-full shadow-lg p-4 flex flex-col gap-4 justify-between items-start mx-2 my-4\" rel=\"noopener\">\n                                                                                    <img decoding=\"async\" src=\"https:\/\/www.esorecycling.it\/wp-content\/uploads\/2026\/02\/esoweb_logo_top2-1.png\" title=\" \" class=\"max-w-[200px] self-center\" alt=\"esoweb logo\">\n                                                                                                                    <\/a>\n                                                            <\/li>\n\n                                                    \n\n                            <li class=\"splide__slide flex items-stretch\">\n                                                                    <a href=\"http:\/\/shop.esoweb.it\" target=\"_self\" class=\"w-full shadow-lg p-4 flex flex-col gap-4 justify-between items-start mx-2 my-4\" rel=\"noopener\">\n                                                                                    <img decoding=\"async\" src=\"https:\/\/www.esorecycling.it\/wp-content\/uploads\/2025\/10\/thumbnail_ESOSHOP-logo-1.png\" title=\" \" class=\"max-w-[200px] self-center\" alt=\"Logo di ESO Shop\">\n                                                                                                                    <\/a>\n                                                            <\/li>\n\n                                                    \n\n                            <li class=\"splide__slide flex items-stretch\">\n                                                                    <a href=\"https:\/\/www.esosport.it\/il-giardino-di-betty-progetto-esosport-di-solidarieta\/\" target=\"_self\" class=\"w-full shadow-lg p-4 flex flex-col gap-4 justify-between items-start mx-2 my-4\" rel=\"noopener\">\n                                                                                    <img decoding=\"async\" src=\"https:\/\/www.esorecycling.it\/wp-content\/uploads\/2025\/07\/il-giardino-di-betty-800x800-1.png\" title=\" \" class=\"max-w-[200px] self-center\" alt=\"\">\n                                                                                                                    <\/a>\n                                                            <\/li>\n\n                                                    \n\n                            <li class=\"splide__slide flex items-stretch\">\n                                                                    <a href=\"https:\/\/www.esosport.it\/pista-di-filippide-sport-e-inclusione-per-tutti\/\" target=\"_self\" class=\"w-full shadow-lg p-4 flex flex-col gap-4 justify-between items-start mx-2 my-4\" rel=\"noopener\">\n                                                                                    <img decoding=\"async\" src=\"https:\/\/www.esorecycling.it\/wp-content\/uploads\/2025\/07\/la-pista-di-filippide-800x800-1.png\" title=\" \" class=\"max-w-[200px] self-center\" alt=\"\">\n                                                                                                                    <\/a>\n                                                            <\/li>\n\n                                                    \n\n                            <li class=\"splide__slide flex items-stretch\">\n                                                                    <a href=\"https:\/\/shop.esoweb.it\/categoria-prodotto\/medal-book\/\" target=\"_self\" class=\"w-full shadow-lg p-4 flex flex-col gap-4 justify-between items-start mx-2 my-4\" rel=\"noopener\">\n                                                                                    <img decoding=\"async\" src=\"https:\/\/www.esorecycling.it\/wp-content\/uploads\/2025\/07\/mb-800x800-2.png\" title=\" \" class=\"max-w-[200px] self-center\" alt=\"\">\n                                                                                                                    <\/a>\n                                                            <\/li>\n\n                                                    \n\n                            <li class=\"splide__slide flex items-stretch\">\n                                                                    <a href=\"https:\/\/shop.esoweb.it\/categoria-prodotto\/medal-in-frame\/\" target=\"_self\" class=\"w-full shadow-lg p-4 flex flex-col gap-4 justify-between items-start mx-2 my-4\" rel=\"noopener\">\n                                                                                    <img decoding=\"async\" src=\"https:\/\/www.esorecycling.it\/wp-content\/uploads\/2025\/07\/mif-800x800-2.png\" title=\" \" class=\"max-w-[200px] self-center\" alt=\"\">\n                                                                                                                    <\/a>\n                                                            <\/li>\n\n                                                    \n\n                            <li class=\"splide__slide flex items-stretch\">\n                                                                    <a href=\"https:\/\/shop.esoweb.it\/categoria-prodotto\/medal-metal\/\" target=\"_self\" class=\"w-full shadow-lg p-4 flex flex-col gap-4 justify-between items-start mx-2 my-4\" rel=\"noopener\">\n                                                                                    <img decoding=\"async\" src=\"https:\/\/www.esorecycling.it\/wp-content\/uploads\/2025\/07\/mm-800x800-2.png\" title=\" \" class=\"max-w-[200px] self-center\" alt=\"\">\n                                                                                                                    <\/a>\n                                                            <\/li>\n\n                                                    \n\n                            <li class=\"splide__slide flex items-stretch\">\n                                                                    <a href=\"https:\/\/shop.esoweb.it\/categoria-prodotto\/medaglie\/\" target=\"_self\" class=\"w-full shadow-lg p-4 flex flex-col gap-4 justify-between items-start mx-2 my-4\" rel=\"noopener\">\n                                                                                    <img decoding=\"async\" src=\"https:\/\/www.esorecycling.it\/wp-content\/uploads\/2025\/07\/re-medal-800x800-2.png\" title=\" \" class=\"max-w-[200px] self-center\" alt=\"\">\n                                                                                                                    <\/a>\n                                                            <\/li>\n\n                        \n                    <\/ul>\n                <\/div>\n            <\/div>\n\n        <\/div>\n\n    \n<\/section>\n","protected":false},"excerpt":{"rendered":"","protected":false},"author":1,"featured_media":0,"parent":0,"menu_order":0,"comment_status":"closed","ping_status":"closed","template":"","meta":{"footnotes":""},"class_list":["post-11948","page","type-page","status-publish","hentry"],"acf":[],"_links":{"self":[{"href":"https:\/\/www.esorecycling.it\/da\/wp-json\/wp\/v2\/pages\/11948","targetHints":{"allow":["GET"]}}],"collection":[{"href":"https:\/\/www.esorecycling.it\/da\/wp-json\/wp\/v2\/pages"}],"about":[{"href":"https:\/\/www.esorecycling.it\/da\/wp-json\/wp\/v2\/types\/page"}],"author":[{"embeddable":true,"href":"https:\/\/www.esorecycling.it\/da\/wp-json\/wp\/v2\/users\/1"}],"replies":[{"embeddable":true,"href":"https:\/\/www.esorecycling.it\/da\/wp-json\/wp\/v2\/comments?post=11948"}],"version-history":[{"count":3,"href":"https:\/\/www.esorecycling.it\/da\/wp-json\/wp\/v2\/pages\/11948\/revisions"}],"predecessor-version":[{"id":12066,"href":"https:\/\/www.esorecycling.it\/da\/wp-json\/wp\/v2\/pages\/11948\/revisions\/12066"}],"wp:attachment":[{"href":"https:\/\/www.esorecycling.it\/da\/wp-json\/wp\/v2\/media?parent=11948"}],"curies":[{"name":"wp","href":"https:\/\/api.w.org\/{rel}","templated":true}]}}