{"id":11949,"date":"2022-10-14T13:54:29","date_gmt":"2022-10-14T11:54:29","guid":{"rendered":"https:\/\/www.esorecycling.it\/contatti\/"},"modified":"2026-04-02T17:35:57","modified_gmt":"2026-04-02T15:35:57","slug":"kontakter","status":"publish","type":"page","link":"https:\/\/www.esorecycling.it\/da\/kontakter\/","title":{"rendered":"kontakter"},"content":{"rendered":"\n<section id=\"block_21030a48bea770a0c182b0b20c190349\" class=\"acf-block acf-block-occhiello-titolo-testo\">\n    <div class=\"container py-8\">\n        <div class=\"flex flex-col gap-4 text-center\">\n            <hgroup class=\"flex flex-col gap-1\">\n                <h2 class=\"uppercase font-medium\">Hvor er vi<\/h2>\n                <h2 class=\"text-lg lg:text-xl\">Kontakt<\/h1>\n            <\/hgroup>\n            <hr class=\"divider mx-auto\" \/>\n            <div class=\"\"><h3 style=\"text-align: left;\">Kontakter: Har du sp\u00f8rgsm\u00e5l, anmodninger om informationer, eller vil du uddybe projekterne hos <strong>ESO Recycling<\/strong>? Vi er her for at lytte til dig og guide dig mod de bedste l\u00f8sninger for <strong>genanvendelse af PPE, sportsmaterialer og tekstiler<\/strong>, der passer til dine behov. Nedenfor finder du alle vores kontaktoplysninger, s\u00e5 du kan komme i kontakt med vores team.<\/h3>\n<h3 style=\"text-align: left;\"><\/h3>\n<p style=\"text-align: left;\">Vores dedikerede team er klar til at st\u00f8tte dig i den b\u00e6redygtige affaldsh\u00e5ndtering, milj\u00f8r\u00e5dgivning og deltagelse i initiativer for <strong>cirkul\u00e6r \u00f8konomi<\/strong>. Udfyld formularen eller brug de direkte kontaktoplysninger for at modtage hurtig assistance, detaljer om tjenester eller information om partnerskaber og samarbejder.<\/p>\n<p style=\"text-align: left;\">Vi s\u00e6tter fokus p\u00e5 gennemsigtighed, effektivitet og milj\u00f8hensyn, fordi hver anmodning er et skridt mod en mere b\u00e6redygtig og ansvarlig fremtid.<\/p>\n<p style=\"text-align: left;\">\n<\/div>\n        <\/div>\n    <\/div>\n<\/section>\n\n\n\n<section id=\"block_37c0fa20ddc190ba238ea60bd3e67b8e\" class=\"acf-block acf-block-occhiello-titolo-testo\">\n    <div class=\"container py-8\">\n        <div class=\"flex flex-col gap-4 text-center\">\n            <hgroup class=\"flex flex-col gap-1\">\n                <h2 class=\"uppercase font-medium\"><\/h2>\n                <h2 class=\"text-lg lg:text-xl\"><\/h1>\n            <\/hgroup>\n            <hr class=\"divider mx-auto\" \/>\n            <div class=\"\"><p style=\"text-align: center;\"><strong>ESO RECYCLING Danmark ApS<\/strong><\/p>\n<p>&nbsp;<\/p>\n<p style=\"text-align: center;\">Registered office<br \/>\nBirk Centerpark 40<br \/>\nDK 7400 Herning<\/p>\n<p>&nbsp;<\/p>\n<p style=\"text-align: center;\">T +45 22 96 00 21<\/p>\n<p>&nbsp;<\/p>\n<p style=\"text-align: center;\">Registered Capital<br \/>\nDKK 20,000.00<\/p>\n<p>&nbsp;<\/p>\n<p style=\"text-align: center;\">E <a href=\"mailto:info@esorecycling.dk\">info@esorecycling.dk<\/a><br \/>\nCVR 45601854<\/p>\n<p>&nbsp;<\/p>\n<p style=\"text-align: center;\">Waste Register:<br \/>\nTransporter<\/p>\n<p>&nbsp;<\/p>\n<p>&nbsp;<\/p>\n<p>&nbsp;<\/p>\n<p style=\"text-align: center;\"><iframe loading=\"lazy\" style=\"border: 0;\" src=\"https:\/\/www.google.com\/maps\/embed?pb=!1m18!1m12!1m3!1d2223.6323951861636!2d9.023175677130586!3d56.12887587322569!2m3!1f0!2f0!3f0!3m2!1i1024!2i768!4f13.1!3m3!1m2!1s0x464bbc3b0c8f2c49%3A0x68ba7490eb2096bd!2sBirk%20Centerpark%2040%2C%207400%20Herning%2C%20Danimarca!5e0!3m2!1sit!2sit!4v1775061025812!5m2!1sit!2sit\" width=\"1200\" height=\"500\" allowfullscreen=\"allowfullscreen\"><span style=\"display: inline-block; width: 0px; overflow: hidden; line-height: 0;\" data-mce-type=\"bookmark\" class=\"mce_SELRES_start\">\ufeff<\/span><span style=\"display: inline-block; width: 0px; overflow: hidden; line-height: 0;\" data-mce-type=\"bookmark\" class=\"mce_SELRES_start\">\ufeff<\/span><span style=\"display: inline-block; width: 0px; overflow: hidden; line-height: 0;\" data-mce-type=\"bookmark\" class=\"mce_SELRES_start\">\ufeff<\/span><\/iframe><\/p>\n<\/div>\n        <\/div>\n    <\/div>\n<\/section>\n\n\n\n<section id=\"block_96bae3ef1b0bac368fb11486ae615a6f\" class=\"acf-block acf-block-occhiello-titolo-testo\">\n    <div class=\"container py-8\">\n        <div class=\"flex flex-col gap-4 text-center\">\n            <hgroup class=\"flex flex-col gap-1\">\n                <h2 class=\"uppercase font-medium\">Kontakt os<\/h2>\n                <h2 class=\"text-lg lg:text-xl\">Kontakt os for at f\u00e5 yderligere information<\/h1>\n            <\/hgroup>\n            <hr class=\"divider mx-auto\" \/>\n            <div class=\"\"><\/div>\n        <\/div>\n    <\/div>\n<\/section>\n\n\n\n<div class=\"wpcf7 no-js\" id=\"wpcf7-f12159-o1\" lang=\"da-DK\" dir=\"ltr\" data-wpcf7-id=\"12159\">\n<div class=\"screen-reader-response\"><p role=\"status\" aria-live=\"polite\" aria-atomic=\"true\"><\/p> <ul><\/ul><\/div>\n<form action=\"\/da\/wp-json\/wp\/v2\/pages\/11949#wpcf7-f12159-o1\" method=\"post\" class=\"wpcf7-form init\" aria-label=\"Contact form\" novalidate=\"novalidate\" data-status=\"init\">\n<fieldset class=\"hidden-fields-container\"><input type=\"hidden\" name=\"_wpcf7\" value=\"12159\" \/><input type=\"hidden\" name=\"_wpcf7_version\" value=\"6.1.1\" \/><input type=\"hidden\" name=\"_wpcf7_locale\" value=\"da_DK\" \/><input type=\"hidden\" name=\"_wpcf7_unit_tag\" value=\"wpcf7-f12159-o1\" \/><input type=\"hidden\" name=\"_wpcf7_container_post\" value=\"0\" \/><input type=\"hidden\" name=\"_wpcf7_posted_data_hash\" value=\"\" \/><input type=\"hidden\" name=\"_wpcf7_recaptcha_response\" value=\"\" \/>\n<\/fieldset>\n<p><label>Fornavn<span class=\"text-danger\">*<\/span><br \/>\n<span class=\"wpcf7-form-control-wrap\" data-name=\"first_name\"><input size=\"40\" maxlength=\"400\" class=\"wpcf7-form-control wpcf7-text wpcf7-validates-as-required form-control\" aria-required=\"true\" aria-invalid=\"false\" value=\"\" type=\"text\" name=\"first_name\" \/><\/span><br \/>\n<\/label>\n<\/p>\n<p><label>Efternavn<span class=\"text-danger\">*<\/span><br \/>\n<span class=\"wpcf7-form-control-wrap\" data-name=\"last_name\"><input size=\"40\" maxlength=\"400\" class=\"wpcf7-form-control wpcf7-text wpcf7-validates-as-required form-control\" aria-required=\"true\" aria-invalid=\"false\" value=\"\" type=\"text\" name=\"last_name\" \/><\/span><br \/>\n<\/label>\n<\/p>\n<p><label>Firma<span class=\"text-danger\">*<\/span><br \/>\n<span class=\"wpcf7-form-control-wrap\" data-name=\"company\"><input size=\"40\" maxlength=\"400\" class=\"wpcf7-form-control wpcf7-text wpcf7-validates-as-required form-control\" aria-required=\"true\" aria-invalid=\"false\" value=\"\" type=\"text\" name=\"company\" \/><\/span><br \/>\n<\/label>\n<\/p>\n<p><label>E-mail<span class=\"text-danger\">*<\/span><br \/>\n<span class=\"wpcf7-form-control-wrap\" data-name=\"user_email\"><input size=\"40\" maxlength=\"400\" class=\"wpcf7-form-control wpcf7-email wpcf7-validates-as-required wpcf7-text wpcf7-validates-as-email form-control\" aria-required=\"true\" aria-invalid=\"false\" value=\"\" type=\"email\" name=\"user_email\" \/><\/span><br \/>\n<\/label>\n<\/p>\n<p><label>Telefon<br \/>\n<span class=\"wpcf7-form-control-wrap\" data-name=\"phone\"><input size=\"40\" maxlength=\"400\" class=\"wpcf7-form-control wpcf7-text form-control\" aria-invalid=\"false\" value=\"\" type=\"text\" name=\"phone\" \/><\/span><br \/>\n<\/label>\n<\/p>\n<p><label>Mobiltelefon<br \/>\n<span class=\"wpcf7-form-control-wrap\" data-name=\"mobile\"><input size=\"40\" maxlength=\"400\" class=\"wpcf7-form-control wpcf7-text form-control\" aria-invalid=\"false\" value=\"\" type=\"text\" name=\"mobile\" \/><\/span><br \/>\n<\/label>\n<\/p>\n<p><label>Land<br \/>\n<span class=\"wpcf7-form-control-wrap\" data-name=\"country\"><input size=\"40\" maxlength=\"400\" class=\"wpcf7-form-control wpcf7-text form-control\" aria-invalid=\"false\" value=\"\" type=\"text\" name=\"country\" \/><\/span><br \/>\n<\/label>\n<\/p>\n<p><label>By<br \/>\n<span class=\"wpcf7-form-control-wrap\" data-name=\"city\"><input size=\"40\" maxlength=\"400\" class=\"wpcf7-form-control wpcf7-text form-control\" aria-invalid=\"false\" value=\"\" type=\"text\" name=\"city\" \/><\/span><br \/>\n<\/label>\n<\/p>\n<p><label>Detaljer om din foresp\u00f8rgsel<br \/>\n<span class=\"wpcf7-form-control-wrap\" data-name=\"request_detail\"><textarea cols=\"40\" rows=\"10\" maxlength=\"2000\" class=\"wpcf7-form-control wpcf7-textarea form-control\" aria-invalid=\"false\" name=\"request_detail\"><\/textarea><\/span><br \/>\n<\/label>\n<\/p>\n<p><span class=\"wpcf7-form-control-wrap\" data-name=\"privacy-acceptance\"><span class=\"wpcf7-form-control wpcf7-acceptance\"><span class=\"wpcf7-list-item\"><label><input type=\"checkbox\" name=\"privacy-acceptance\" value=\"1\" aria-invalid=\"false\" \/><span class=\"wpcf7-list-item-label\">Jeg har l\u00e6st <a href=\"\/informativa-privacy\/\">privatlivspolitikken<\/a> og accepterer behandlingen af mine data i henhold til GDPR.<\/span><\/label><\/span><\/span><\/span>\n<\/p>\n<p><input class=\"wpcf7-form-control wpcf7-submit has-spinner\" type=\"submit\" value=\"Send\" \/>\n<\/p><div class=\"wpcf7-response-output\" aria-hidden=\"true\"><\/div>\n<\/form>\n<\/div>\n\n\n\n\n<section id=\"block_857ccca8405cbcb11d750b49587f4314\" class=\"acf-block acf-block-occhiello-titolo-testo\">\n    <div class=\"container py-8\">\n        <div class=\"flex flex-col gap-4 text-center\">\n            <hgroup class=\"flex flex-col gap-1\">\n                <h2 class=\"uppercase font-medium\">Vores m\u00e6rker<\/h2>\n                <h2 class=\"text-lg lg:text-xl\">Affaldets lykkelige slutning<\/h1>\n            <\/hgroup>\n            <hr class=\"divider mx-auto\" \/>\n            <div class=\"\"><p><strong>Ejerm\u00e6rker<\/strong> af ESO RECYCLING<\/p>\n<\/div>\n        <\/div>\n    <\/div>\n<\/section>\n\n\n\n<section id=\"block_2cf6a960c9bc8a219cd93179ed13ff6f\" class=\"acf-block acf-block-partners\">\n\n\n    \n        <div class=\"container pb-16 px-8 lg:px-0\" x-data=\"{\n            init() {\n                new Splide(this.$refs.splide, {\n                    perPage: 4,\n                    pagination: 0,\n                    gap: 0,\n                    breakpoints: {\n                        640: {\n                            perPage: 1,\n                        },\n                    },\n                }).mount()\n            },\n        }\">\n\n            <div x-ref=\"splide\" class=\"splide\">\n                <div class=\"splide__track\">\n                    <ul class=\"splide__list items-stretch\">\n\n                                                    \n\n                            <li class=\"splide__slide flex items-stretch\">\n                                                                    <a href=\"https:\/\/www.eso.it\/\" target=\"_self\" class=\"w-full shadow-lg p-4 flex flex-col gap-4 justify-between items-start mx-2 my-4\" rel=\"noopener\">\n                                                                                    <img decoding=\"async\" src=\"https:\/\/www.esorecycling.it\/wp-content\/uploads\/2026\/02\/logo-eso-25-1-scaled.png\" title=\" \" class=\"max-w-[200px] self-center\" alt=\"eso logo\">\n                                                                                                                    <\/a>\n                                                            <\/li>\n\n                                                    \n\n                            <li class=\"splide__slide flex items-stretch\">\n                                                                    <a href=\"https:\/\/backtowork.eso.it\/\" target=\"_self\" class=\"w-full shadow-lg p-4 flex flex-col gap-4 justify-between items-start mx-2 my-4\" rel=\"noopener\">\n                                                                                    <img decoding=\"async\" src=\"https:\/\/www.esorecycling.it\/wp-content\/uploads\/2025\/07\/back-to-work-800x800-1.png\" title=\" \" class=\"max-w-[200px] self-center\" alt=\"\">\n                                                                                                                    <\/a>\n                                                            <\/li>\n\n                                                    \n\n                            <li class=\"splide__slide flex items-stretch\">\n                                                                    <a href=\"https:\/\/www.esosport.it\/\" target=\"_self\" class=\"w-full shadow-lg p-4 flex flex-col gap-4 justify-between items-start mx-2 my-4\" rel=\"noopener\">\n                                                                                    <img decoding=\"async\" src=\"https:\/\/www.esorecycling.it\/wp-content\/uploads\/2025\/07\/esosport-800x800-1.png\" title=\" \" class=\"max-w-[200px] self-center\" alt=\"\">\n                                                                                                                    <\/a>\n                                                            <\/li>\n\n                                                    \n\n                            <li class=\"splide__slide flex items-stretch\">\n                                                                    <a href=\"https:\/\/esoweb.it\/\" target=\"_self\" class=\"w-full shadow-lg p-4 flex flex-col gap-4 justify-between items-start mx-2 my-4\" rel=\"noopener\">\n                                                                                    <img decoding=\"async\" src=\"https:\/\/www.esorecycling.it\/wp-content\/uploads\/2026\/02\/esoweb_logo_top2-1.png\" title=\" \" class=\"max-w-[200px] self-center\" alt=\"esoweb logo\">\n                                                                                                                    <\/a>\n                                                            <\/li>\n\n                                                    \n\n                            <li class=\"splide__slide flex items-stretch\">\n                                                                    <a href=\"http:\/\/shop.esoweb.it\" target=\"_self\" class=\"w-full shadow-lg p-4 flex flex-col gap-4 justify-between items-start mx-2 my-4\" rel=\"noopener\">\n                                                                                    <img decoding=\"async\" src=\"https:\/\/www.esorecycling.it\/wp-content\/uploads\/2025\/10\/thumbnail_ESOSHOP-logo-1.png\" title=\" \" class=\"max-w-[200px] self-center\" alt=\"Logo di ESO Shop\">\n                                                                                                                    <\/a>\n                                                            <\/li>\n\n                                                    \n\n                            <li class=\"splide__slide flex items-stretch\">\n                                                                    <a href=\"https:\/\/www.esosport.it\/il-giardino-di-betty-progetto-esosport-di-solidarieta\/\" target=\"_self\" class=\"w-full shadow-lg p-4 flex flex-col gap-4 justify-between items-start mx-2 my-4\" rel=\"noopener\">\n                                                                                    <img decoding=\"async\" src=\"https:\/\/www.esorecycling.it\/wp-content\/uploads\/2025\/07\/il-giardino-di-betty-800x800-1.png\" title=\" \" class=\"max-w-[200px] self-center\" alt=\"\">\n                                                                                                                    <\/a>\n                                                            <\/li>\n\n                                                    \n\n                            <li class=\"splide__slide flex items-stretch\">\n                                                                    <a href=\"https:\/\/www.esosport.it\/pista-di-filippide-sport-e-inclusione-per-tutti\/\" target=\"_self\" class=\"w-full shadow-lg p-4 flex flex-col gap-4 justify-between items-start mx-2 my-4\" rel=\"noopener\">\n                                                                                    <img decoding=\"async\" src=\"https:\/\/www.esorecycling.it\/wp-content\/uploads\/2025\/07\/la-pista-di-filippide-800x800-1.png\" title=\" \" class=\"max-w-[200px] self-center\" alt=\"\">\n                                                                                                                    <\/a>\n                                                            <\/li>\n\n                                                    \n\n                            <li class=\"splide__slide flex items-stretch\">\n                                                                    <a href=\"https:\/\/shop.esoweb.it\/categoria-prodotto\/medal-book\/\" target=\"_self\" class=\"w-full shadow-lg p-4 flex flex-col gap-4 justify-between items-start mx-2 my-4\" rel=\"noopener\">\n                                                                                    <img decoding=\"async\" src=\"https:\/\/www.esorecycling.it\/wp-content\/uploads\/2025\/07\/mb-800x800-2.png\" title=\" \" class=\"max-w-[200px] self-center\" alt=\"\">\n                                                                                                                    <\/a>\n                                                            <\/li>\n\n                                                    \n\n                            <li class=\"splide__slide flex items-stretch\">\n                                                                    <a href=\"https:\/\/shop.esoweb.it\/categoria-prodotto\/medal-in-frame\/\" target=\"_self\" class=\"w-full shadow-lg p-4 flex flex-col gap-4 justify-between items-start mx-2 my-4\" rel=\"noopener\">\n                                                                                    <img decoding=\"async\" src=\"https:\/\/www.esorecycling.it\/wp-content\/uploads\/2025\/07\/mif-800x800-2.png\" title=\" \" class=\"max-w-[200px] self-center\" alt=\"\">\n                                                                                                                    <\/a>\n                                                            <\/li>\n\n                                                    \n\n                            <li class=\"splide__slide flex items-stretch\">\n                                                                    <a href=\"https:\/\/shop.esoweb.it\/categoria-prodotto\/medal-metal\/\" target=\"_self\" class=\"w-full shadow-lg p-4 flex flex-col gap-4 justify-between items-start mx-2 my-4\" rel=\"noopener\">\n                                                                                    <img decoding=\"async\" src=\"https:\/\/www.esorecycling.it\/wp-content\/uploads\/2025\/07\/mm-800x800-2.png\" title=\" \" class=\"max-w-[200px] self-center\" alt=\"\">\n                                                                                                                    <\/a>\n                                                            <\/li>\n\n                                                    \n\n                            <li class=\"splide__slide flex items-stretch\">\n                                                                    <a href=\"https:\/\/shop.esoweb.it\/categoria-prodotto\/medaglie\/\" target=\"_self\" class=\"w-full shadow-lg p-4 flex flex-col gap-4 justify-between items-start mx-2 my-4\" rel=\"noopener\">\n                                                                                    <img decoding=\"async\" src=\"https:\/\/www.esorecycling.it\/wp-content\/uploads\/2025\/07\/re-medal-800x800-2.png\" title=\" \" class=\"max-w-[200px] self-center\" alt=\"\">\n                                                                                                                    <\/a>\n                                                            <\/li>\n\n                        \n                    <\/ul>\n                <\/div>\n            <\/div>\n\n        <\/div>\n\n    \n<\/section>\n","protected":false},"excerpt":{"rendered":"","protected":false},"author":1,"featured_media":0,"parent":0,"menu_order":0,"comment_status":"closed","ping_status":"closed","template":"","meta":{"footnotes":""},"class_list":["post-11949","page","type-page","status-publish","hentry"],"acf":[],"_links":{"self":[{"href":"https:\/\/www.esorecycling.it\/da\/wp-json\/wp\/v2\/pages\/11949","targetHints":{"allow":["GET"]}}],"collection":[{"href":"https:\/\/www.esorecycling.it\/da\/wp-json\/wp\/v2\/pages"}],"about":[{"href":"https:\/\/www.esorecycling.it\/da\/wp-json\/wp\/v2\/types\/page"}],"author":[{"embeddable":true,"href":"https:\/\/www.esorecycling.it\/da\/wp-json\/wp\/v2\/users\/1"}],"replies":[{"embeddable":true,"href":"https:\/\/www.esorecycling.it\/da\/wp-json\/wp\/v2\/comments?post=11949"}],"version-history":[{"count":88,"href":"https:\/\/www.esorecycling.it\/da\/wp-json\/wp\/v2\/pages\/11949\/revisions"}],"predecessor-version":[{"id":12278,"href":"https:\/\/www.esorecycling.it\/da\/wp-json\/wp\/v2\/pages\/11949\/revisions\/12278"}],"wp:attachment":[{"href":"https:\/\/www.esorecycling.it\/da\/wp-json\/wp\/v2\/media?parent=11949"}],"curies":[{"name":"wp","href":"https:\/\/api.w.org\/{rel}","templated":true}]}}