{"id":11950,"date":"2022-10-14T13:53:34","date_gmt":"2022-10-14T11:53:34","guid":{"rendered":"https:\/\/www.esorecycling.it\/eso-recycling-visione-futuro-circolare\/"},"modified":"2026-04-01T15:56:37","modified_gmt":"2026-04-01T13:56:37","slug":"eso-recycling-visionen","status":"publish","type":"page","link":"https:\/\/www.esorecycling.it\/da\/eso-recycling-visionen\/","title":{"rendered":"Vision"},"content":{"rendered":"\n<section id=\"block_cb349b0470892381e4722e4e7c3f14cc\" class=\"acf-block acf-block-immagine-principale\">\n\n    \n    <div class=\"flex items-center bg-center bg-cover bg-no-repeat min-h-[70vh]\" style=\"background-image: url('https:\/\/www.esorecycling.it\/wp-content\/uploads\/2022\/10\/vision-hero-section.jpg')\">\n        <div class=\"container py-16\">\n            <div class=\"flex flex-col text-white gap-4 items-center text-center\">\n                <h1 class=\"text-xl lg:text-2xl font-black reveal\">VORES VISION<\/h1>\n                <p class=\"reveal\"><\/p>\n                            <\/div>\n        <\/div>\n    <\/div>\n\n<\/section>\n\n\n\n<section id=\"block_89e3caa6e50efa1b94dd991c65e8dfd3\" class=\"acf-block acf-block-occhiello-titolo-testo\">\n    <div class=\"container py-8\">\n        <div class=\"flex flex-col gap-4 text-center\">\n            <hgroup class=\"flex flex-col gap-1\">\n                <h2 class=\"uppercase font-medium\"><\/h2>\n                <h2 class=\"text-lg lg:text-xl\">Cirkul\u00e6r &#8211; B\u00e6redygtig &#8211; Delt<\/h1>\n            <\/hgroup>\n            <hr class=\"divider mx-auto\" \/>\n            <div class=\"\"><\/div>\n        <\/div>\n    <\/div>\n<\/section>\n\n\n\n<section id=\"block_46d56264426905ff6f22ef912640d548\" class=\"acf-block acf-block-griglia-alternata\">\n\n    \n        <div>\n\n            \n                \n                <div class=\"reveal group grid lg:grid-cols-2 bg-cover bg-center lg:min-h-[500px]\" style=\"background-image: url('https:\/\/www.esorecycling.it\/wp-content\/uploads\/2022\/10\/shutterstock_1728412366-scaled-e1757589092840.jpg')\">\n\n                    <div class=\"group-odd:col-start-2 flex flex-col gap-4 justify-center bg-white bg-opacity-90 border-b-[20px] border-primary p-8 lg:p-16\">\n                        <hr class=\"divider bg-secondary-light\">\n                        <h2 class=\"font-bold\">Cirkul\u00e6r for alvor<\/h2>\n                        <p><h3>Vores vision<\/h3>\n<p>&nbsp;<\/p>\n<p style=\"text-align: left;\"><strong>Fra den udtjente genstand<\/strong>, fra affald til <strong>nyttigt r\u00e5materiale<\/strong>, vi omdanner det, der virker unyttigt, til noget helt nyt og funktionelt. Hvert genvundet materiale bliver en v\u00e6rdifuld ressource, klar til at blive genbrugt i produktionen og bidrage til en mere b\u00e6redygtig og innovativ <strong>cirkul\u00e6r \u00f8konomi<\/strong>. Takket v\u00e6re vores avancerede processer for indsamling, selektion og genbrug, bliver hvert affald maksimalt v\u00e6rdsat, og skaber nye muligheder for industrien og samfundet.<\/p>\n<p>&nbsp;<\/p>\n<p style=\"text-align: left;\">Mere cirkul\u00e6rt end dette&#8230; <strong>genvinding og genbrug af affald<\/strong> reducerer ikke kun den milj\u00f8m\u00e6ssige p\u00e5virkning og forbruget af ikke-vedvarende ressourcer, men skaber ogs\u00e5 konkret v\u00e6rdi for virksomheder, samfund og lokalsamfund. Gennem en ansvarlig og gennemsigtig tilgang omdanner vi affald og udtjente materialer til h\u00f8jkvalitetsprodukter, der er sikre, holdbare og b\u00e6redygtige, og vi viser, hvordan innovativ affaldsh\u00e5ndtering kan blive en reel drivkraft for innovation og \u00f8konomisk v\u00e6kst.<\/p>\n<p>&nbsp;<\/p>\n<p style=\"text-align: left;\">Vores engagement g\u00e5r ud over den simple transformation af materialer: vi fremmer en kultur af <strong>b\u00e6redygtighed<\/strong>, og bevidstg\u00f8r interessenter og borgere om vigtigheden af <strong>genbrug, genvinding og upcycling<\/strong> for at skabe en gr\u00f8nnere og mere cirkul\u00e6r fremtid, hvor hvert affald er en ressource, der skal v\u00e6rds\u00e6ttes, og hver handling bidrager til at beskytte milj\u00f8et og styrke det sociale f\u00e6llesskab.<\/p>\n<\/p>\n                    <\/div>\n\n                <\/div>\n\n            \n                \n                <div class=\"reveal group grid lg:grid-cols-2 bg-cover bg-center lg:min-h-[500px]\" style=\"background-image: url('https:\/\/www.esorecycling.it\/wp-content\/uploads\/2022\/10\/shutterstock_1883380231-scaled-e1757589158612.jpg')\">\n\n                    <div class=\"group-odd:col-start-2 flex flex-col gap-4 justify-center bg-white bg-opacity-90 border-b-[20px] border-primary p-8 lg:p-16\">\n                        <hr class=\"divider bg-secondary-light\">\n                        <h2 class=\"font-bold\">B\u00e6redygtig som ingen andre<\/h2>\n                        <p><p style=\"text-align: left;\"><strong>B\u00e6redygtighed og reduktion af forbruget af ikke-vedvarende ressourcer er nogle af de mest presserende globale udfordringer<\/strong>. Hvert \u00e5r ender millioner af tons materialer p\u00e5 lossepladsen, hvilket bidrager til forurening og spild af v\u00e6rdifulde ressourcer. F\u00f8r os var den mest almindelige l\u00f8sning netop at bortskaffe affald p\u00e5 lossepladsen uden nogen form for genbrug.<\/p>\n<p>&nbsp;<\/p>\n<p style=\"text-align: left;\">I dag, takket v\u00e6re avancerede processer for <strong>upcycling af affald<\/strong> og <strong>b\u00e6redygtig h\u00e5ndtering af materialer<\/strong>, omdanner vi det, der blev betragtet som affald, til nyttige ressourcer, hvilket bidrager til en <strong>cirkul\u00e6r \u00f8konomi<\/strong>, der reducerer den milj\u00f8m\u00e6ssige p\u00e5virkning og skaber konkret v\u00e6rdi for samfundet, virksomheder og lokalomr\u00e5det.<\/p>\n<p>&nbsp;<\/p>\n<p style=\"text-align: left;\">Vores tilgang viser, at <strong>b\u00e6redygtighed<\/strong> ikke kun er et ansvar, men ogs\u00e5 en mulighed for at innovere, skabe nye materialer og fremme en gr\u00f8nnere og mere ansvarlig fremtid.<\/p>\n<\/p>\n                    <\/div>\n\n                <\/div>\n\n            \n                \n                <div class=\"reveal group grid lg:grid-cols-2 bg-cover bg-center lg:min-h-[500px]\" style=\"background-image: url('https:\/\/www.esorecycling.it\/wp-content\/uploads\/2022\/10\/shutterstock_2131349647-scaled-e1757589138250.jpg')\">\n\n                    <div class=\"group-odd:col-start-2 flex flex-col gap-4 justify-center bg-white bg-opacity-90 border-b-[20px] border-primary p-8 lg:p-16\">\n                        <hr class=\"divider bg-secondary-light\">\n                        <h2 class=\"font-bold\">Socialt og delt<\/h2>\n                        <p><p style=\"text-align: left;\"><strong>Med os vender affaldet, der var beregnet til deponi, tilbage til livet p\u00e5 omr\u00e5det<\/strong>, og omdannes til en v\u00e6rdifuld ressource for lokalsamfundet. Takket v\u00e6re vores <strong>genbrugs- og upcyclingprocesser<\/strong>, bliver materialer, der syntes at v\u00e6re v\u00e6rdil\u00f8se, genindf\u00f8rt i en virtuel cyklus, og bidrager til at skabe nyttige og b\u00e6redygtige offentlige rum.<\/p>\n<p>&nbsp;<\/p>\n<p style=\"text-align: left;\">Disse materialer bliver en del af en social kontekst opm\u00e6rksom p\u00e5 <strong>solidaritet<\/strong> og <strong>f\u00e6lles gavn<\/strong>, s\u00e5som sikre legepladser, moderne sportsanl\u00e6g og rekreative omr\u00e5der, der forener funktionalitet, sikkerhed og respekt for milj\u00f8et. P\u00e5 denne m\u00e5de bliver affaldsh\u00e5ndtering en konkret mulighed for at fremme en <strong>cirkul\u00e6r \u00f8konomi<\/strong> og v\u00e6rds\u00e6tte lokale ressourcer, hvilket genererer en positiv indvirkning p\u00e5 omr\u00e5det og de samfund, der bor der.<\/p>\n<\/p>\n                    <\/div>\n\n                <\/div>\n\n            \n                \n                <div class=\"reveal group grid lg:grid-cols-2 bg-cover bg-center lg:min-h-[500px]\" style=\"background-image: url('https:\/\/www.esorecycling.it\/wp-content\/uploads\/2022\/10\/shutterstock_224203147-scaled.jpg')\">\n\n                    <div class=\"group-odd:col-start-2 flex flex-col gap-4 justify-center bg-white bg-opacity-90 border-b-[20px] border-primary p-8 lg:p-16\">\n                        <hr class=\"divider bg-secondary-light\">\n                        <h2 class=\"font-bold\">V\u00e6rdierne<\/h2>\n                        <p><p style=\"text-align: left;\"><strong>Vores kompas peger direkte mod den cirkul\u00e6re \u00f8konomi<\/strong>, drevet af klare principper, der afspejler vores grundl\u00e6ggende v\u00e6rdier. Vores tilgang repr\u00e6senterer en etisk, ansvarlig og solidarisk m\u00e5de at drive forretning p\u00e5, hvor hvert projekt ikke kun skaber \u00f8konomisk v\u00e6rdi, men ogs\u00e5 har en positiv indvirkning p\u00e5 milj\u00f8et og samfundet.<\/p>\n<p>&nbsp;<\/p>\n<p style=\"text-align: left;\">Vore n\u00f8glepunkter er:<\/p>\n<p>&nbsp;<\/p>\n<ul style=\"list-style: none; padding-left: 0;\">\n<li>\u2714\ufe0f <strong>Den milj\u00f8m\u00e6ssige b\u00e6redygtighed af vores projekter forbundet med det sociale<\/strong> \u2014 hver initiativ er designet til at reducere den milj\u00f8m\u00e6ssige p\u00e5virkning og skabe konkrete fordele for samfundet.<\/li>\n<li><\/li>\n<li><\/li>\n<li>\u2714\ufe0f <strong>Den \u00f8konomiske b\u00e6redygtighed for jer og for os<\/strong> \u2014 vi garanterer effektive og fordelagtige l\u00f8sninger, der skaber delt v\u00e6rdi for kunder, partnere og lokalsamfund.<\/li>\n<li><\/li>\n<li><\/li>\n<li>\u2714\ufe0f <strong>Produktkvaliteten<\/strong> \u2014 materialer, der er genvundet og transformeret i henhold til de h\u00f8jeste standarder, for at sikre holdbarhed, sikkerhed og p\u00e5lidelighed.<\/li>\n<li><\/li>\n<\/ul>\n<p style=\"text-align: left;\">Gennem denne integrerede tilgang viser ESO RECYCLING, at en forretningsmodel baseret p\u00e5 <strong>cirkul\u00e6r \u00f8konomi<\/strong> og <strong>socialt ansvar<\/strong> ikke kun kan v\u00e6re b\u00e6redygtig, men ogs\u00e5 innovativ og fordelagtig for alle involverede interessenter.<\/p>\n<\/p>\n                    <\/div>\n\n                <\/div>\n\n            \n        <\/div>\n\n    \n<\/section>\n\n\n\n<section id=\"block_c30e3daa20060d92ac8fa61ea74183c6\" class=\"acf-block acf-block-occhiello-titolo-testo\">\n    <div class=\"container py-8\">\n        <div class=\"flex flex-col gap-4 text-center\">\n            <hgroup class=\"flex flex-col gap-1\">\n                <h2 class=\"uppercase font-medium\">Vores m\u00e6rker<\/h2>\n                <h2 class=\"text-lg lg:text-xl\">Affaldets lykkelige slutning<\/h1>\n            <\/hgroup>\n            <hr class=\"divider mx-auto\" \/>\n            <div class=\"\"><p><strong>Egne m\u00e6rker<\/strong> af ESO RECYCLING<\/p>\n<\/div>\n        <\/div>\n    <\/div>\n<\/section>\n\n\n\n<section id=\"block_866b937c6429b42eed7199bf92408140\" class=\"acf-block acf-block-partners\">\n\n\n    \n        <div class=\"container pb-16 px-8 lg:px-0\" x-data=\"{\n            init() {\n                new Splide(this.$refs.splide, {\n                    perPage: 4,\n                    pagination: 0,\n                    gap: 0,\n                    breakpoints: {\n                        640: {\n                            perPage: 1,\n                        },\n                    },\n                }).mount()\n            },\n        }\">\n\n            <div x-ref=\"splide\" class=\"splide\">\n                <div class=\"splide__track\">\n                    <ul class=\"splide__list items-stretch\">\n\n                                                    \n\n                            <li class=\"splide__slide flex items-stretch\">\n                                                                    <a href=\"https:\/\/www.eso.it\/\" target=\"_self\" class=\"w-full shadow-lg p-4 flex flex-col gap-4 justify-between items-start mx-2 my-4\" rel=\"noopener\">\n                                                                                    <img decoding=\"async\" src=\"https:\/\/www.esorecycling.it\/wp-content\/uploads\/2026\/02\/logo-eso-25-1-scaled.png\" title=\" \" class=\"max-w-[200px] self-center\" alt=\"eso logo\">\n                                                                                                                    <\/a>\n                                                            <\/li>\n\n                                                    \n\n                            <li class=\"splide__slide flex items-stretch\">\n                                                                    <a href=\"https:\/\/backtowork.eso.it\/\" target=\"_self\" class=\"w-full shadow-lg p-4 flex flex-col gap-4 justify-between items-start mx-2 my-4\" rel=\"noopener\">\n                                                                                    <img decoding=\"async\" src=\"https:\/\/www.esorecycling.it\/wp-content\/uploads\/2025\/07\/back-to-work-800x800-1.png\" title=\" \" class=\"max-w-[200px] self-center\" alt=\"\">\n                                                                                                                    <\/a>\n                                                            <\/li>\n\n                                                    \n\n                            <li class=\"splide__slide flex items-stretch\">\n                                                                    <a href=\"https:\/\/www.esosport.it\/\" target=\"_self\" class=\"w-full shadow-lg p-4 flex flex-col gap-4 justify-between items-start mx-2 my-4\" rel=\"noopener\">\n                                                                                    <img decoding=\"async\" src=\"https:\/\/www.esorecycling.it\/wp-content\/uploads\/2025\/07\/esosport-800x800-1.png\" title=\" \" class=\"max-w-[200px] self-center\" alt=\"\">\n                                                                                                                    <\/a>\n                                                            <\/li>\n\n                                                    \n\n                            <li class=\"splide__slide flex items-stretch\">\n                                                                    <a href=\"https:\/\/esoweb.it\/\" target=\"_self\" class=\"w-full shadow-lg p-4 flex flex-col gap-4 justify-between items-start mx-2 my-4\" rel=\"noopener\">\n                                                                                    <img decoding=\"async\" src=\"https:\/\/www.esorecycling.it\/wp-content\/uploads\/2026\/02\/esoweb_logo_top2-1.png\" title=\" \" class=\"max-w-[200px] self-center\" alt=\"esoweb logo\">\n                                                                                                                    <\/a>\n                                                            <\/li>\n\n                                                    \n\n                            <li class=\"splide__slide flex items-stretch\">\n                                                                    <a href=\"http:\/\/shop.esoweb.it\" target=\"_self\" class=\"w-full shadow-lg p-4 flex flex-col gap-4 justify-between items-start mx-2 my-4\" rel=\"noopener\">\n                                                                                    <img decoding=\"async\" src=\"https:\/\/www.esorecycling.it\/wp-content\/uploads\/2025\/10\/thumbnail_ESOSHOP-logo-1.png\" title=\" \" class=\"max-w-[200px] self-center\" alt=\"Logo di ESO Shop\">\n                                                                                                                    <\/a>\n                                                            <\/li>\n\n                                                    \n\n                            <li class=\"splide__slide flex items-stretch\">\n                                                                    <a href=\"https:\/\/www.esosport.it\/il-giardino-di-betty-progetto-esosport-di-solidarieta\/\" target=\"_self\" class=\"w-full shadow-lg p-4 flex flex-col gap-4 justify-between items-start mx-2 my-4\" rel=\"noopener\">\n                                                                                    <img decoding=\"async\" src=\"https:\/\/www.esorecycling.it\/wp-content\/uploads\/2025\/07\/il-giardino-di-betty-800x800-1.png\" title=\" \" class=\"max-w-[200px] self-center\" alt=\"\">\n                                                                                                                    <\/a>\n                                                            <\/li>\n\n                                                    \n\n                            <li class=\"splide__slide flex items-stretch\">\n                                                                    <a href=\"https:\/\/www.esosport.it\/pista-di-filippide-sport-e-inclusione-per-tutti\/\" target=\"_self\" class=\"w-full shadow-lg p-4 flex flex-col gap-4 justify-between items-start mx-2 my-4\" rel=\"noopener\">\n                                                                                    <img decoding=\"async\" src=\"https:\/\/www.esorecycling.it\/wp-content\/uploads\/2025\/07\/la-pista-di-filippide-800x800-1.png\" title=\" \" class=\"max-w-[200px] self-center\" alt=\"\">\n                                                                                                                    <\/a>\n                                                            <\/li>\n\n                                                    \n\n                            <li class=\"splide__slide flex items-stretch\">\n                                                                    <a href=\"https:\/\/shop.esoweb.it\/categoria-prodotto\/medal-book\/\" target=\"_self\" class=\"w-full shadow-lg p-4 flex flex-col gap-4 justify-between items-start mx-2 my-4\" rel=\"noopener\">\n                                                                                    <img decoding=\"async\" src=\"https:\/\/www.esorecycling.it\/wp-content\/uploads\/2025\/07\/mb-800x800-2.png\" title=\" \" class=\"max-w-[200px] self-center\" alt=\"\">\n                                                                                                                    <\/a>\n                                                            <\/li>\n\n                                                    \n\n                            <li class=\"splide__slide flex items-stretch\">\n                                                                    <a href=\"https:\/\/shop.esoweb.it\/categoria-prodotto\/medal-in-frame\/\" target=\"_self\" class=\"w-full shadow-lg p-4 flex flex-col gap-4 justify-between items-start mx-2 my-4\" rel=\"noopener\">\n                                                                                    <img decoding=\"async\" src=\"https:\/\/www.esorecycling.it\/wp-content\/uploads\/2025\/07\/mif-800x800-2.png\" title=\" \" class=\"max-w-[200px] self-center\" alt=\"\">\n                                                                                                                    <\/a>\n                                                            <\/li>\n\n                                                    \n\n                            <li class=\"splide__slide flex items-stretch\">\n                                                                    <a href=\"https:\/\/shop.esoweb.it\/categoria-prodotto\/medal-metal\/\" target=\"_self\" class=\"w-full shadow-lg p-4 flex flex-col gap-4 justify-between items-start mx-2 my-4\" rel=\"noopener\">\n                                                                                    <img decoding=\"async\" src=\"https:\/\/www.esorecycling.it\/wp-content\/uploads\/2025\/07\/mm-800x800-2.png\" title=\" \" class=\"max-w-[200px] self-center\" alt=\"\">\n                                                                                                                    <\/a>\n                                                            <\/li>\n\n                                                    \n\n                            <li class=\"splide__slide flex items-stretch\">\n                                                                    <a href=\"https:\/\/shop.esoweb.it\/categoria-prodotto\/medaglie\/\" target=\"_self\" class=\"w-full shadow-lg p-4 flex flex-col gap-4 justify-between items-start mx-2 my-4\" rel=\"noopener\">\n                                                                                    <img decoding=\"async\" src=\"https:\/\/www.esorecycling.it\/wp-content\/uploads\/2025\/07\/re-medal-800x800-2.png\" title=\" \" class=\"max-w-[200px] self-center\" alt=\"\">\n                                                                                                                    <\/a>\n                                                            <\/li>\n\n                        \n                    <\/ul>\n                <\/div>\n            <\/div>\n\n        <\/div>\n\n    \n<\/section>\n\n\n\n<p><\/p>\n","protected":false},"excerpt":{"rendered":"","protected":false},"author":1,"featured_media":0,"parent":0,"menu_order":0,"comment_status":"closed","ping_status":"closed","template":"","meta":{"footnotes":""},"class_list":["post-11950","page","type-page","status-publish","hentry"],"acf":[],"_links":{"self":[{"href":"https:\/\/www.esorecycling.it\/da\/wp-json\/wp\/v2\/pages\/11950","targetHints":{"allow":["GET"]}}],"collection":[{"href":"https:\/\/www.esorecycling.it\/da\/wp-json\/wp\/v2\/pages"}],"about":[{"href":"https:\/\/www.esorecycling.it\/da\/wp-json\/wp\/v2\/types\/page"}],"author":[{"embeddable":true,"href":"https:\/\/www.esorecycling.it\/da\/wp-json\/wp\/v2\/users\/1"}],"replies":[{"embeddable":true,"href":"https:\/\/www.esorecycling.it\/da\/wp-json\/wp\/v2\/comments?post=11950"}],"version-history":[{"count":6,"href":"https:\/\/www.esorecycling.it\/da\/wp-json\/wp\/v2\/pages\/11950\/revisions"}],"predecessor-version":[{"id":12081,"href":"https:\/\/www.esorecycling.it\/da\/wp-json\/wp\/v2\/pages\/11950\/revisions\/12081"}],"wp:attachment":[{"href":"https:\/\/www.esorecycling.it\/da\/wp-json\/wp\/v2\/media?parent=11950"}],"curies":[{"name":"wp","href":"https:\/\/api.w.org\/{rel}","templated":true}]}}